{"id":19179,"date":"2025-11-07T20:16:06","date_gmt":"2025-11-02T14:06:30","guid":{"rendered":"https:\/\/modesthanim.com\/product\/dogal-renkte-antik-lotus-cicegi-nakisli-takim\/"},"modified":"2026-04-02T22:05:03","modified_gmt":"2026-04-02T22:05:03","slug":"dogal-renkte-antik-lotus-cicegi-nakisli-takim","status":"publish","type":"product","link":"https:\/\/mod.wisdar.net\/tr\/urun\/dogal-renkte-antik-lotus-cicegi-nakisli-takim\/","title":{"rendered":"Do\u011fal Renkte Antik Lotus \u00c7i\u00e7e\u011fi Nak\u0131\u015fl\u0131 Tak\u0131m"},"content":{"rendered":"<p>\u00d6n k\u0131sm\u0131nda toplanm\u0131\u015f detay, keten kar\u0131\u015f\u0131m\u0131 kuma\u015f, nak\u0131\u015f detaylar\u0131, geni\u015f kollu kimono ve nak\u0131\u015fl\u0131 pa\u00e7alara sahip culotte tarz\u0131 pantolonlar i\u00e7erir.<\/p>\n<p>Beden 1 (36-38): Uzunluk: 73 cm, Kol Uzunlu\u011fu: 58 cm, Omuz Geni\u015fli\u011fi: 13 cm, G\u00f6\u011f\u00fcs: 54 cm, Bel: 42 cm, Pantolon Uzunlu\u011fu: 90 cm, Pantolon Beli: 43 cm, Pantolon Pa\u00e7as\u0131: 29 cm.<\/p>\n<p>Beden 2 (40-42): Uzunluk: 73 cm, Kol Uzunlu\u011fu: 58 cm, Omuz Geni\u015fli\u011fi: 14 cm, G\u00f6\u011f\u00fcs: 57 cm, Bel: 42 cm, Pantolon Uzunlu\u011fu: 90 cm, Pantolon Beli: 46 cm, Pantolon Pa\u00e7as\u0131: 29.5 cm.<\/p>\n","protected":false},"excerpt":{"rendered":"<p>\u00d6n k\u0131sm\u0131nda toplanm\u0131\u015f detay, keten kar\u0131\u015f\u0131m\u0131 kuma\u015f, nak\u0131\u015f detaylar\u0131, geni\u015f kollu kimono ve nak\u0131\u015fl\u0131 pa\u00e7alara sahip culotte tarz\u0131 pantolonlar i\u00e7erir. Beden 1 (36-38): Uzunluk: 73 cm, Kol Uzunlu\u011fu: 58 cm, Omuz Geni\u015fli\u011fi: 13 cm, G\u00f6\u011f\u00fcs: 54 cm, Bel: 42 cm, Pantolon Uzunlu\u011fu: 90 cm, Pantolon Beli: 43 cm, Pantolon Pa\u00e7as\u0131: 29 cm. Beden 2 (40-42): [&hellip;]<\/p>\n","protected":false},"featured_media":0,"comment_status":"open","ping_status":"closed","template":"","meta":[],"product_brand":[],"product_cat":[1900],"product_tag":[3703,3705,3048,3180,3704,3674],"class_list":{"0":"post-19179","1":"product","2":"type-product","3":"status-publish","5":"product_cat-koordinatlar-setler","6":"product_tag-antique","7":"product_tag-culotte","8":"product_tag-embroidery","9":"product_tag-kimono","10":"product_tag-lotus","11":"product_tag-natural","12":"pa_brand-fahhar","13":"pa_color-naturel","14":"pa_size-1-36-38","15":"pa_size-2-40-42","17":"first","18":"outofstock","19":"shipping-taxable","20":"product-type-variable"},"_links":{"self":[{"href":"https:\/\/mod.wisdar.net\/tr\/wp-json\/wp\/v2\/product\/19179","targetHints":{"allow":["GET"]}}],"collection":[{"href":"https:\/\/mod.wisdar.net\/tr\/wp-json\/wp\/v2\/product"}],"about":[{"href":"https:\/\/mod.wisdar.net\/tr\/wp-json\/wp\/v2\/types\/product"}],"replies":[{"embeddable":true,"href":"https:\/\/mod.wisdar.net\/tr\/wp-json\/wp\/v2\/comments?post=19179"}],"wp:attachment":[{"href":"https:\/\/mod.wisdar.net\/tr\/wp-json\/wp\/v2\/media?parent=19179"}],"wp:term":[{"taxonomy":"product_brand","embeddable":true,"href":"https:\/\/mod.wisdar.net\/tr\/wp-json\/wp\/v2\/product_brand?post=19179"},{"taxonomy":"product_cat","embeddable":true,"href":"https:\/\/mod.wisdar.net\/tr\/wp-json\/wp\/v2\/product_cat?post=19179"},{"taxonomy":"product_tag","embeddable":true,"href":"https:\/\/mod.wisdar.net\/tr\/wp-json\/wp\/v2\/product_tag?post=19179"}],"curies":[{"name":"wp","href":"https:\/\/api.w.org\/{rel}","templated":true}]}}