{"id":192028,"date":"2026-03-31T21:15:15","date_gmt":"2026-03-31T21:15:15","guid":{"rendered":"https:\/\/modesthanim.com\/product\/bej-bisiklet-yaka-kiz-bebek-2li-sweatshirt\/"},"modified":"2026-03-31T21:16:54","modified_gmt":"2026-03-31T21:16:54","slug":"bej-bisiklet-yaka-kiz-bebek-2li-sweatshirt","status":"publish","type":"product","link":"https:\/\/mod.wisdar.net\/tr\/urun\/bej-bisiklet-yaka-kiz-bebek-2li-sweatshirt\/","title":{"rendered":"Bej Bisiklet Yaka K\u0131z Bebek 2&#8217;li Sweatshirt"},"content":{"rendered":"<p>LCW baby Bej Bisiklet Yaka K\u0131z Bebek 2&#8217;li Sweatshirt size \u00f6zel indirim, taksit ve kap\u0131da \u00f6deme avantajlar\u0131yla LCW&#8217;de! Hemen online al\u0131\u015fveri\u015f yap, \u00fcr\u00fcn kap\u0131na gelsin! \u2013 S6P135Z1-G1Y<\/p>\n<p>\u2014 Technical Details \u2014<br \/>\n\u00dcr\u00fcn Tipi: Sweatshirt<br \/>\nCinsiyet: K\u0131z Bebek<br \/>\nKal\u0131p: Standart &amp; Regular<br \/>\nKuma\u015f: 3 \u0130plik<br \/>\nDesen: \u00c7i\u00e7ekli<br \/>\nYaka: Bisiklet Yaka<br \/>\nKal\u0131nl\u0131k: Orta Kal\u0131nl\u0131k<br \/>\nKol Boyu: Uzun Kollu<br \/>\nMalzeme: %100 Pamuk<br \/>\nPaket \u0130\u00e7eri\u011fi: 2&#8217;li Paket<br \/>\nKoleksiyon: Yenido\u011fan<br \/>\nPar\u00e7a Say\u0131s\u0131: 2 Par\u00e7a<\/p>\n","protected":false},"excerpt":{"rendered":"<p>LCW baby Bej Bisiklet Yaka K\u0131z Bebek 2&#8217;li Sweatshirt size \u00f6zel indirim, taksit ve kap\u0131da \u00f6deme avantajlar\u0131yla LCW&#8217;de! Hemen online al\u0131\u015fveri\u015f yap, \u00fcr\u00fcn kap\u0131na gelsin! \u2013 S6P135Z1-G1Y \u2014 Technical Details \u2014 \u00dcr\u00fcn Tipi: Sweatshirt Cinsiyet: K\u0131z Bebek Kal\u0131p: Standart &amp; Regular Kuma\u015f: 3 \u0130plik Desen: \u00c7i\u00e7ekli Yaka: Bisiklet Yaka Kal\u0131nl\u0131k: Orta Kal\u0131nl\u0131k Kol Boyu: Uzun [&hellip;]<\/p>\n","protected":false},"featured_media":192022,"comment_status":"open","ping_status":"closed","template":"","meta":[],"product_brand":[],"product_cat":[8694,8697,8700],"product_tag":[4579,4560,8025,8110,7508,7914,7422,6768],"class_list":{"0":"post-192028","1":"product","2":"type-product","3":"status-publish","4":"has-post-thumbnail","6":"product_cat-cocuklar","7":"product_cat-yenidogan-0-12-ay","8":"product_cat-yenidogan-giyim","9":"product_tag-100-cotton","10":"product_tag-2-pieces","11":"product_tag-3-iplik","12":"product_tag-bisiklet-yaka-2","13":"product_tag-cicekli","14":"product_tag-orta-kalinlik","15":"product_tag-sweatshirt","16":"product_tag-uzun-kol","17":"pa_brand-lcw-baby","18":"pa_color-bej","19":"pa_size-12-18-ay","20":"pa_size-18-24-ay","21":"pa_size-2-3-yas","22":"pa_size-3-4-yas","23":"pa_size-9-12-ay","25":"first","26":"instock","27":"sale","28":"shipping-taxable","29":"purchasable","30":"product-type-variable"},"_links":{"self":[{"href":"https:\/\/mod.wisdar.net\/tr\/wp-json\/wp\/v2\/product\/192028","targetHints":{"allow":["GET"]}}],"collection":[{"href":"https:\/\/mod.wisdar.net\/tr\/wp-json\/wp\/v2\/product"}],"about":[{"href":"https:\/\/mod.wisdar.net\/tr\/wp-json\/wp\/v2\/types\/product"}],"replies":[{"embeddable":true,"href":"https:\/\/mod.wisdar.net\/tr\/wp-json\/wp\/v2\/comments?post=192028"}],"wp:featuredmedia":[{"embeddable":true,"href":"https:\/\/mod.wisdar.net\/tr\/wp-json\/wp\/v2\/media\/192022"}],"wp:attachment":[{"href":"https:\/\/mod.wisdar.net\/tr\/wp-json\/wp\/v2\/media?parent=192028"}],"wp:term":[{"taxonomy":"product_brand","embeddable":true,"href":"https:\/\/mod.wisdar.net\/tr\/wp-json\/wp\/v2\/product_brand?post=192028"},{"taxonomy":"product_cat","embeddable":true,"href":"https:\/\/mod.wisdar.net\/tr\/wp-json\/wp\/v2\/product_cat?post=192028"},{"taxonomy":"product_tag","embeddable":true,"href":"https:\/\/mod.wisdar.net\/tr\/wp-json\/wp\/v2\/product_tag?post=192028"}],"curies":[{"name":"wp","href":"https:\/\/api.w.org\/{rel}","templated":true}]}}