{"id":192122,"date":"2026-03-31T23:29:54","date_gmt":"2026-03-31T23:29:54","guid":{"rendered":"https:\/\/modesthanim.com\/product\/kirmizi-cicekli-kiz-bebek-gabardin-pantolon\/"},"modified":"2026-04-12T04:03:05","modified_gmt":"2026-04-12T04:03:05","slug":"kirmizi-cicekli-kiz-bebek-gabardin-pantolon","status":"publish","type":"product","link":"https:\/\/mod.wisdar.net\/tr\/urun\/kirmizi-cicekli-kiz-bebek-gabardin-pantolon\/","title":{"rendered":"K\u0131rm\u0131z\u0131 \u00c7i\u00e7ekli K\u0131z Bebek Gabardin Pantolon"},"content":{"rendered":"<p>LCW baby K\u0131rm\u0131z\u0131 \u00c7i\u00e7ekli K\u0131z Bebek Gabardin Pantolon size \u00f6zel indirim, taksit ve kap\u0131da \u00f6deme avantajlar\u0131yla LCW&#8217;de! Hemen online al\u0131\u015fveri\u015f yap, \u00fcr\u00fcn kap\u0131na gelsin! \u2013 S6J971Z1-LTQ<\/p>\n<p>\u2014 Technical Details \u2014<br \/>\nMen\u015fei: Turk\u0131ye<br \/>\nSat\u0131c\u0131: LC Waikiki<br \/>\nMarka: LCW baby<br \/>\n\u00dcr\u00fcn Tipi: Pantolon<br \/>\nCinsiyet: K\u0131z Bebek<br \/>\nKal\u0131p: Standart &amp; Regular<br \/>\nKuma\u015f: Gabardin<br \/>\nBel Fiti: Beli Lastikli<br \/>\nDesen: \u00c7i\u00e7ekli<br \/>\nPa\u00e7a Fiti: D\u00fcz Pa\u00e7a<br \/>\nKal\u0131nl\u0131k: Orta Kal\u0131nl\u0131k<br \/>\nMalzeme: Y\u00fcksek Pamuk \u0130\u00e7erir<br \/>\nKoleksiyon: Yenido\u011fan<\/p>\n","protected":false},"excerpt":{"rendered":"<p>LCW baby K\u0131rm\u0131z\u0131 \u00c7i\u00e7ekli K\u0131z Bebek Gabardin Pantolon size \u00f6zel indirim, taksit ve kap\u0131da \u00f6deme avantajlar\u0131yla LCW&#8217;de! Hemen online al\u0131\u015fveri\u015f yap, \u00fcr\u00fcn kap\u0131na gelsin! \u2013 S6J971Z1-LTQ \u2014 Technical Details \u2014 Men\u015fei: Turk\u0131ye Sat\u0131c\u0131: LC Waikiki Marka: LCW baby \u00dcr\u00fcn Tipi: Pantolon Cinsiyet: K\u0131z Bebek Kal\u0131p: Standart &amp; Regular Kuma\u015f: Gabardin Bel Fiti: Beli Lastikli Desen: [&hellip;]<\/p>\n","protected":false},"featured_media":192119,"comment_status":"open","ping_status":"closed","template":"","meta":[],"product_brand":[],"product_cat":[8694,8697,8700],"product_tag":[8468],"class_list":{"0":"post-192122","1":"product","2":"type-product","3":"status-publish","4":"has-post-thumbnail","6":"product_cat-cocuklar","7":"product_cat-yenidogan-0-12-ay","8":"product_cat-yenidogan-giyim","9":"product_tag-duz-paca-pantolon","10":"pa_brand-lcw-baby","11":"pa_color-kirmizi","12":"pa_size-1-2-yas","13":"pa_size-2-3-yas","14":"pa_size-3-4-yas","16":"first","17":"instock","18":"sale","19":"shipping-taxable","20":"purchasable","21":"product-type-variable"},"_links":{"self":[{"href":"https:\/\/mod.wisdar.net\/tr\/wp-json\/wp\/v2\/product\/192122","targetHints":{"allow":["GET"]}}],"collection":[{"href":"https:\/\/mod.wisdar.net\/tr\/wp-json\/wp\/v2\/product"}],"about":[{"href":"https:\/\/mod.wisdar.net\/tr\/wp-json\/wp\/v2\/types\/product"}],"replies":[{"embeddable":true,"href":"https:\/\/mod.wisdar.net\/tr\/wp-json\/wp\/v2\/comments?post=192122"}],"wp:featuredmedia":[{"embeddable":true,"href":"https:\/\/mod.wisdar.net\/tr\/wp-json\/wp\/v2\/media\/192119"}],"wp:attachment":[{"href":"https:\/\/mod.wisdar.net\/tr\/wp-json\/wp\/v2\/media?parent=192122"}],"wp:term":[{"taxonomy":"product_brand","embeddable":true,"href":"https:\/\/mod.wisdar.net\/tr\/wp-json\/wp\/v2\/product_brand?post=192122"},{"taxonomy":"product_cat","embeddable":true,"href":"https:\/\/mod.wisdar.net\/tr\/wp-json\/wp\/v2\/product_cat?post=192122"},{"taxonomy":"product_tag","embeddable":true,"href":"https:\/\/mod.wisdar.net\/tr\/wp-json\/wp\/v2\/product_tag?post=192122"}],"curies":[{"name":"wp","href":"https:\/\/api.w.org\/{rel}","templated":true}]}}