{"id":192162,"date":"2026-03-31T23:31:00","date_gmt":"2026-03-31T23:31:00","guid":{"rendered":"https:\/\/modesthanim.com\/product\/kahverengi-nakisli-kiz-bebek-salopet-elbise-ve-tisort\/"},"modified":"2026-04-15T20:54:48","modified_gmt":"2026-04-15T20:54:48","slug":"kahverengi-nakisli-kiz-bebek-salopet-elbise-ve-tisort","status":"publish","type":"product","link":"https:\/\/mod.wisdar.net\/tr\/urun\/kahverengi-nakisli-kiz-bebek-salopet-elbise-ve-tisort\/","title":{"rendered":"Kahverengi Nak\u0131\u015fl\u0131 K\u0131z Bebek Salopet Elbise ve Ti\u015f\u00f6rt"},"content":{"rendered":"<p>LCW baby Kahverengi Nak\u0131\u015fl\u0131 K\u0131z Bebek Salopet Elbise ve Ti\u015f\u00f6rt size \u00f6zel indirim, taksit ve kap\u0131da \u00f6deme avantajlar\u0131yla LCW&#8217;de! Hemen online al\u0131\u015fveri\u015f yap, \u00fcr\u00fcn kap\u0131na gelsin! \u2013 S67721Z1-RCK<\/p>\n<p>\u2014 Technical Details \u2014<br \/>\nSat\u0131c\u0131: LC Waikiki<br \/>\nMarka: LCW baby<br \/>\n\u00dcr\u00fcn Tipi: Salopet<br \/>\nCinsiyet: K\u0131z Bebek<br \/>\nKal\u0131p: Standart &amp; Regular<br \/>\nKuma\u015f: Gabardin<br \/>\nDesen: Nak\u0131\u015fl\u0131<br \/>\nYaka: Bisiklet Yaka<br \/>\nKal\u0131nl\u0131k: Orta Kal\u0131nl\u0131k<br \/>\nKol Boyu: Uzun Kollu<br \/>\nSiluet: Jile<br \/>\nMalzeme: Y\u00fcksek Pamuk \u0130\u00e7erir<br \/>\nKoleksiyon: Bayram Koleksiyonu<br \/>\nPar\u00e7a Say\u0131s\u0131: 2 Par\u00e7a<br \/>\nUzunluk: K\u0131sa<br \/>\nAstar Detay: Astars\u0131z<\/p>\n","protected":false},"excerpt":{"rendered":"<p>LCW baby Kahverengi Nak\u0131\u015fl\u0131 K\u0131z Bebek Salopet Elbise ve Ti\u015f\u00f6rt size \u00f6zel indirim, taksit ve kap\u0131da \u00f6deme avantajlar\u0131yla LCW&#8217;de! Hemen online al\u0131\u015fveri\u015f yap, \u00fcr\u00fcn kap\u0131na gelsin! \u2013 S67721Z1-RCK \u2014 Technical Details \u2014 Sat\u0131c\u0131: LC Waikiki Marka: LCW baby \u00dcr\u00fcn Tipi: Salopet Cinsiyet: K\u0131z Bebek Kal\u0131p: Standart &amp; Regular Kuma\u015f: Gabardin Desen: Nak\u0131\u015fl\u0131 Yaka: Bisiklet Yaka [&hellip;]<\/p>\n","protected":false},"featured_media":192156,"comment_status":"open","ping_status":"closed","template":"","meta":[],"product_brand":[],"product_cat":[8712,8694,8697],"product_tag":[3050,8928,9842,11198,12216,9013],"class_list":{"0":"post-192162","1":"product","2":"type-product","3":"status-publish","4":"has-post-thumbnail","6":"product_cat-bebek-elbiseleri","7":"product_cat-cocuklar","8":"product_cat-yenidogan-0-12-ay","9":"product_tag-embroidered","10":"product_tag-girl-baby","11":"product_tag-high-cotton","12":"product_tag-holiday-collection","13":"product_tag-overalls","14":"product_tag-t-shirt-set","15":"pa_brand-lcw-baby","16":"pa_color-kahverengi","17":"pa_size-1-3-ay","18":"pa_size-12-18-ay","19":"pa_size-18-24-ay","20":"pa_size-2-3-yas","21":"pa_size-3-4-yas","22":"pa_size-3-6-ay","23":"pa_size-6-9-ay","24":"pa_size-9-12-ay","26":"first","27":"instock","28":"sale","29":"shipping-taxable","30":"purchasable","31":"product-type-variable"},"_links":{"self":[{"href":"https:\/\/mod.wisdar.net\/tr\/wp-json\/wp\/v2\/product\/192162","targetHints":{"allow":["GET"]}}],"collection":[{"href":"https:\/\/mod.wisdar.net\/tr\/wp-json\/wp\/v2\/product"}],"about":[{"href":"https:\/\/mod.wisdar.net\/tr\/wp-json\/wp\/v2\/types\/product"}],"replies":[{"embeddable":true,"href":"https:\/\/mod.wisdar.net\/tr\/wp-json\/wp\/v2\/comments?post=192162"}],"wp:featuredmedia":[{"embeddable":true,"href":"https:\/\/mod.wisdar.net\/tr\/wp-json\/wp\/v2\/media\/192156"}],"wp:attachment":[{"href":"https:\/\/mod.wisdar.net\/tr\/wp-json\/wp\/v2\/media?parent=192162"}],"wp:term":[{"taxonomy":"product_brand","embeddable":true,"href":"https:\/\/mod.wisdar.net\/tr\/wp-json\/wp\/v2\/product_brand?post=192162"},{"taxonomy":"product_cat","embeddable":true,"href":"https:\/\/mod.wisdar.net\/tr\/wp-json\/wp\/v2\/product_cat?post=192162"},{"taxonomy":"product_tag","embeddable":true,"href":"https:\/\/mod.wisdar.net\/tr\/wp-json\/wp\/v2\/product_tag?post=192162"}],"curies":[{"name":"wp","href":"https:\/\/api.w.org\/{rel}","templated":true}]}}