{"id":192274,"date":"2026-03-31T23:43:55","date_gmt":"2026-03-31T23:43:55","guid":{"rendered":"https:\/\/modesthanim.com\/product\/pembe-minnie-mouse-baskili-kiz-bebek-tisort-ve-sort\/"},"modified":"2026-04-04T04:24:25","modified_gmt":"2026-04-04T04:24:25","slug":"pembe-minnie-mouse-baskili-kiz-bebek-tisort-ve-sort","status":"publish","type":"product","link":"https:\/\/mod.wisdar.net\/tr\/urun\/pembe-minnie-mouse-baskili-kiz-bebek-tisort-ve-sort\/","title":{"rendered":"Pembe Minnie Mouse Bask\u0131l\u0131 K\u0131z Bebek Ti\u015f\u00f6rt Ve \u015eort"},"content":{"rendered":"<p>LCW baby Pembe Minnie Mouse Bask\u0131l\u0131 K\u0131z Bebek Ti\u015f\u00f6rt ve \u015eort size \u00f6zel indirim, taksit ve kap\u0131da \u00f6deme avantajlar\u0131yla LCW&#8217;de! Hemen online al\u0131\u015fveri\u015f yap, \u00fcr\u00fcn kap\u0131na gelsin! \u2013 S6NK17Z1-ZSJ<\/p>\n<p>\u2014 Technical Details \u2014<br \/>\n\u00dcr\u00fcn Tipi: Tak\u0131m<br \/>\nCinsiyet: K\u0131z Bebek<br \/>\nKal\u0131p: Standart &amp; Regular<br \/>\nKuma\u015f: Penye<br \/>\nBel Fiti: Beli Lastikli<br \/>\nDesen: Bask\u0131l\u0131<br \/>\nYaka: Bisiklet Yaka<br \/>\nKal\u0131nl\u0131k: \u0130nce<br \/>\nKol Boyu: K\u0131sa Kollu<br \/>\nUzunluk: K\u0131sa<br \/>\nLisans: Minnie Mouse<br \/>\nMalzeme: Y\u00fcksek Pamuk \u0130\u00e7erir<br \/>\nKoleksiyon: Yenido\u011fan<br \/>\nPar\u00e7a Say\u0131s\u0131: 2 Par\u00e7a<br \/>\nSiluet: F\u0131rf\u0131rl\u0131<\/p>\n","protected":false},"excerpt":{"rendered":"<p>LCW baby Pembe Minnie Mouse Bask\u0131l\u0131 K\u0131z Bebek Ti\u015f\u00f6rt ve \u015eort size \u00f6zel indirim, taksit ve kap\u0131da \u00f6deme avantajlar\u0131yla LCW&#8217;de! Hemen online al\u0131\u015fveri\u015f yap, \u00fcr\u00fcn kap\u0131na gelsin! \u2013 S6NK17Z1-ZSJ \u2014 Technical Details \u2014 \u00dcr\u00fcn Tipi: Tak\u0131m Cinsiyet: K\u0131z Bebek Kal\u0131p: Standart &amp; Regular Kuma\u015f: Penye Bel Fiti: Beli Lastikli Desen: Bask\u0131l\u0131 Yaka: Bisiklet Yaka Kal\u0131nl\u0131k: [&hellip;]<\/p>\n","protected":false},"featured_media":192268,"comment_status":"open","ping_status":"closed","template":"","meta":[],"product_brand":[],"product_cat":[8703,8694,8697],"product_tag":[4560,8022,8110,7744],"class_list":{"0":"post-192274","1":"product","2":"type-product","3":"status-publish","4":"has-post-thumbnail","6":"product_cat-bebek-setleri","7":"product_cat-cocuklar","8":"product_cat-yenidogan-0-12-ay","9":"product_tag-2-pieces","10":"product_tag-baskili-2","11":"product_tag-bisiklet-yaka-2","12":"product_tag-pembe","13":"pa_brand-lcw-baby","14":"pa_color-acik-pembe","15":"pa_size-12-18-ay","16":"pa_size-18-24-ay","17":"pa_size-2-3-yas","18":"pa_size-3-4-yas","19":"pa_size-3-6-ay","20":"pa_size-6-9-ay","21":"pa_size-9-12-ay","23":"first","24":"instock","25":"sale","26":"shipping-taxable","27":"purchasable","28":"product-type-variable"},"_links":{"self":[{"href":"https:\/\/mod.wisdar.net\/tr\/wp-json\/wp\/v2\/product\/192274","targetHints":{"allow":["GET"]}}],"collection":[{"href":"https:\/\/mod.wisdar.net\/tr\/wp-json\/wp\/v2\/product"}],"about":[{"href":"https:\/\/mod.wisdar.net\/tr\/wp-json\/wp\/v2\/types\/product"}],"replies":[{"embeddable":true,"href":"https:\/\/mod.wisdar.net\/tr\/wp-json\/wp\/v2\/comments?post=192274"}],"wp:featuredmedia":[{"embeddable":true,"href":"https:\/\/mod.wisdar.net\/tr\/wp-json\/wp\/v2\/media\/192268"}],"wp:attachment":[{"href":"https:\/\/mod.wisdar.net\/tr\/wp-json\/wp\/v2\/media?parent=192274"}],"wp:term":[{"taxonomy":"product_brand","embeddable":true,"href":"https:\/\/mod.wisdar.net\/tr\/wp-json\/wp\/v2\/product_brand?post=192274"},{"taxonomy":"product_cat","embeddable":true,"href":"https:\/\/mod.wisdar.net\/tr\/wp-json\/wp\/v2\/product_cat?post=192274"},{"taxonomy":"product_tag","embeddable":true,"href":"https:\/\/mod.wisdar.net\/tr\/wp-json\/wp\/v2\/product_tag?post=192274"}],"curies":[{"name":"wp","href":"https:\/\/api.w.org\/{rel}","templated":true}]}}