{"id":192311,"date":"2026-03-31T23:59:29","date_gmt":"2026-03-31T23:59:29","guid":{"rendered":"https:\/\/modesthanim.com\/product\/bej-ispanyol-paca-fitilli-kiz-bebek-triko-tayt\/"},"modified":"2026-04-04T04:32:46","modified_gmt":"2026-04-04T04:32:46","slug":"bej-ispanyol-paca-fitilli-kiz-bebek-triko-tayt","status":"publish","type":"product","link":"https:\/\/mod.wisdar.net\/tr\/urun\/bej-ispanyol-paca-fitilli-kiz-bebek-triko-tayt\/","title":{"rendered":"Bej \u0130spanyol Pa\u00e7a Fitilli K\u0131z Bebek Triko Tayt"},"content":{"rendered":"<p>LCW baby Bej \u0130spanyol Pa\u00e7a Fitilli K\u0131z Bebek Triko Tayt size \u00f6zel indirim, taksit ve kap\u0131da \u00f6deme avantajlar\u0131yla LCW&#8217;de! Hemen online al\u0131\u015fveri\u015f yap, \u00fcr\u00fcn kap\u0131na gelsin! \u2013 S6D837Z1-G1Y<\/p>\n<p>\u2014 Technical Details \u2014<br \/>\nSat\u0131c\u0131: LC Waikiki<br \/>\nMarka: LCW baby<br \/>\n\u00dcr\u00fcn Tipi: Tayt<br \/>\nCinsiyet: K\u0131z Bebek<br \/>\nKal\u0131p: S\u00fcper Skinny &amp; Ekstra Dar<br \/>\nKuma\u015f: Ka\u015fkorse<br \/>\nDesen: D\u00fcz<br \/>\nPa\u00e7a Fiti: \u0130spanyol Pa\u00e7a<br \/>\nMalzeme: Y\u00fcksek Pamuk \u0130\u00e7erir<br \/>\nKoleksiyon: Yenido\u011fan<br \/>\nBel Fiti: Beli Lastikli<\/p>\n","protected":false},"excerpt":{"rendered":"<p>LCW baby Bej \u0130spanyol Pa\u00e7a Fitilli K\u0131z Bebek Triko Tayt size \u00f6zel indirim, taksit ve kap\u0131da \u00f6deme avantajlar\u0131yla LCW&#8217;de! Hemen online al\u0131\u015fveri\u015f yap, \u00fcr\u00fcn kap\u0131na gelsin! \u2013 S6D837Z1-G1Y \u2014 Technical Details \u2014 Sat\u0131c\u0131: LC Waikiki Marka: LCW baby \u00dcr\u00fcn Tipi: Tayt Cinsiyet: K\u0131z Bebek Kal\u0131p: S\u00fcper Skinny &amp; Ekstra Dar Kuma\u015f: Ka\u015fkorse Desen: D\u00fcz Pa\u00e7a [&hellip;]<\/p>\n","protected":false},"featured_media":192309,"comment_status":"open","ping_status":"closed","template":"","meta":[],"product_brand":[],"product_cat":[8694,8697,8700],"product_tag":[8173,8088,7808,7480,7811],"class_list":{"0":"post-192311","1":"product","2":"type-product","3":"status-publish","4":"has-post-thumbnail","6":"product_cat-cocuklar","7":"product_cat-yenidogan-0-12-ay","8":"product_cat-yenidogan-giyim","9":"product_tag-kasmir","10":"product_tag-lastikli-bel-2","11":"product_tag-solid","12":"product_tag-tayt","13":"product_tag-yuksek-pamuk-icerigi","14":"pa_brand-lcw-baby","15":"pa_color-bej","16":"pa_size-12-18-ay","17":"pa_size-18-24-ay","18":"pa_size-2-3-yas","19":"pa_size-3-4-yas","20":"pa_size-9-12-ay","22":"first","23":"instock","24":"sale","25":"shipping-taxable","26":"purchasable","27":"product-type-variable"},"_links":{"self":[{"href":"https:\/\/mod.wisdar.net\/tr\/wp-json\/wp\/v2\/product\/192311","targetHints":{"allow":["GET"]}}],"collection":[{"href":"https:\/\/mod.wisdar.net\/tr\/wp-json\/wp\/v2\/product"}],"about":[{"href":"https:\/\/mod.wisdar.net\/tr\/wp-json\/wp\/v2\/types\/product"}],"replies":[{"embeddable":true,"href":"https:\/\/mod.wisdar.net\/tr\/wp-json\/wp\/v2\/comments?post=192311"}],"wp:featuredmedia":[{"embeddable":true,"href":"https:\/\/mod.wisdar.net\/tr\/wp-json\/wp\/v2\/media\/192309"}],"wp:attachment":[{"href":"https:\/\/mod.wisdar.net\/tr\/wp-json\/wp\/v2\/media?parent=192311"}],"wp:term":[{"taxonomy":"product_brand","embeddable":true,"href":"https:\/\/mod.wisdar.net\/tr\/wp-json\/wp\/v2\/product_brand?post=192311"},{"taxonomy":"product_cat","embeddable":true,"href":"https:\/\/mod.wisdar.net\/tr\/wp-json\/wp\/v2\/product_cat?post=192311"},{"taxonomy":"product_tag","embeddable":true,"href":"https:\/\/mod.wisdar.net\/tr\/wp-json\/wp\/v2\/product_tag?post=192311"}],"curies":[{"name":"wp","href":"https:\/\/api.w.org\/{rel}","templated":true}]}}