{"id":192348,"date":"2026-04-01T00:01:28","date_gmt":"2026-04-01T00:01:28","guid":{"rendered":"https:\/\/modesthanim.com\/product\/pembe-desenli-kiz-bebek-soket-corap-5li\/"},"modified":"2026-04-04T04:33:27","modified_gmt":"2026-04-04T04:33:27","slug":"pembe-desenli-kiz-bebek-soket-corap-5li","status":"publish","type":"product","link":"https:\/\/mod.wisdar.net\/tr\/urun\/pembe-desenli-kiz-bebek-soket-corap-5li\/","title":{"rendered":"Pembe Desenli K\u0131z Bebek Soket \u00c7orap 5&#8217;li"},"content":{"rendered":"<p>LCW baby Pembe Desenli K\u0131z Bebek Soket \u00c7orap 5&#8217;li size \u00f6zel indirim, taksit ve kap\u0131da \u00f6deme avantajlar\u0131yla LCW&#8217;de! Hemen online al\u0131\u015fveri\u015f yap, \u00fcr\u00fcn kap\u0131na gelsin! \u2013 S6F966Z1-JM1<\/p>\n<p>\u2014 Technical Details \u2014<br \/>\n\u00dcr\u00fcn Tipi: Soket \u00c7orap<br \/>\nCinsiyet: K\u0131z Bebek<br \/>\nKal\u0131p: Standart &amp; Regular<br \/>\nDesen: Desenli<br \/>\nKal\u0131nl\u0131k: Orta Kal\u0131nl\u0131k<br \/>\nPaket \u0130\u00e7eri\u011fi: 5&#8217;li Paket<br \/>\nMalzeme: Y\u00fcksek Pamuk \u0130\u00e7erir<br \/>\nKoleksiyon: Yenido\u011fan<br \/>\nPar\u00e7a Say\u0131s\u0131: 5 Par\u00e7a<\/p>\n","protected":false},"excerpt":{"rendered":"<p>LCW baby Pembe Desenli K\u0131z Bebek Soket \u00c7orap 5&#8217;li size \u00f6zel indirim, taksit ve kap\u0131da \u00f6deme avantajlar\u0131yla LCW&#8217;de! Hemen online al\u0131\u015fveri\u015f yap, \u00fcr\u00fcn kap\u0131na gelsin! \u2013 S6F966Z1-JM1 \u2014 Technical Details \u2014 \u00dcr\u00fcn Tipi: Soket \u00c7orap Cinsiyet: K\u0131z Bebek Kal\u0131p: Standart &amp; Regular Desen: Desenli Kal\u0131nl\u0131k: Orta Kal\u0131nl\u0131k Paket \u0130\u00e7eri\u011fi: 5&#8217;li Paket Malzeme: Y\u00fcksek Pamuk \u0130\u00e7erir [&hellip;]<\/p>\n","protected":false},"featured_media":192346,"comment_status":"open","ping_status":"closed","template":"","meta":[],"product_brand":[],"product_cat":[8694,8697,8700],"product_tag":[12308],"class_list":{"0":"post-192348","1":"product","2":"type-product","3":"status-publish","4":"has-post-thumbnail","6":"product_cat-cocuklar","7":"product_cat-yenidogan-0-12-ay","8":"product_cat-yenidogan-giyim","9":"product_tag-patterned-girl-baby-sock-set-of-5","10":"pa_brand-lcw-baby","11":"pa_color-pembe","12":"pa_size-14-16-0-6-ay","13":"pa_size-17-18-6-12-ay","14":"pa_size-19-22-12-24-ay","15":"pa_size-22-24-24-36-ay","16":"pa_size-23-26-3-4-yas","18":"first","19":"instock","20":"sale","21":"shipping-taxable","22":"purchasable","23":"product-type-variable"},"_links":{"self":[{"href":"https:\/\/mod.wisdar.net\/tr\/wp-json\/wp\/v2\/product\/192348","targetHints":{"allow":["GET"]}}],"collection":[{"href":"https:\/\/mod.wisdar.net\/tr\/wp-json\/wp\/v2\/product"}],"about":[{"href":"https:\/\/mod.wisdar.net\/tr\/wp-json\/wp\/v2\/types\/product"}],"replies":[{"embeddable":true,"href":"https:\/\/mod.wisdar.net\/tr\/wp-json\/wp\/v2\/comments?post=192348"}],"wp:featuredmedia":[{"embeddable":true,"href":"https:\/\/mod.wisdar.net\/tr\/wp-json\/wp\/v2\/media\/192346"}],"wp:attachment":[{"href":"https:\/\/mod.wisdar.net\/tr\/wp-json\/wp\/v2\/media?parent=192348"}],"wp:term":[{"taxonomy":"product_brand","embeddable":true,"href":"https:\/\/mod.wisdar.net\/tr\/wp-json\/wp\/v2\/product_brand?post=192348"},{"taxonomy":"product_cat","embeddable":true,"href":"https:\/\/mod.wisdar.net\/tr\/wp-json\/wp\/v2\/product_cat?post=192348"},{"taxonomy":"product_tag","embeddable":true,"href":"https:\/\/mod.wisdar.net\/tr\/wp-json\/wp\/v2\/product_tag?post=192348"}],"curies":[{"name":"wp","href":"https:\/\/api.w.org\/{rel}","templated":true}]}}