{"id":19239,"date":"2025-11-07T20:16:06","date_gmt":"2025-11-02T14:07:36","guid":{"rendered":"https:\/\/modesthanim.com\/product\/kahverengi-lyocell-keten-gomlek-takimi\/"},"modified":"2026-04-02T21:00:10","modified_gmt":"2026-04-02T21:00:10","slug":"kahverengi-lyocell-keten-gomlek-takimi","status":"publish","type":"product","link":"https:\/\/mod.wisdar.net\/tr\/urun\/kahverengi-lyocell-keten-gomlek-takimi\/","title":{"rendered":"Kahverengi Lyocell Keten G\u00f6mlek Tak\u0131m\u0131"},"content":{"rendered":"<p>Y\u00fczde 70 lyocell ve y\u00fczde 30 keten kar\u0131\u015f\u0131m\u0131 kuma\u015ftan \u00fcretilmi\u015f bu tak\u0131m, yaka detayl\u0131 d\u00fc\u011fmeli \u00f6n kapatmal\u0131 g\u00f6mlek, yan cepler ve belirgin k\u0131vr\u0131m detaylar\u0131 i\u00e7erir. Tak\u0131m, elastik arka k\u0131sm\u0131, fermuar ve d\u00fc\u011fme kapatmal\u0131 \u00f6n kapakl\u0131 ve cepli palazzo pantolon ile tamamlan\u0131r.<\/p>\n<p>Beden 1 (36-38) \u00dcst: \u00d6n Uzunluk: 73 cm, Arka Uzunluk: 77 cm, Kol Uzunlu\u011fu: 54 cm, Omuz Geni\u015fli\u011fi: 49 cm, G\u00f6\u011f\u00fcs: 56 cm, Bel: 59 cm, Kal\u00e7a: 67 cm. Alt: Uzunluk: 105 cm, Normal Bel: 30, Esnek Bel: 39 cm.<\/p>\n<p>Beden 2 (40-42) \u00dcst: \u00d6n Uzunluk: 75 cm, Arka Uzunluk: 78 cm, Kol Uzunlu\u011fu: 55 cm, Omuz Geni\u015fli\u011fi: 50 cm, G\u00f6\u011f\u00fcs: 60 cm, Bel: 62 cm, Kal\u00e7a: 68 cm. Alt: Uzunluk: 107 cm, Normal Bel: 33, Esnek Bel: 42 cm.<\/p>\n","protected":false},"excerpt":{"rendered":"<p>Y\u00fczde 70 lyocell ve y\u00fczde 30 keten kar\u0131\u015f\u0131m\u0131 kuma\u015ftan \u00fcretilmi\u015f bu tak\u0131m, yaka detayl\u0131 d\u00fc\u011fmeli \u00f6n kapatmal\u0131 g\u00f6mlek, yan cepler ve belirgin k\u0131vr\u0131m detaylar\u0131 i\u00e7erir. Tak\u0131m, elastik arka k\u0131sm\u0131, fermuar ve d\u00fc\u011fme kapatmal\u0131 \u00f6n kapakl\u0131 ve cepli palazzo pantolon ile tamamlan\u0131r. Beden 1 (36-38) \u00dcst: \u00d6n Uzunluk: 73 cm, Arka Uzunluk: 77 cm, Kol Uzunlu\u011fu: [&hellip;]<\/p>\n","protected":false},"featured_media":0,"comment_status":"open","ping_status":"closed","template":"","meta":[],"product_brand":[],"product_cat":[1900],"product_tag":[7547],"class_list":{"0":"post-19239","1":"product","2":"type-product","3":"status-publish","5":"product_cat-koordinatlar-setler","6":"product_tag-kadin-giyim","7":"pa_brand-fahhar","8":"pa_color-kahverengi","9":"pa_size-1-36-38","10":"pa_size-2-40-42","12":"first","13":"outofstock","14":"shipping-taxable","15":"product-type-variable"},"_links":{"self":[{"href":"https:\/\/mod.wisdar.net\/tr\/wp-json\/wp\/v2\/product\/19239","targetHints":{"allow":["GET"]}}],"collection":[{"href":"https:\/\/mod.wisdar.net\/tr\/wp-json\/wp\/v2\/product"}],"about":[{"href":"https:\/\/mod.wisdar.net\/tr\/wp-json\/wp\/v2\/types\/product"}],"replies":[{"embeddable":true,"href":"https:\/\/mod.wisdar.net\/tr\/wp-json\/wp\/v2\/comments?post=19239"}],"wp:attachment":[{"href":"https:\/\/mod.wisdar.net\/tr\/wp-json\/wp\/v2\/media?parent=19239"}],"wp:term":[{"taxonomy":"product_brand","embeddable":true,"href":"https:\/\/mod.wisdar.net\/tr\/wp-json\/wp\/v2\/product_brand?post=19239"},{"taxonomy":"product_cat","embeddable":true,"href":"https:\/\/mod.wisdar.net\/tr\/wp-json\/wp\/v2\/product_cat?post=19239"},{"taxonomy":"product_tag","embeddable":true,"href":"https:\/\/mod.wisdar.net\/tr\/wp-json\/wp\/v2\/product_tag?post=19239"}],"curies":[{"name":"wp","href":"https:\/\/api.w.org\/{rel}","templated":true}]}}