{"id":19247,"date":"2025-11-07T20:16:06","date_gmt":"2025-11-02T14:07:42","guid":{"rendered":"https:\/\/modesthanim.com\/product\/tencel-modal-palazzo-takim-bordo\/"},"modified":"2026-04-10T18:51:22","modified_gmt":"2026-04-10T18:51:22","slug":"tencel-modal-palazzo-takim-bordo","status":"publish","type":"product","link":"https:\/\/mod.wisdar.net\/tr\/urun\/tencel-modal-palazzo-takim-bordo\/","title":{"rendered":"Tencel Modal Palazzo Tak\u0131m Bordo"},"content":{"rendered":"<p>1(36-38) BEDEN \u00dcST \u00d6n Uzunluk: 65 cm, Arka Uzunluk: 70 cm, \u0130ki Omuz Aras\u0131 Mesafe: 62 cm, Kol Uzunlu\u011fu: 46 cm, G\u00f6\u011f\u00fcs: 60 cm, Basen: 60 cm. ALT Uzunluk: 97 cm, Normal bel: 29 cm, Elle A\u00e7\u0131lm\u0131\u015f Bel: 50 cm, Basen: 52 cm. 2(40-42) BEDEN \u00dcST \u00d6n Uzunluk: 67 cm, Arka Uzunluk: 73 cm, \u0130ki Omuz Aras\u0131 Mesafe: 63 cm, Kol Uzunlu\u011fu: 46 cm, G\u00f6\u011f\u00fcs: 60 cm, Basen: 61 cm. ALT Uzunluk: 105 cm, Normal bel: 30 cm, Elle A\u00e7\u0131lm\u0131\u015f Bel: 51 cm, Basen: 53 cm.<\/p>\n","protected":false},"excerpt":{"rendered":"<p>1(36-38) BEDEN \u00dcST \u00d6n Uzunluk: 65 cm, Arka Uzunluk: 70 cm, \u0130ki Omuz Aras\u0131 Mesafe: 62 cm, Kol Uzunlu\u011fu: 46 cm, G\u00f6\u011f\u00fcs: 60 cm, Basen: 60 cm. ALT Uzunluk: 97 cm, Normal bel: 29 cm, Elle A\u00e7\u0131lm\u0131\u015f Bel: 50 cm, Basen: 52 cm. 2(40-42) BEDEN \u00dcST \u00d6n Uzunluk: 67 cm, Arka Uzunluk: 73 cm, \u0130ki [&hellip;]<\/p>\n","protected":false},"featured_media":0,"comment_status":"open","ping_status":"closed","template":"","meta":[],"product_brand":[],"product_cat":[1900],"product_tag":[],"class_list":{"0":"post-19247","1":"product","2":"type-product","3":"status-publish","5":"product_cat-koordinatlar-setler","6":"pa_brand-fahhar","7":"pa_color-bordo","8":"pa_size-1-36-38","9":"pa_size-2-40-42","11":"first","12":"instock","13":"sale","14":"shipping-taxable","15":"purchasable","16":"product-type-variable"},"_links":{"self":[{"href":"https:\/\/mod.wisdar.net\/tr\/wp-json\/wp\/v2\/product\/19247","targetHints":{"allow":["GET"]}}],"collection":[{"href":"https:\/\/mod.wisdar.net\/tr\/wp-json\/wp\/v2\/product"}],"about":[{"href":"https:\/\/mod.wisdar.net\/tr\/wp-json\/wp\/v2\/types\/product"}],"replies":[{"embeddable":true,"href":"https:\/\/mod.wisdar.net\/tr\/wp-json\/wp\/v2\/comments?post=19247"}],"wp:attachment":[{"href":"https:\/\/mod.wisdar.net\/tr\/wp-json\/wp\/v2\/media?parent=19247"}],"wp:term":[{"taxonomy":"product_brand","embeddable":true,"href":"https:\/\/mod.wisdar.net\/tr\/wp-json\/wp\/v2\/product_brand?post=19247"},{"taxonomy":"product_cat","embeddable":true,"href":"https:\/\/mod.wisdar.net\/tr\/wp-json\/wp\/v2\/product_cat?post=19247"},{"taxonomy":"product_tag","embeddable":true,"href":"https:\/\/mod.wisdar.net\/tr\/wp-json\/wp\/v2\/product_tag?post=19247"}],"curies":[{"name":"wp","href":"https:\/\/api.w.org\/{rel}","templated":true}]}}