{"id":192540,"date":"2026-04-01T07:07:49","date_gmt":"2026-04-01T07:07:49","guid":{"rendered":"https:\/\/modesthanim.com\/product\/beyaz-bisiklet-yaka-erkek-cocuk-atlet-2li\/"},"modified":"2026-04-12T00:40:43","modified_gmt":"2026-04-12T00:40:43","slug":"beyaz-bisiklet-yaka-erkek-cocuk-atlet-2li","status":"publish","type":"product","link":"https:\/\/mod.wisdar.net\/tr\/urun\/beyaz-bisiklet-yaka-erkek-cocuk-atlet-2li\/","title":{"rendered":"Beyaz Bisiklet Yaka Erkek \u00c7ocuk Atlet 2&#8217;li"},"content":{"rendered":"<p>LCW ECO Beyaz Bisiklet Yaka Erkek \u00c7ocuk Atlet 2&#8217;li size \u00f6zel indirim, taksit ve kap\u0131da \u00f6deme avantajlar\u0131yla LCW&#8217;de! Hemen online al\u0131\u015fveri\u015f yap, \u00fcr\u00fcn kap\u0131na gelsin! \u2013 S6JB14Z1-J5E<\/p>\n<p>\u2014 Technical Details \u2014<br \/>\nMen\u015fei: Turk\u0131ye<br \/>\nSat\u0131c\u0131: LC Waikiki<br \/>\nMarka: LCW ECO<br \/>\n\u00dcr\u00fcn Tipi: \u0130\u00e7 Giyim Atlet<br \/>\nCinsiyet: Erkek \u00c7ocuk<br \/>\nKal\u0131p: Standart &amp; Regular<br \/>\nDesen: D\u00fcz<br \/>\nYaka: Bisiklet Yaka<br \/>\nKol Boyu: Kolsuz<br \/>\nPaket \u0130\u00e7eri\u011fi: 2&#8217;li Paket<br \/>\nMalzeme: %100 Pamuk<br \/>\nPar\u00e7a Say\u0131s\u0131: 2 Par\u00e7a<\/p>\n","protected":false},"excerpt":{"rendered":"<p>LCW ECO Beyaz Bisiklet Yaka Erkek \u00c7ocuk Atlet 2&#8217;li size \u00f6zel indirim, taksit ve kap\u0131da \u00f6deme avantajlar\u0131yla LCW&#8217;de! Hemen online al\u0131\u015fveri\u015f yap, \u00fcr\u00fcn kap\u0131na gelsin! \u2013 S6JB14Z1-J5E \u2014 Technical Details \u2014 Men\u015fei: Turk\u0131ye Sat\u0131c\u0131: LC Waikiki Marka: LCW ECO \u00dcr\u00fcn Tipi: \u0130\u00e7 Giyim Atlet Cinsiyet: Erkek \u00c7ocuk Kal\u0131p: Standart &amp; Regular Desen: D\u00fcz Yaka: Bisiklet [&hellip;]<\/p>\n","protected":false},"featured_media":192529,"comment_status":"open","ping_status":"closed","template":"","meta":[],"product_brand":[],"product_cat":[8739,8757,8694],"product_tag":[8950,3549,10452,9639,10110,3076],"class_list":{"0":"post-192540","1":"product","2":"type-product","3":"status-publish","4":"has-post-thumbnail","6":"product_cat-erkek-cocuklar-2-14-yas","7":"product_cat-ic-giyim","8":"product_cat-cocuklar","9":"product_tag-2-pack","10":"product_tag-bicycle-neckline","11":"product_tag-boys-tank-top","12":"product_tag-cotton-underwear","13":"product_tag-lcw-eco","14":"product_tag-sleeveless","15":"pa_brand-lcw-eco","16":"pa_color-beyaz","17":"pa_size-2-3-yas","18":"pa_size-3-4-yas","19":"pa_size-5-6-yas","20":"pa_size-6-7-yas","22":"first","23":"instock","24":"sale","25":"shipping-taxable","26":"purchasable","27":"product-type-variable"},"_links":{"self":[{"href":"https:\/\/mod.wisdar.net\/tr\/wp-json\/wp\/v2\/product\/192540","targetHints":{"allow":["GET"]}}],"collection":[{"href":"https:\/\/mod.wisdar.net\/tr\/wp-json\/wp\/v2\/product"}],"about":[{"href":"https:\/\/mod.wisdar.net\/tr\/wp-json\/wp\/v2\/types\/product"}],"replies":[{"embeddable":true,"href":"https:\/\/mod.wisdar.net\/tr\/wp-json\/wp\/v2\/comments?post=192540"}],"wp:featuredmedia":[{"embeddable":true,"href":"https:\/\/mod.wisdar.net\/tr\/wp-json\/wp\/v2\/media\/192529"}],"wp:attachment":[{"href":"https:\/\/mod.wisdar.net\/tr\/wp-json\/wp\/v2\/media?parent=192540"}],"wp:term":[{"taxonomy":"product_brand","embeddable":true,"href":"https:\/\/mod.wisdar.net\/tr\/wp-json\/wp\/v2\/product_brand?post=192540"},{"taxonomy":"product_cat","embeddable":true,"href":"https:\/\/mod.wisdar.net\/tr\/wp-json\/wp\/v2\/product_cat?post=192540"},{"taxonomy":"product_tag","embeddable":true,"href":"https:\/\/mod.wisdar.net\/tr\/wp-json\/wp\/v2\/product_tag?post=192540"}],"curies":[{"name":"wp","href":"https:\/\/api.w.org\/{rel}","templated":true}]}}