{"id":192706,"date":"2026-04-01T13:33:27","date_gmt":"2026-04-01T13:33:27","guid":{"rendered":"https:\/\/modesthanim.com\/product\/pembe-tag-basic-kiz-okul-oncesi-pudra-spor-ayakkabi\/"},"modified":"2026-04-01T13:33:48","modified_gmt":"2026-04-01T13:33:48","slug":"pembe-tag-basic-kiz-okul-oncesi-pudra-spor-ayakkabi","status":"publish","type":"product","link":"https:\/\/mod.wisdar.net\/tr\/urun\/pembe-tag-basic-kiz-okul-oncesi-pudra-spor-ayakkabi\/","title":{"rendered":"Pembe Tag Basic K\u0131z Okul \u00d6ncesi Pudra Spor Ayakkab\u0131"},"content":{"rendered":"<p>Vicco Pembe Tag Basic K\u0131z Okul \u00d6ncesi Pudra Spor Ayakkab\u0131 size \u00f6zel indirim, taksit ve kap\u0131da \u00f6deme avantajlar\u0131yla LCW&#8217;de! Hemen online al\u0131\u015fveri\u015f yap, \u00fcr\u00fcn kap\u0131na gelsin! \u2013 S000371467-7152<\/p>\n<p>\u2014 Technical Details \u2014<br \/>\n\u00dcr\u00fcn Tipi: Sneaker<br \/>\nCinsiyet: K\u0131z \u00c7ocuk<br \/>\nKuma\u015f: Suni Deri<br \/>\nBurun \u015eekli: Yuvarlak Burun<br \/>\nTopuk Y\u00fcksekli\u011fi: 2 cm<br \/>\nAyakkab\u0131 Kapanma \u015eekli: Ba\u011fc\u0131k<br \/>\nTopuk \u015eekli: K\u0131sa Topuk<\/p>\n","protected":false},"excerpt":{"rendered":"<p>Vicco Pembe Tag Basic K\u0131z Okul \u00d6ncesi Pudra Spor Ayakkab\u0131 size \u00f6zel indirim, taksit ve kap\u0131da \u00f6deme avantajlar\u0131yla LCW&#8217;de! Hemen online al\u0131\u015fveri\u015f yap, \u00fcr\u00fcn kap\u0131na gelsin! \u2013 S000371467-7152 \u2014 Technical Details \u2014 \u00dcr\u00fcn Tipi: Sneaker Cinsiyet: K\u0131z \u00c7ocuk Kuma\u015f: Suni Deri Burun \u015eekli: Yuvarlak Burun Topuk Y\u00fcksekli\u011fi: 2 cm Ayakkab\u0131 Kapanma \u015eekli: Ba\u011fc\u0131k Topuk \u015eekli: [&hellip;]<\/p>\n","protected":false},"featured_media":192697,"comment_status":"open","ping_status":"closed","template":"","meta":[],"product_brand":[],"product_cat":[8736,8715,8694],"product_tag":[],"class_list":{"0":"post-192706","1":"product","2":"type-product","3":"status-publish","4":"has-post-thumbnail","6":"product_cat-ayakkabilar","7":"product_cat-kiz-cocuklari-2-14-yas","8":"product_cat-cocuklar","9":"pa_brand-vicco","10":"pa_color-pembe","11":"pa_size-7843","12":"pa_size-10735","13":"pa_size-7841","14":"pa_size-7842","16":"first","17":"instock","18":"sale","19":"shipping-taxable","20":"purchasable","21":"product-type-variable"},"_links":{"self":[{"href":"https:\/\/mod.wisdar.net\/tr\/wp-json\/wp\/v2\/product\/192706","targetHints":{"allow":["GET"]}}],"collection":[{"href":"https:\/\/mod.wisdar.net\/tr\/wp-json\/wp\/v2\/product"}],"about":[{"href":"https:\/\/mod.wisdar.net\/tr\/wp-json\/wp\/v2\/types\/product"}],"replies":[{"embeddable":true,"href":"https:\/\/mod.wisdar.net\/tr\/wp-json\/wp\/v2\/comments?post=192706"}],"wp:featuredmedia":[{"embeddable":true,"href":"https:\/\/mod.wisdar.net\/tr\/wp-json\/wp\/v2\/media\/192697"}],"wp:attachment":[{"href":"https:\/\/mod.wisdar.net\/tr\/wp-json\/wp\/v2\/media?parent=192706"}],"wp:term":[{"taxonomy":"product_brand","embeddable":true,"href":"https:\/\/mod.wisdar.net\/tr\/wp-json\/wp\/v2\/product_brand?post=192706"},{"taxonomy":"product_cat","embeddable":true,"href":"https:\/\/mod.wisdar.net\/tr\/wp-json\/wp\/v2\/product_cat?post=192706"},{"taxonomy":"product_tag","embeddable":true,"href":"https:\/\/mod.wisdar.net\/tr\/wp-json\/wp\/v2\/product_tag?post=192706"}],"curies":[{"name":"wp","href":"https:\/\/api.w.org\/{rel}","templated":true}]}}