{"id":192881,"date":"2026-04-01T15:52:33","date_gmt":"2026-04-01T15:52:33","guid":{"rendered":"https:\/\/modesthanim.com\/product\/bej-hayvan-baskili-erkek-bebek-sandalet\/"},"modified":"2026-04-01T15:53:01","modified_gmt":"2026-04-01T15:53:01","slug":"bej-hayvan-baskili-erkek-bebek-sandalet","status":"publish","type":"product","link":"https:\/\/mod.wisdar.net\/tr\/urun\/bej-hayvan-baskili-erkek-bebek-sandalet\/","title":{"rendered":"Bej Hayvan Bask\u0131l\u0131 Erkek Bebek Sandalet"},"content":{"rendered":"<p>LCW STEPS Bej Hayvan Bask\u0131l\u0131 Erkek Bebek Sandalet size \u00f6zel indirim, taksit ve kap\u0131da \u00f6deme avantajlar\u0131yla LCW&#8217;de! Hemen online al\u0131\u015fveri\u015f yap, \u00fcr\u00fcn kap\u0131na gelsin! \u2013 S6MB47Z1-VKK<\/p>\n<p>\u2014 Technical Details \u2014<br \/>\nDesen: Bask\u0131l\u0131<br \/>\nBurun \u015eekli: Yuvarlak Burun<br \/>\nAyakkab\u0131 Kapanma \u015eekli: Tokal\u0131<br \/>\n\u00dcr\u00fcn Tipi: Sandalet<br \/>\nCinsiyet: Erkek Bebek<\/p>\n","protected":false},"excerpt":{"rendered":"<p>LCW STEPS Bej Hayvan Bask\u0131l\u0131 Erkek Bebek Sandalet size \u00f6zel indirim, taksit ve kap\u0131da \u00f6deme avantajlar\u0131yla LCW&#8217;de! Hemen online al\u0131\u015fveri\u015f yap, \u00fcr\u00fcn kap\u0131na gelsin! \u2013 S6MB47Z1-VKK \u2014 Technical Details \u2014 Desen: Bask\u0131l\u0131 Burun \u015eekli: Yuvarlak Burun Ayakkab\u0131 Kapanma \u015eekli: Tokal\u0131 \u00dcr\u00fcn Tipi: Sandalet Cinsiyet: Erkek Bebek<\/p>\n","protected":false},"featured_media":192876,"comment_status":"open","ping_status":"closed","template":"","meta":[],"product_brand":[],"product_cat":[8694,8697,8700],"product_tag":[9660,12318,12320,12319,9486,12321],"class_list":{"0":"post-192881","1":"product","2":"type-product","3":"status-publish","4":"has-post-thumbnail","6":"product_cat-cocuklar","7":"product_cat-yenidogan-0-12-ay","8":"product_cat-yenidogan-giyim","9":"product_tag-animal-print","10":"product_tag-baby-sandals","11":"product_tag-beige-sandals","12":"product_tag-boys-sandals","13":"product_tag-infant-shoes","14":"product_tag-summer-footwear","15":"pa_brand-lcw-steps","16":"pa_color-bej","17":"pa_size-10726","18":"pa_size-7851","19":"pa_size-10734","20":"pa_size-7843","21":"pa_size-10735","22":"pa_size-7841","23":"pa_size-7842","25":"first","26":"instock","27":"sale","28":"shipping-taxable","29":"purchasable","30":"product-type-variable"},"_links":{"self":[{"href":"https:\/\/mod.wisdar.net\/tr\/wp-json\/wp\/v2\/product\/192881","targetHints":{"allow":["GET"]}}],"collection":[{"href":"https:\/\/mod.wisdar.net\/tr\/wp-json\/wp\/v2\/product"}],"about":[{"href":"https:\/\/mod.wisdar.net\/tr\/wp-json\/wp\/v2\/types\/product"}],"replies":[{"embeddable":true,"href":"https:\/\/mod.wisdar.net\/tr\/wp-json\/wp\/v2\/comments?post=192881"}],"wp:featuredmedia":[{"embeddable":true,"href":"https:\/\/mod.wisdar.net\/tr\/wp-json\/wp\/v2\/media\/192876"}],"wp:attachment":[{"href":"https:\/\/mod.wisdar.net\/tr\/wp-json\/wp\/v2\/media?parent=192881"}],"wp:term":[{"taxonomy":"product_brand","embeddable":true,"href":"https:\/\/mod.wisdar.net\/tr\/wp-json\/wp\/v2\/product_brand?post=192881"},{"taxonomy":"product_cat","embeddable":true,"href":"https:\/\/mod.wisdar.net\/tr\/wp-json\/wp\/v2\/product_cat?post=192881"},{"taxonomy":"product_tag","embeddable":true,"href":"https:\/\/mod.wisdar.net\/tr\/wp-json\/wp\/v2\/product_tag?post=192881"}],"curies":[{"name":"wp","href":"https:\/\/api.w.org\/{rel}","templated":true}]}}