{"id":192929,"date":"2026-04-01T15:57:10","date_gmt":"2026-04-01T15:57:10","guid":{"rendered":"https:\/\/modesthanim.com\/product\/yesil-ayicik-baskili-erkek-bebek-plaj-sandaleti\/"},"modified":"2026-04-01T15:57:32","modified_gmt":"2026-04-01T15:57:32","slug":"yesil-ayicik-baskili-erkek-bebek-plaj-sandaleti","status":"publish","type":"product","link":"https:\/\/mod.wisdar.net\/tr\/urun\/yesil-ayicik-baskili-erkek-bebek-plaj-sandaleti\/","title":{"rendered":"Ye\u015fil Ay\u0131c\u0131k Bask\u0131l\u0131 Erkek Bebek Plaj Sandaleti"},"content":{"rendered":"<p>LCW STEPS Ye\u015fil Ay\u0131c\u0131k Bask\u0131l\u0131 Erkek Bebek Plaj Sandaleti size \u00f6zel indirim, taksit ve kap\u0131da \u00f6deme avantajlar\u0131yla LCW&#8217;de! Hemen online al\u0131\u015fveri\u015f yap, \u00fcr\u00fcn kap\u0131na gelsin! \u2013 S6KI55Z1-VCG<\/p>\n<p>\u2014 Technical Details \u2014<br \/>\nMen\u015fei: Turk\u0131ye<br \/>\nSat\u0131c\u0131: LC Waikiki<br \/>\nMarka: LCW STEPS<br \/>\n\u00dcr\u00fcn Tipi: Sandalet<br \/>\nCinsiyet: Erkek Bebek<br \/>\nDesen: Bask\u0131l\u0131<br \/>\nBurun \u015eekli: Yuvarlak Burun<br \/>\nAyakkab\u0131 Kapanma \u015eekli: Tokal\u0131<\/p>\n","protected":false},"excerpt":{"rendered":"<p>LCW STEPS Ye\u015fil Ay\u0131c\u0131k Bask\u0131l\u0131 Erkek Bebek Plaj Sandaleti size \u00f6zel indirim, taksit ve kap\u0131da \u00f6deme avantajlar\u0131yla LCW&#8217;de! Hemen online al\u0131\u015fveri\u015f yap, \u00fcr\u00fcn kap\u0131na gelsin! \u2013 S6KI55Z1-VCG \u2014 Technical Details \u2014 Men\u015fei: Turk\u0131ye Sat\u0131c\u0131: LC Waikiki Marka: LCW STEPS \u00dcr\u00fcn Tipi: Sandalet Cinsiyet: Erkek Bebek Desen: Bask\u0131l\u0131 Burun \u015eekli: Yuvarlak Burun Ayakkab\u0131 Kapanma \u015eekli: Tokal\u0131<\/p>\n","protected":false},"featured_media":192922,"comment_status":"open","ping_status":"closed","template":"","meta":[],"product_brand":[],"product_cat":[8760,8739,8694],"product_tag":[],"class_list":{"0":"post-192929","1":"product","2":"type-product","3":"status-publish","4":"has-post-thumbnail","6":"product_cat-ayakkabilar","7":"product_cat-erkek-cocuklar-2-14-yas","8":"product_cat-cocuklar","9":"pa_brand-lcw-steps","10":"pa_color-yesil","11":"pa_size-23-24","12":"pa_size-25-26","13":"pa_size-27-28","14":"pa_size-29-30","15":"pa_size-31-32","17":"first","18":"instock","19":"sale","20":"shipping-taxable","21":"purchasable","22":"product-type-variable"},"_links":{"self":[{"href":"https:\/\/mod.wisdar.net\/tr\/wp-json\/wp\/v2\/product\/192929","targetHints":{"allow":["GET"]}}],"collection":[{"href":"https:\/\/mod.wisdar.net\/tr\/wp-json\/wp\/v2\/product"}],"about":[{"href":"https:\/\/mod.wisdar.net\/tr\/wp-json\/wp\/v2\/types\/product"}],"replies":[{"embeddable":true,"href":"https:\/\/mod.wisdar.net\/tr\/wp-json\/wp\/v2\/comments?post=192929"}],"wp:featuredmedia":[{"embeddable":true,"href":"https:\/\/mod.wisdar.net\/tr\/wp-json\/wp\/v2\/media\/192922"}],"wp:attachment":[{"href":"https:\/\/mod.wisdar.net\/tr\/wp-json\/wp\/v2\/media?parent=192929"}],"wp:term":[{"taxonomy":"product_brand","embeddable":true,"href":"https:\/\/mod.wisdar.net\/tr\/wp-json\/wp\/v2\/product_brand?post=192929"},{"taxonomy":"product_cat","embeddable":true,"href":"https:\/\/mod.wisdar.net\/tr\/wp-json\/wp\/v2\/product_cat?post=192929"},{"taxonomy":"product_tag","embeddable":true,"href":"https:\/\/mod.wisdar.net\/tr\/wp-json\/wp\/v2\/product_tag?post=192929"}],"curies":[{"name":"wp","href":"https:\/\/api.w.org\/{rel}","templated":true}]}}