{"id":192975,"date":"2026-04-01T16:31:18","date_gmt":"2026-04-01T16:31:18","guid":{"rendered":"https:\/\/modesthanim.com\/product\/beyaz-kuromi-baskili-kiz-cocuk-spor-ayakkabi\/"},"modified":"2026-04-11T07:32:35","modified_gmt":"2026-04-11T07:32:35","slug":"beyaz-kuromi-baskili-kiz-cocuk-spor-ayakkabi","status":"publish","type":"product","link":"https:\/\/mod.wisdar.net\/tr\/urun\/beyaz-kuromi-baskili-kiz-cocuk-spor-ayakkabi\/","title":{"rendered":"Beyaz Kuromi Bask\u0131l\u0131 K\u0131z \u00c7ocuk Spor Ayakkab\u0131"},"content":{"rendered":"<p>LCW STEPS Beyaz Kuromi Bask\u0131l\u0131 K\u0131z \u00c7ocuk Spor Ayakkab\u0131 size \u00f6zel indirim, taksit ve kap\u0131da \u00f6deme avantajlar\u0131yla LCW&#8217;de! Hemen online al\u0131\u015fveri\u015f yap, \u00fcr\u00fcn kap\u0131na gelsin! \u2013 S6E045Z4-ZUX<\/p>\n<p>\u2014 Technical Details \u2014<br \/>\n\u00dcr\u00fcn Tipi: Sneaker<br \/>\nCinsiyet: K\u0131z \u00c7ocuk<br \/>\nDesen: Bask\u0131l\u0131<br \/>\nLisans: Hello Kitty<br \/>\nBurun \u015eekli: Yuvarlak Burun<br \/>\nAyakkab\u0131 Kapanma \u015eekli: Ba\u011fc\u0131k ve C\u0131rt C\u0131rt<\/p>\n","protected":false},"excerpt":{"rendered":"<p>LCW STEPS Beyaz Kuromi Bask\u0131l\u0131 K\u0131z \u00c7ocuk Spor Ayakkab\u0131 size \u00f6zel indirim, taksit ve kap\u0131da \u00f6deme avantajlar\u0131yla LCW&#8217;de! Hemen online al\u0131\u015fveri\u015f yap, \u00fcr\u00fcn kap\u0131na gelsin! \u2013 S6E045Z4-ZUX \u2014 Technical Details \u2014 \u00dcr\u00fcn Tipi: Sneaker Cinsiyet: K\u0131z \u00c7ocuk Desen: Bask\u0131l\u0131 Lisans: Hello Kitty Burun \u015eekli: Yuvarlak Burun Ayakkab\u0131 Kapanma \u015eekli: Ba\u011fc\u0131k ve C\u0131rt C\u0131rt<\/p>\n","protected":false},"featured_media":192970,"comment_status":"open","ping_status":"closed","template":"","meta":[],"product_brand":[],"product_cat":[8736,8715,8694],"product_tag":[10359,9510,10355,12327,9497,10326,10405],"class_list":{"0":"post-192975","1":"product","2":"type-product","3":"status-publish","4":"has-post-thumbnail","6":"product_cat-ayakkabilar","7":"product_cat-kiz-cocuklari-2-14-yas","8":"product_cat-cocuklar","9":"product_tag-childrens-footwear","10":"product_tag-girls-shoes","11":"product_tag-hello-kitty","12":"product_tag-kuromi","13":"product_tag-sneakers","14":"product_tag-sports-shoes","15":"product_tag-white-sneakers","16":"pa_brand-lcw-steps","17":"pa_color-beyaz","18":"pa_size-7842","19":"pa_size-10738","20":"pa_size-7846","21":"pa_size-10739","22":"pa_size-4698","23":"pa_size-10742","24":"pa_size-4701","26":"first","27":"instock","28":"sale","29":"shipping-taxable","30":"purchasable","31":"product-type-variable"},"_links":{"self":[{"href":"https:\/\/mod.wisdar.net\/tr\/wp-json\/wp\/v2\/product\/192975","targetHints":{"allow":["GET"]}}],"collection":[{"href":"https:\/\/mod.wisdar.net\/tr\/wp-json\/wp\/v2\/product"}],"about":[{"href":"https:\/\/mod.wisdar.net\/tr\/wp-json\/wp\/v2\/types\/product"}],"replies":[{"embeddable":true,"href":"https:\/\/mod.wisdar.net\/tr\/wp-json\/wp\/v2\/comments?post=192975"}],"wp:featuredmedia":[{"embeddable":true,"href":"https:\/\/mod.wisdar.net\/tr\/wp-json\/wp\/v2\/media\/192970"}],"wp:attachment":[{"href":"https:\/\/mod.wisdar.net\/tr\/wp-json\/wp\/v2\/media?parent=192975"}],"wp:term":[{"taxonomy":"product_brand","embeddable":true,"href":"https:\/\/mod.wisdar.net\/tr\/wp-json\/wp\/v2\/product_brand?post=192975"},{"taxonomy":"product_cat","embeddable":true,"href":"https:\/\/mod.wisdar.net\/tr\/wp-json\/wp\/v2\/product_cat?post=192975"},{"taxonomy":"product_tag","embeddable":true,"href":"https:\/\/mod.wisdar.net\/tr\/wp-json\/wp\/v2\/product_tag?post=192975"}],"curies":[{"name":"wp","href":"https:\/\/api.w.org\/{rel}","templated":true}]}}