{"id":193277,"date":"2026-04-01T17:18:13","date_gmt":"2026-04-01T17:18:13","guid":{"rendered":"https:\/\/modesthanim.com\/product\/pembe-cicekli-kiz-cocuk-tutu-elbise\/"},"modified":"2026-04-11T09:01:26","modified_gmt":"2026-04-11T09:01:26","slug":"pembe-cicekli-kiz-cocuk-tutu-elbise","status":"publish","type":"product","link":"https:\/\/mod.wisdar.net\/tr\/urun\/pembe-cicekli-kiz-cocuk-tutu-elbise\/","title":{"rendered":"Pembe \u00c7i\u00e7ekli K\u0131z \u00c7ocuk T\u00fct\u00fc Elbise"},"content":{"rendered":"<p>LCW Kids Pembe \u00c7i\u00e7ekli K\u0131z \u00c7ocuk T\u00fct\u00fc Elbise size \u00f6zel indirim, taksit ve kap\u0131da \u00f6deme avantajlar\u0131yla LCW&#8217;de! Hemen online al\u0131\u015fveri\u015f yap, \u00fcr\u00fcn kap\u0131na gelsin! \u2013 S6GV41Z1-GAT<\/p>\n<p>\u2014 Technical Details \u2014<br \/>\nSat\u0131c\u0131: LC Waikiki<br \/>\nMarka: LCW Kids<br \/>\n\u00dcr\u00fcn Tipi: Abiye Elbise<br \/>\nCinsiyet: K\u0131z \u00c7ocuk<br \/>\nAstar Detay: Pamuk Astar<br \/>\nDesen: \u00c7i\u00e7ekli<br \/>\nKal\u0131p: Standart &amp; Regular<br \/>\nKol Boyu: K\u0131sa Kollu<br \/>\nUzunluk: Diz \u00dcst\u00fc<br \/>\nYaka: Bisiklet Yaka<br \/>\nKoleksiyon: Do\u011fum G\u00fcn\u00fc<br \/>\nStil: Parti<br \/>\nKol Tipi: Balon Kol<br \/>\nSiluet: T\u00fct\u00fc<br \/>\nKuma\u015f: T\u00fcl<br \/>\nKal\u0131nl\u0131k: \u0130nce<\/p>\n","protected":false},"excerpt":{"rendered":"<p>LCW Kids Pembe \u00c7i\u00e7ekli K\u0131z \u00c7ocuk T\u00fct\u00fc Elbise size \u00f6zel indirim, taksit ve kap\u0131da \u00f6deme avantajlar\u0131yla LCW&#8217;de! Hemen online al\u0131\u015fveri\u015f yap, \u00fcr\u00fcn kap\u0131na gelsin! \u2013 S6GV41Z1-GAT \u2014 Technical Details \u2014 Sat\u0131c\u0131: LC Waikiki Marka: LCW Kids \u00dcr\u00fcn Tipi: Abiye Elbise Cinsiyet: K\u0131z \u00c7ocuk Astar Detay: Pamuk Astar Desen: \u00c7i\u00e7ekli Kal\u0131p: Standart &amp; Regular Kol Boyu: [&hellip;]<\/p>\n","protected":false},"featured_media":193273,"comment_status":"open","ping_status":"closed","template":"","meta":[],"product_brand":[],"product_cat":[8718,8715,8694],"product_tag":[8418,7549,8023,7508,8244],"class_list":{"0":"post-193277","1":"product","2":"type-product","3":"status-publish","4":"has-post-thumbnail","6":"product_cat-elbiseler-etekler","7":"product_cat-kiz-cocuklari-2-14-yas","8":"product_cat-cocuklar","9":"product_tag-abiye-elbise","10":"product_tag-balon-kol","11":"product_tag-bisiklet-yaka","12":"product_tag-cicekli","13":"product_tag-standart-normal","14":"pa_brand-lcw-kids","15":"pa_color-pembe","16":"pa_size-1-2-yas","17":"pa_size-2-3-yas","18":"pa_size-3-4-yas","19":"pa_size-4-5-yas","20":"pa_size-5-6-yas","21":"pa_size-6-7-yas","22":"pa_size-7-8-yas","24":"first","25":"instock","26":"sale","27":"shipping-taxable","28":"purchasable","29":"product-type-variable"},"_links":{"self":[{"href":"https:\/\/mod.wisdar.net\/tr\/wp-json\/wp\/v2\/product\/193277","targetHints":{"allow":["GET"]}}],"collection":[{"href":"https:\/\/mod.wisdar.net\/tr\/wp-json\/wp\/v2\/product"}],"about":[{"href":"https:\/\/mod.wisdar.net\/tr\/wp-json\/wp\/v2\/types\/product"}],"replies":[{"embeddable":true,"href":"https:\/\/mod.wisdar.net\/tr\/wp-json\/wp\/v2\/comments?post=193277"}],"wp:featuredmedia":[{"embeddable":true,"href":"https:\/\/mod.wisdar.net\/tr\/wp-json\/wp\/v2\/media\/193273"}],"wp:attachment":[{"href":"https:\/\/mod.wisdar.net\/tr\/wp-json\/wp\/v2\/media?parent=193277"}],"wp:term":[{"taxonomy":"product_brand","embeddable":true,"href":"https:\/\/mod.wisdar.net\/tr\/wp-json\/wp\/v2\/product_brand?post=193277"},{"taxonomy":"product_cat","embeddable":true,"href":"https:\/\/mod.wisdar.net\/tr\/wp-json\/wp\/v2\/product_cat?post=193277"},{"taxonomy":"product_tag","embeddable":true,"href":"https:\/\/mod.wisdar.net\/tr\/wp-json\/wp\/v2\/product_tag?post=193277"}],"curies":[{"name":"wp","href":"https:\/\/api.w.org\/{rel}","templated":true}]}}