{"id":193322,"date":"2026-04-01T17:18:53","date_gmt":"2026-04-01T17:18:53","guid":{"rendered":"https:\/\/modesthanim.com\/product\/ekru-bisiklet-yaka-kiz-cocuk-tutu-elbise\/"},"modified":"2026-04-04T09:32:47","modified_gmt":"2026-04-04T09:32:47","slug":"ekru-bisiklet-yaka-kiz-cocuk-tutu-elbise","status":"publish","type":"product","link":"https:\/\/mod.wisdar.net\/tr\/urun\/ekru-bisiklet-yaka-kiz-cocuk-tutu-elbise\/","title":{"rendered":"Ekru Bisiklet Yaka K\u0131z \u00c7ocuk T\u00fct\u00fc Elbise"},"content":{"rendered":"<p>LCW Kids Ekru Bisiklet Yaka K\u0131z \u00c7ocuk T\u00fct\u00fc Elbise size \u00f6zel indirim, taksit ve kap\u0131da \u00f6deme avantajlar\u0131yla LCW&#8217;de! Hemen online al\u0131\u015fveri\u015f yap, \u00fcr\u00fcn kap\u0131na gelsin! \u2013 S6KP74Z1-R9J<\/p>\n<p>\u2014 Technical Details \u2014<br \/>\ngender: K\u0131z \u00c7ocuk<br \/>\nfit: Dar &amp; Slim<br \/>\nfabric: Ka\u015fkorse<br \/>\nstyle: \u015e\u0131k<br \/>\nsilhouette: T\u00fct\u00fc<br \/>\nlining_detail: Astarl\u0131<br \/>\nlength: K\u0131sa<br \/>\nmaterial: Y\u00fcksek Pamuk \u0130\u00e7erir<br \/>\ncollar: Bisiklet Yaka<br \/>\nsleeve_length: K\u0131sa Kollu<br \/>\ncollection: Do\u011fum G\u00fcn\u00fc<br \/>\npattern: Nak\u0131\u015fl\u0131<\/p>\n","protected":false},"excerpt":{"rendered":"<p>LCW Kids Ekru Bisiklet Yaka K\u0131z \u00c7ocuk T\u00fct\u00fc Elbise size \u00f6zel indirim, taksit ve kap\u0131da \u00f6deme avantajlar\u0131yla LCW&#8217;de! Hemen online al\u0131\u015fveri\u015f yap, \u00fcr\u00fcn kap\u0131na gelsin! \u2013 S6KP74Z1-R9J \u2014 Technical Details \u2014 gender: K\u0131z \u00c7ocuk fit: Dar &amp; Slim fabric: Ka\u015fkorse style: \u015e\u0131k silhouette: T\u00fct\u00fc lining_detail: Astarl\u0131 length: K\u0131sa material: Y\u00fcksek Pamuk \u0130\u00e7erir collar: Bisiklet Yaka [&hellip;]<\/p>\n","protected":false},"featured_media":193317,"comment_status":"open","ping_status":"closed","template":"","meta":[],"product_brand":[],"product_cat":[8718,8715,8694],"product_tag":[6921,8023,5012,8173,6778,7811],"class_list":{"0":"post-193322","1":"product","2":"type-product","3":"status-publish","4":"has-post-thumbnail","6":"product_cat-elbiseler-etekler","7":"product_cat-kiz-cocuklari-2-14-yas","8":"product_cat-cocuklar","9":"product_tag-astarli","10":"product_tag-bisiklet-yaka","11":"product_tag-elegant","12":"product_tag-kasmir","13":"product_tag-kisa","14":"product_tag-yuksek-pamuk-icerigi","15":"pa_brand-lcw-kids","16":"pa_color-ekru","17":"pa_size-1-2-yas","18":"pa_size-2-3-yas","19":"pa_size-3-4-yas","20":"pa_size-4-5-yas","21":"pa_size-5-6-yas","22":"pa_size-6-7-yas","23":"pa_size-7-8-yas","25":"first","26":"instock","27":"sale","28":"shipping-taxable","29":"purchasable","30":"product-type-variable"},"_links":{"self":[{"href":"https:\/\/mod.wisdar.net\/tr\/wp-json\/wp\/v2\/product\/193322","targetHints":{"allow":["GET"]}}],"collection":[{"href":"https:\/\/mod.wisdar.net\/tr\/wp-json\/wp\/v2\/product"}],"about":[{"href":"https:\/\/mod.wisdar.net\/tr\/wp-json\/wp\/v2\/types\/product"}],"replies":[{"embeddable":true,"href":"https:\/\/mod.wisdar.net\/tr\/wp-json\/wp\/v2\/comments?post=193322"}],"wp:featuredmedia":[{"embeddable":true,"href":"https:\/\/mod.wisdar.net\/tr\/wp-json\/wp\/v2\/media\/193317"}],"wp:attachment":[{"href":"https:\/\/mod.wisdar.net\/tr\/wp-json\/wp\/v2\/media?parent=193322"}],"wp:term":[{"taxonomy":"product_brand","embeddable":true,"href":"https:\/\/mod.wisdar.net\/tr\/wp-json\/wp\/v2\/product_brand?post=193322"},{"taxonomy":"product_cat","embeddable":true,"href":"https:\/\/mod.wisdar.net\/tr\/wp-json\/wp\/v2\/product_cat?post=193322"},{"taxonomy":"product_tag","embeddable":true,"href":"https:\/\/mod.wisdar.net\/tr\/wp-json\/wp\/v2\/product_tag?post=193322"}],"curies":[{"name":"wp","href":"https:\/\/api.w.org\/{rel}","templated":true}]}}