{"id":193420,"date":"2026-04-01T17:20:46","date_gmt":"2026-04-01T17:20:46","guid":{"rendered":"https:\/\/modesthanim.com\/product\/beyaz-kare-yaka-kiz-cocuk-elbise\/"},"modified":"2026-04-01T17:21:25","modified_gmt":"2026-04-01T17:21:25","slug":"beyaz-kare-yaka-kiz-cocuk-elbise","status":"publish","type":"product","link":"https:\/\/mod.wisdar.net\/tr\/urun\/beyaz-kare-yaka-kiz-cocuk-elbise\/","title":{"rendered":"Beyaz Kare Yaka K\u0131z \u00c7ocuk Elbise"},"content":{"rendered":"<p>LCW Kids Beyaz Kare Yaka K\u0131z \u00c7ocuk Elbise size \u00f6zel indirim, taksit ve kap\u0131da \u00f6deme avantajlar\u0131yla LCW&#8217;de! Hemen online al\u0131\u015fveri\u015f yap, \u00fcr\u00fcn kap\u0131na gelsin! \u2013 S5HR92Z4-Q6K<\/p>\n<p>\u2014 Technical Details \u2014<br \/>\nMen\u015fei: Turk\u0131ye<br \/>\nSat\u0131c\u0131: LC Waikiki<br \/>\nMarka: LCW Kids<br \/>\n\u00dcr\u00fcn Tipi: Elbise<br \/>\nCinsiyet: K\u0131z \u00c7ocuk<br \/>\nKal\u0131p: Standart &amp; Regular<br \/>\nKuma\u015f: Brode<br \/>\nStil: \u015e\u0131k<br \/>\nSiluet: Prenses<br \/>\nAstar Detay: Astarl\u0131<br \/>\nUzunluk: K\u0131sa<br \/>\nMalzeme: Y\u00fcksek Pamuk \u0130\u00e7erir<br \/>\nYaka: Kare Yaka<br \/>\nKol Boyu: K\u0131sa Kollu<br \/>\nKoleksiyon: Do\u011fum G\u00fcn\u00fc<br \/>\nDesen: Desenli<br \/>\nKol Tipi: Geni\u015f Kol<\/p>\n","protected":false},"excerpt":{"rendered":"<p>LCW Kids Beyaz Kare Yaka K\u0131z \u00c7ocuk Elbise size \u00f6zel indirim, taksit ve kap\u0131da \u00f6deme avantajlar\u0131yla LCW&#8217;de! Hemen online al\u0131\u015fveri\u015f yap, \u00fcr\u00fcn kap\u0131na gelsin! \u2013 S5HR92Z4-Q6K \u2014 Technical Details \u2014 Men\u015fei: Turk\u0131ye Sat\u0131c\u0131: LC Waikiki Marka: LCW Kids \u00dcr\u00fcn Tipi: Elbise Cinsiyet: K\u0131z \u00c7ocuk Kal\u0131p: Standart &amp; Regular Kuma\u015f: Brode Stil: \u015e\u0131k Siluet: Prenses Astar [&hellip;]<\/p>\n","protected":false},"featured_media":193416,"comment_status":"open","ping_status":"closed","template":"","meta":[],"product_brand":[],"product_cat":[8718,8715,8694],"product_tag":[12335,12336,10319,8906,5960,8927,5209],"class_list":{"0":"post-193420","1":"product","2":"type-product","3":"status-publish","4":"has-post-thumbnail","6":"product_cat-elbiseler-etekler","7":"product_cat-kiz-cocuklari-2-14-yas","8":"product_cat-cocuklar","9":"product_tag-birthday-dress","10":"product_tag-brocade-fabric","11":"product_tag-girls-dress-3","12":"product_tag-lcw-kids","13":"product_tag-party-dress","14":"product_tag-square-neck","15":"product_tag-white-dress","16":"pa_brand-lcw-kids","17":"pa_color-beyaz","18":"pa_size-10-11-yas","19":"pa_size-11-12-yas","20":"pa_size-12-13-yas","21":"pa_size-13-14-yas","22":"pa_size-6-7-yas","23":"pa_size-7-8-yas","24":"pa_size-8-9-yas","25":"pa_size-9-10-yas","27":"first","28":"instock","29":"sale","30":"shipping-taxable","31":"purchasable","32":"product-type-variable"},"_links":{"self":[{"href":"https:\/\/mod.wisdar.net\/tr\/wp-json\/wp\/v2\/product\/193420","targetHints":{"allow":["GET"]}}],"collection":[{"href":"https:\/\/mod.wisdar.net\/tr\/wp-json\/wp\/v2\/product"}],"about":[{"href":"https:\/\/mod.wisdar.net\/tr\/wp-json\/wp\/v2\/types\/product"}],"replies":[{"embeddable":true,"href":"https:\/\/mod.wisdar.net\/tr\/wp-json\/wp\/v2\/comments?post=193420"}],"wp:featuredmedia":[{"embeddable":true,"href":"https:\/\/mod.wisdar.net\/tr\/wp-json\/wp\/v2\/media\/193416"}],"wp:attachment":[{"href":"https:\/\/mod.wisdar.net\/tr\/wp-json\/wp\/v2\/media?parent=193420"}],"wp:term":[{"taxonomy":"product_brand","embeddable":true,"href":"https:\/\/mod.wisdar.net\/tr\/wp-json\/wp\/v2\/product_brand?post=193420"},{"taxonomy":"product_cat","embeddable":true,"href":"https:\/\/mod.wisdar.net\/tr\/wp-json\/wp\/v2\/product_cat?post=193420"},{"taxonomy":"product_tag","embeddable":true,"href":"https:\/\/mod.wisdar.net\/tr\/wp-json\/wp\/v2\/product_tag?post=193420"}],"curies":[{"name":"wp","href":"https:\/\/api.w.org\/{rel}","templated":true}]}}