{"id":193467,"date":"2026-04-01T17:21:55","date_gmt":"2026-04-01T17:21:55","guid":{"rendered":"https:\/\/modesthanim.com\/product\/beyaz-fiyonk-detayli-kiz-cocuk-elbise\/"},"modified":"2026-04-01T17:22:39","modified_gmt":"2026-04-01T17:22:39","slug":"beyaz-fiyonk-detayli-kiz-cocuk-elbise","status":"publish","type":"product","link":"https:\/\/mod.wisdar.net\/tr\/urun\/beyaz-fiyonk-detayli-kiz-cocuk-elbise\/","title":{"rendered":"Beyaz Fiyonk Detayl\u0131 K\u0131z \u00c7ocuk Elbise"},"content":{"rendered":"<p>LCW Kids Beyaz Fiyonk Detayl\u0131 K\u0131z \u00c7ocuk Elbise size \u00f6zel indirim, taksit ve kap\u0131da \u00f6deme avantajlar\u0131yla LCW&#8217;de! Hemen online al\u0131\u015fveri\u015f yap, \u00fcr\u00fcn kap\u0131na gelsin! \u2013 S5QB74Z4-Q6K<\/p>\n<p>\u2014 Technical Details \u2014<br \/>\nSat\u0131c\u0131: LC Waikiki<br \/>\nMarka: LCW Kids<br \/>\n\u00dcr\u00fcn Tipi: Elbise<br \/>\nCinsiyet: K\u0131z \u00c7ocuk<br \/>\nKal\u0131p: Standart &amp; Regular<br \/>\nKuma\u015f: Arm\u00fcrl\u00fc<br \/>\nStil: \u015e\u0131k<br \/>\nSiluet: A Kesim<br \/>\nAstar Detay: Astars\u0131z<br \/>\nUzunluk: K\u0131sa<br \/>\nYaka: Bisiklet Yaka<br \/>\nKol Boyu: Kolsuz<br \/>\nDesen: D\u00fcz<\/p>\n","protected":false},"excerpt":{"rendered":"<p>LCW Kids Beyaz Fiyonk Detayl\u0131 K\u0131z \u00c7ocuk Elbise size \u00f6zel indirim, taksit ve kap\u0131da \u00f6deme avantajlar\u0131yla LCW&#8217;de! Hemen online al\u0131\u015fveri\u015f yap, \u00fcr\u00fcn kap\u0131na gelsin! \u2013 S5QB74Z4-Q6K \u2014 Technical Details \u2014 Sat\u0131c\u0131: LC Waikiki Marka: LCW Kids \u00dcr\u00fcn Tipi: Elbise Cinsiyet: K\u0131z \u00c7ocuk Kal\u0131p: Standart &amp; Regular Kuma\u015f: Arm\u00fcrl\u00fc Stil: \u015e\u0131k Siluet: A Kesim Astar Detay: [&hellip;]<\/p>\n","protected":false},"featured_media":193463,"comment_status":"open","ping_status":"closed","template":"","meta":[],"product_brand":[],"product_cat":[8718,8715,8694],"product_tag":[4847,8399,6877],"class_list":{"0":"post-193467","1":"product","2":"type-product","3":"status-publish","4":"has-post-thumbnail","6":"product_cat-elbiseler-etekler","7":"product_cat-kiz-cocuklari-2-14-yas","8":"product_cat-cocuklar","9":"product_tag-a-line","10":"product_tag-sik-2","11":"product_tag-yaz-elbisesi","12":"pa_brand-lcw-kids","13":"pa_color-beyaz","14":"pa_size-10-11-yas","15":"pa_size-11-12-yas","16":"pa_size-12-13-yas","17":"pa_size-13-14-yas","18":"pa_size-6-7-yas","19":"pa_size-7-8-yas","20":"pa_size-8-9-yas","21":"pa_size-9-10-yas","23":"first","24":"instock","25":"sale","26":"shipping-taxable","27":"purchasable","28":"product-type-variable"},"_links":{"self":[{"href":"https:\/\/mod.wisdar.net\/tr\/wp-json\/wp\/v2\/product\/193467","targetHints":{"allow":["GET"]}}],"collection":[{"href":"https:\/\/mod.wisdar.net\/tr\/wp-json\/wp\/v2\/product"}],"about":[{"href":"https:\/\/mod.wisdar.net\/tr\/wp-json\/wp\/v2\/types\/product"}],"replies":[{"embeddable":true,"href":"https:\/\/mod.wisdar.net\/tr\/wp-json\/wp\/v2\/comments?post=193467"}],"wp:featuredmedia":[{"embeddable":true,"href":"https:\/\/mod.wisdar.net\/tr\/wp-json\/wp\/v2\/media\/193463"}],"wp:attachment":[{"href":"https:\/\/mod.wisdar.net\/tr\/wp-json\/wp\/v2\/media?parent=193467"}],"wp:term":[{"taxonomy":"product_brand","embeddable":true,"href":"https:\/\/mod.wisdar.net\/tr\/wp-json\/wp\/v2\/product_brand?post=193467"},{"taxonomy":"product_cat","embeddable":true,"href":"https:\/\/mod.wisdar.net\/tr\/wp-json\/wp\/v2\/product_cat?post=193467"},{"taxonomy":"product_tag","embeddable":true,"href":"https:\/\/mod.wisdar.net\/tr\/wp-json\/wp\/v2\/product_tag?post=193467"}],"curies":[{"name":"wp","href":"https:\/\/api.w.org\/{rel}","templated":true}]}}