{"id":193558,"date":"2026-04-01T17:24:34","date_gmt":"2026-04-01T17:24:34","guid":{"rendered":"https:\/\/modesthanim.com\/product\/ekru-puantiyeli-kiz-cocuk-tul-elbise\/"},"modified":"2026-04-01T17:25:12","modified_gmt":"2026-04-01T17:25:12","slug":"ekru-puantiyeli-kiz-cocuk-tul-elbise","status":"publish","type":"product","link":"https:\/\/mod.wisdar.net\/tr\/urun\/ekru-puantiyeli-kiz-cocuk-tul-elbise\/","title":{"rendered":"Ekru Puantiyeli K\u0131z \u00c7ocuk T\u00fcl Elbise"},"content":{"rendered":"<p>LCW Kids Ekru Puantiyeli K\u0131z \u00c7ocuk T\u00fcl Elbise size \u00f6zel indirim, taksit ve kap\u0131da \u00f6deme avantajlar\u0131yla LCW&#8217;de! Hemen online al\u0131\u015fveri\u015f yap, \u00fcr\u00fcn kap\u0131na gelsin! \u2013 S6LA92Z4-R9J<\/p>\n<p>\u2014 Technical Details \u2014<br \/>\ngender: K\u0131z \u00c7ocuk<br \/>\nproduct_type: Elbise<br \/>\nfit: Standart &amp; Regular<br \/>\nfabric: \u0130nterlok<br \/>\nstyle: \u015e\u0131k<br \/>\nsilhouette: Katkat<br \/>\nlining_detail: Astarl\u0131<br \/>\nlength: Diz \u00dcst\u00fc<br \/>\ncollar: Bisiklet Yaka<br \/>\nsleeve_length: Kolsuz<br \/>\npattern: Puantiye<\/p>\n","protected":false},"excerpt":{"rendered":"<p>LCW Kids Ekru Puantiyeli K\u0131z \u00c7ocuk T\u00fcl Elbise size \u00f6zel indirim, taksit ve kap\u0131da \u00f6deme avantajlar\u0131yla LCW&#8217;de! Hemen online al\u0131\u015fveri\u015f yap, \u00fcr\u00fcn kap\u0131na gelsin! \u2013 S6LA92Z4-R9J \u2014 Technical Details \u2014 gender: K\u0131z \u00c7ocuk product_type: Elbise fit: Standart &amp; Regular fabric: \u0130nterlok style: \u015e\u0131k silhouette: Katkat lining_detail: Astarl\u0131 length: Diz \u00dcst\u00fc collar: Bisiklet Yaka sleeve_length: Kolsuz [&hellip;]<\/p>\n","protected":false},"featured_media":193554,"comment_status":"open","ping_status":"closed","template":"","meta":[],"product_brand":[],"product_cat":[8718,8715,8694],"product_tag":[6757,5012],"class_list":{"0":"post-193558","1":"product","2":"type-product","3":"status-publish","4":"has-post-thumbnail","6":"product_cat-elbiseler-etekler","7":"product_cat-kiz-cocuklari-2-14-yas","8":"product_cat-cocuklar","9":"product_tag-ekru","10":"product_tag-elegant","11":"pa_brand-lcw-kids","12":"pa_color-ekru","13":"pa_size-10-11-yas","14":"pa_size-11-12-yas","15":"pa_size-7-8-yas","16":"pa_size-8-9-yas","17":"pa_size-9-10-yas","19":"first","20":"instock","21":"sale","22":"shipping-taxable","23":"purchasable","24":"product-type-variable"},"_links":{"self":[{"href":"https:\/\/mod.wisdar.net\/tr\/wp-json\/wp\/v2\/product\/193558","targetHints":{"allow":["GET"]}}],"collection":[{"href":"https:\/\/mod.wisdar.net\/tr\/wp-json\/wp\/v2\/product"}],"about":[{"href":"https:\/\/mod.wisdar.net\/tr\/wp-json\/wp\/v2\/types\/product"}],"replies":[{"embeddable":true,"href":"https:\/\/mod.wisdar.net\/tr\/wp-json\/wp\/v2\/comments?post=193558"}],"wp:featuredmedia":[{"embeddable":true,"href":"https:\/\/mod.wisdar.net\/tr\/wp-json\/wp\/v2\/media\/193554"}],"wp:attachment":[{"href":"https:\/\/mod.wisdar.net\/tr\/wp-json\/wp\/v2\/media?parent=193558"}],"wp:term":[{"taxonomy":"product_brand","embeddable":true,"href":"https:\/\/mod.wisdar.net\/tr\/wp-json\/wp\/v2\/product_brand?post=193558"},{"taxonomy":"product_cat","embeddable":true,"href":"https:\/\/mod.wisdar.net\/tr\/wp-json\/wp\/v2\/product_cat?post=193558"},{"taxonomy":"product_tag","embeddable":true,"href":"https:\/\/mod.wisdar.net\/tr\/wp-json\/wp\/v2\/product_tag?post=193558"}],"curies":[{"name":"wp","href":"https:\/\/api.w.org\/{rel}","templated":true}]}}