{"id":193752,"date":"2026-04-01T17:35:18","date_gmt":"2026-04-01T17:35:18","guid":{"rendered":"https:\/\/modesthanim.com\/product\/beyaz-file-detayli-kiz-cocuk-spor-ayakkabi-2\/"},"modified":"2026-04-11T09:53:23","modified_gmt":"2026-04-11T09:53:23","slug":"beyaz-file-detayli-kiz-cocuk-spor-ayakkabi-2","status":"publish","type":"product","link":"https:\/\/mod.wisdar.net\/tr\/urun\/beyaz-file-detayli-kiz-cocuk-spor-ayakkabi-2\/","title":{"rendered":"Beyaz File Detayl\u0131 K\u0131z \u00c7ocuk Spor Ayakkab\u0131"},"content":{"rendered":"<p>LCW STEPS Beyaz File Detayl\u0131 K\u0131z \u00c7ocuk Spor Ayakkab\u0131 size \u00f6zel indirim, taksit ve kap\u0131da \u00f6deme avantajlar\u0131yla LCW&#8217;de! Hemen online al\u0131\u015fveri\u015f yap, \u00fcr\u00fcn kap\u0131na gelsin! \u2013 S6ID68Z4-Q6K<\/p>\n<p>\u2014 Technical Details \u2014<br \/>\n\u00dcr\u00fcn Tipi: Sneaker<br \/>\nCinsiyet: K\u0131z \u00c7ocuk<br \/>\nKuma\u015f: File<br \/>\nDesen: D\u00fcz<br \/>\nBurun \u015eekli: Yuvarlak Burun<br \/>\nAyakkab\u0131 Kapanma \u015eekli: Ba\u011fc\u0131k<\/p>\n","protected":false},"excerpt":{"rendered":"<p>LCW STEPS Beyaz File Detayl\u0131 K\u0131z \u00c7ocuk Spor Ayakkab\u0131 size \u00f6zel indirim, taksit ve kap\u0131da \u00f6deme avantajlar\u0131yla LCW&#8217;de! Hemen online al\u0131\u015fveri\u015f yap, \u00fcr\u00fcn kap\u0131na gelsin! \u2013 S6ID68Z4-Q6K \u2014 Technical Details \u2014 \u00dcr\u00fcn Tipi: Sneaker Cinsiyet: K\u0131z \u00c7ocuk Kuma\u015f: File Desen: D\u00fcz Burun \u015eekli: Yuvarlak Burun Ayakkab\u0131 Kapanma \u015eekli: Ba\u011fc\u0131k<\/p>\n","protected":false},"featured_media":193747,"comment_status":"open","ping_status":"closed","template":"","meta":[],"product_brand":[],"product_cat":[8736,8715,8694],"product_tag":[7802],"class_list":{"0":"post-193752","1":"product","2":"type-product","3":"status-publish","4":"has-post-thumbnail","6":"product_cat-ayakkabilar","7":"product_cat-kiz-cocuklari-2-14-yas","8":"product_cat-cocuklar","9":"product_tag-duz","10":"pa_brand-lcw-steps","11":"pa_color-buxe-beyazi","12":"pa_size-10739","13":"pa_size-4698","14":"pa_size-10742","15":"pa_size-4701","16":"pa_size-10745","17":"pa_size-4706","19":"first","20":"instock","21":"sale","22":"shipping-taxable","23":"purchasable","24":"product-type-variable"},"_links":{"self":[{"href":"https:\/\/mod.wisdar.net\/tr\/wp-json\/wp\/v2\/product\/193752","targetHints":{"allow":["GET"]}}],"collection":[{"href":"https:\/\/mod.wisdar.net\/tr\/wp-json\/wp\/v2\/product"}],"about":[{"href":"https:\/\/mod.wisdar.net\/tr\/wp-json\/wp\/v2\/types\/product"}],"replies":[{"embeddable":true,"href":"https:\/\/mod.wisdar.net\/tr\/wp-json\/wp\/v2\/comments?post=193752"}],"wp:featuredmedia":[{"embeddable":true,"href":"https:\/\/mod.wisdar.net\/tr\/wp-json\/wp\/v2\/media\/193747"}],"wp:attachment":[{"href":"https:\/\/mod.wisdar.net\/tr\/wp-json\/wp\/v2\/media?parent=193752"}],"wp:term":[{"taxonomy":"product_brand","embeddable":true,"href":"https:\/\/mod.wisdar.net\/tr\/wp-json\/wp\/v2\/product_brand?post=193752"},{"taxonomy":"product_cat","embeddable":true,"href":"https:\/\/mod.wisdar.net\/tr\/wp-json\/wp\/v2\/product_cat?post=193752"},{"taxonomy":"product_tag","embeddable":true,"href":"https:\/\/mod.wisdar.net\/tr\/wp-json\/wp\/v2\/product_tag?post=193752"}],"curies":[{"name":"wp","href":"https:\/\/api.w.org\/{rel}","templated":true}]}}