{"id":193798,"date":"2026-04-01T17:36:49","date_gmt":"2026-04-01T17:36:49","guid":{"rendered":"https:\/\/modesthanim.com\/product\/siyah-toka-bantli-zimba-detayli-kiz-cocuk-babet\/"},"modified":"2026-04-11T06:33:49","modified_gmt":"2026-04-11T06:33:49","slug":"siyah-toka-bantli-zimba-detayli-kiz-cocuk-babet","status":"publish","type":"product","link":"https:\/\/mod.wisdar.net\/tr\/urun\/siyah-toka-bantli-zimba-detayli-kiz-cocuk-babet\/","title":{"rendered":"Siyah Toka Bantl\u0131 Z\u0131mba Detayl\u0131 K\u0131z \u00c7ocuk Babet"},"content":{"rendered":"<p>LCW STEPS Siyah Toka Bantl\u0131 Z\u0131mba Detayl\u0131 K\u0131z \u00c7ocuk Babet size \u00f6zel indirim, taksit ve kap\u0131da \u00f6deme avantajlar\u0131yla LCW&#8217;de! Hemen online al\u0131\u015fveri\u015f yap, \u00fcr\u00fcn kap\u0131na gelsin! \u2013 S6AJ72Z4-RQL<\/p>\n<p>\u2014 Technical Details \u2014<br \/>\nMen\u015fei: Turk\u0131ye<br \/>\nSat\u0131c\u0131: LC Waikiki<br \/>\nMarka: LCW STEPS<br \/>\n\u00dcr\u00fcn Tipi: Babet<br \/>\nCinsiyet: K\u0131z \u00c7ocuk<br \/>\nDesen: Ta\u015fl\u0131<br \/>\nBurun \u015eekli: Oval Burun<br \/>\nAyakkab\u0131 Kapanma \u015eekli: Tokal\u0131<\/p>\n","protected":false},"excerpt":{"rendered":"<p>LCW STEPS Siyah Toka Bantl\u0131 Z\u0131mba Detayl\u0131 K\u0131z \u00c7ocuk Babet size \u00f6zel indirim, taksit ve kap\u0131da \u00f6deme avantajlar\u0131yla LCW&#8217;de! Hemen online al\u0131\u015fveri\u015f yap, \u00fcr\u00fcn kap\u0131na gelsin! \u2013 S6AJ72Z4-RQL \u2014 Technical Details \u2014 Men\u015fei: Turk\u0131ye Sat\u0131c\u0131: LC Waikiki Marka: LCW STEPS \u00dcr\u00fcn Tipi: Babet Cinsiyet: K\u0131z \u00c7ocuk Desen: Ta\u015fl\u0131 Burun \u015eekli: Oval Burun Ayakkab\u0131 Kapanma \u015eekli: [&hellip;]<\/p>\n","protected":false},"featured_media":193793,"comment_status":"open","ping_status":"closed","template":"","meta":[],"product_brand":[],"product_cat":[8736,8715,8694],"product_tag":[10363,10383,12343,10341,9510,12344],"class_list":{"0":"post-193798","1":"product","2":"type-product","3":"status-publish","4":"has-post-thumbnail","6":"product_cat-ayakkabilar","7":"product_cat-kiz-cocuklari-2-14-yas","8":"product_cat-cocuklar","9":"product_tag-ballet-flats","10":"product_tag-black-shoes","11":"product_tag-bow-strap","12":"product_tag-casual-footwear","13":"product_tag-girls-shoes","14":"product_tag-studded-detail","15":"pa_brand-lcw-steps","16":"pa_color-siyah","17":"pa_size-7842","18":"pa_size-10738","19":"pa_size-7846","20":"pa_size-10739","21":"pa_size-4698","22":"pa_size-10742","23":"pa_size-4701","24":"pa_size-10745","26":"first","27":"instock","28":"sale","29":"shipping-taxable","30":"purchasable","31":"product-type-variable"},"_links":{"self":[{"href":"https:\/\/mod.wisdar.net\/tr\/wp-json\/wp\/v2\/product\/193798","targetHints":{"allow":["GET"]}}],"collection":[{"href":"https:\/\/mod.wisdar.net\/tr\/wp-json\/wp\/v2\/product"}],"about":[{"href":"https:\/\/mod.wisdar.net\/tr\/wp-json\/wp\/v2\/types\/product"}],"replies":[{"embeddable":true,"href":"https:\/\/mod.wisdar.net\/tr\/wp-json\/wp\/v2\/comments?post=193798"}],"wp:featuredmedia":[{"embeddable":true,"href":"https:\/\/mod.wisdar.net\/tr\/wp-json\/wp\/v2\/media\/193793"}],"wp:attachment":[{"href":"https:\/\/mod.wisdar.net\/tr\/wp-json\/wp\/v2\/media?parent=193798"}],"wp:term":[{"taxonomy":"product_brand","embeddable":true,"href":"https:\/\/mod.wisdar.net\/tr\/wp-json\/wp\/v2\/product_brand?post=193798"},{"taxonomy":"product_cat","embeddable":true,"href":"https:\/\/mod.wisdar.net\/tr\/wp-json\/wp\/v2\/product_cat?post=193798"},{"taxonomy":"product_tag","embeddable":true,"href":"https:\/\/mod.wisdar.net\/tr\/wp-json\/wp\/v2\/product_tag?post=193798"}],"curies":[{"name":"wp","href":"https:\/\/api.w.org\/{rel}","templated":true}]}}