{"id":193914,"date":"2026-04-01T17:47:19","date_gmt":"2026-04-01T17:47:19","guid":{"rendered":"https:\/\/modesthanim.com\/product\/beyaz-deri-gorunumlu-kiz-cocuk-spor-ayakkabi\/"},"modified":"2026-04-15T22:40:08","modified_gmt":"2026-04-15T22:40:08","slug":"beyaz-deri-gorunumlu-kiz-cocuk-spor-ayakkabi","status":"publish","type":"product","link":"https:\/\/mod.wisdar.net\/tr\/urun\/beyaz-deri-gorunumlu-kiz-cocuk-spor-ayakkabi\/","title":{"rendered":"Beyaz Deri G\u00f6r\u00fcn\u00fcml\u00fc K\u0131z \u00c7ocuk Spor Ayakkab\u0131"},"content":{"rendered":"<p>LCW STEPS Beyaz Deri G\u00f6r\u00fcn\u00fcml\u00fc K\u0131z \u00c7ocuk Spor Ayakkab\u0131 size \u00f6zel indirim, taksit ve kap\u0131da \u00f6deme avantajlar\u0131yla LCW&#8217;de! Hemen online al\u0131\u015fveri\u015f yap, \u00fcr\u00fcn kap\u0131na gelsin! \u2013 S6GH10Z4-VMV<\/p>\n<p>\u2014 Technical Details \u2014<br \/>\nMen\u015fei: Turk\u0131ye<br \/>\nSat\u0131c\u0131: LC Waikiki<br \/>\nMarka: LCW STEPS<br \/>\n\u00dcr\u00fcn Tipi: Sneaker<br \/>\nCinsiyet: K\u0131z \u00c7ocuk<br \/>\nKuma\u015f: Suni Deri<br \/>\nDesen: Desenli<br \/>\nBurun \u015eekli: Yuvarlak Burun<br \/>\nAyakkab\u0131 Kapanma \u015eekli: Ba\u011fc\u0131k<\/p>\n","protected":false},"excerpt":{"rendered":"<p>LCW STEPS Beyaz Deri G\u00f6r\u00fcn\u00fcml\u00fc K\u0131z \u00c7ocuk Spor Ayakkab\u0131 size \u00f6zel indirim, taksit ve kap\u0131da \u00f6deme avantajlar\u0131yla LCW&#8217;de! Hemen online al\u0131\u015fveri\u015f yap, \u00fcr\u00fcn kap\u0131na gelsin! \u2013 S6GH10Z4-VMV \u2014 Technical Details \u2014 Men\u015fei: Turk\u0131ye Sat\u0131c\u0131: LC Waikiki Marka: LCW STEPS \u00dcr\u00fcn Tipi: Sneaker Cinsiyet: K\u0131z \u00c7ocuk Kuma\u015f: Suni Deri Desen: Desenli Burun \u015eekli: Yuvarlak Burun Ayakkab\u0131 [&hellip;]<\/p>\n","protected":false},"featured_media":193909,"comment_status":"open","ping_status":"closed","template":"","meta":[],"product_brand":[],"product_cat":[8736,8715,8694],"product_tag":[6769,7100],"class_list":{"0":"post-193914","1":"product","2":"type-product","3":"status-publish","4":"has-post-thumbnail","6":"product_cat-ayakkabilar","7":"product_cat-kiz-cocuklari-2-14-yas","8":"product_cat-cocuklar","9":"product_tag-desenli","10":"product_tag-suni-deri-2","11":"pa_brand-lcw-steps","12":"pa_color-beyaz","13":"pa_size-10739","14":"pa_size-4698","15":"pa_size-10742","16":"pa_size-4701","17":"pa_size-10745","18":"pa_size-4706","19":"pa_size-10750","21":"first","22":"instock","23":"sale","24":"shipping-taxable","25":"purchasable","26":"product-type-variable"},"_links":{"self":[{"href":"https:\/\/mod.wisdar.net\/tr\/wp-json\/wp\/v2\/product\/193914","targetHints":{"allow":["GET"]}}],"collection":[{"href":"https:\/\/mod.wisdar.net\/tr\/wp-json\/wp\/v2\/product"}],"about":[{"href":"https:\/\/mod.wisdar.net\/tr\/wp-json\/wp\/v2\/types\/product"}],"replies":[{"embeddable":true,"href":"https:\/\/mod.wisdar.net\/tr\/wp-json\/wp\/v2\/comments?post=193914"}],"wp:featuredmedia":[{"embeddable":true,"href":"https:\/\/mod.wisdar.net\/tr\/wp-json\/wp\/v2\/media\/193909"}],"wp:attachment":[{"href":"https:\/\/mod.wisdar.net\/tr\/wp-json\/wp\/v2\/media?parent=193914"}],"wp:term":[{"taxonomy":"product_brand","embeddable":true,"href":"https:\/\/mod.wisdar.net\/tr\/wp-json\/wp\/v2\/product_brand?post=193914"},{"taxonomy":"product_cat","embeddable":true,"href":"https:\/\/mod.wisdar.net\/tr\/wp-json\/wp\/v2\/product_cat?post=193914"},{"taxonomy":"product_tag","embeddable":true,"href":"https:\/\/mod.wisdar.net\/tr\/wp-json\/wp\/v2\/product_tag?post=193914"}],"curies":[{"name":"wp","href":"https:\/\/api.w.org\/{rel}","templated":true}]}}