{"id":193986,"date":"2026-04-01T17:48:42","date_gmt":"2026-04-01T17:48:42","guid":{"rendered":"https:\/\/modesthanim.com\/product\/beyaz-fiyonk-detayli-kiz-cocuk-topuklu-ayakkabi\/"},"modified":"2026-04-01T17:49:32","modified_gmt":"2026-04-01T17:49:32","slug":"beyaz-fiyonk-detayli-kiz-cocuk-topuklu-ayakkabi","status":"publish","type":"product","link":"https:\/\/mod.wisdar.net\/tr\/urun\/beyaz-fiyonk-detayli-kiz-cocuk-topuklu-ayakkabi\/","title":{"rendered":"Beyaz Fiyonk Detayl\u0131 K\u0131z \u00c7ocuk Topuklu Ayakkab\u0131"},"content":{"rendered":"<p>LCW STEPS Beyaz Fiyonk Detayl\u0131 K\u0131z \u00c7ocuk Topuklu Ayakkab\u0131 size \u00f6zel indirim, taksit ve kap\u0131da \u00f6deme avantajlar\u0131yla LCW&#8217;de! Hemen online al\u0131\u015fveri\u015f yap, \u00fcr\u00fcn kap\u0131na gelsin! \u2013 S6OL88Z4-Q6K<\/p>\n","protected":false},"excerpt":{"rendered":"<p>LCW STEPS Beyaz Fiyonk Detayl\u0131 K\u0131z \u00c7ocuk Topuklu Ayakkab\u0131 size \u00f6zel indirim, taksit ve kap\u0131da \u00f6deme avantajlar\u0131yla LCW&#8217;de! Hemen online al\u0131\u015fveri\u015f yap, \u00fcr\u00fcn kap\u0131na gelsin! \u2013 S6OL88Z4-Q6K<\/p>\n","protected":false},"featured_media":193981,"comment_status":"open","ping_status":"closed","template":"","meta":[],"product_brand":[],"product_cat":[8736,8715,8694],"product_tag":[],"class_list":{"0":"post-193986","1":"product","2":"type-product","3":"status-publish","4":"has-post-thumbnail","6":"product_cat-ayakkabilar","7":"product_cat-kiz-cocuklari-2-14-yas","8":"product_cat-cocuklar","9":"pa_brand-lcw-steps","10":"pa_color-beyaz","11":"pa_size-7842","12":"pa_size-10738","13":"pa_size-7846","14":"pa_size-10739","15":"pa_size-4698","16":"pa_size-10742","17":"pa_size-4701","19":"first","20":"instock","21":"sale","22":"shipping-taxable","23":"purchasable","24":"product-type-variable"},"_links":{"self":[{"href":"https:\/\/mod.wisdar.net\/tr\/wp-json\/wp\/v2\/product\/193986","targetHints":{"allow":["GET"]}}],"collection":[{"href":"https:\/\/mod.wisdar.net\/tr\/wp-json\/wp\/v2\/product"}],"about":[{"href":"https:\/\/mod.wisdar.net\/tr\/wp-json\/wp\/v2\/types\/product"}],"replies":[{"embeddable":true,"href":"https:\/\/mod.wisdar.net\/tr\/wp-json\/wp\/v2\/comments?post=193986"}],"wp:featuredmedia":[{"embeddable":true,"href":"https:\/\/mod.wisdar.net\/tr\/wp-json\/wp\/v2\/media\/193981"}],"wp:attachment":[{"href":"https:\/\/mod.wisdar.net\/tr\/wp-json\/wp\/v2\/media?parent=193986"}],"wp:term":[{"taxonomy":"product_brand","embeddable":true,"href":"https:\/\/mod.wisdar.net\/tr\/wp-json\/wp\/v2\/product_brand?post=193986"},{"taxonomy":"product_cat","embeddable":true,"href":"https:\/\/mod.wisdar.net\/tr\/wp-json\/wp\/v2\/product_cat?post=193986"},{"taxonomy":"product_tag","embeddable":true,"href":"https:\/\/mod.wisdar.net\/tr\/wp-json\/wp\/v2\/product_tag?post=193986"}],"curies":[{"name":"wp","href":"https:\/\/api.w.org\/{rel}","templated":true}]}}