{"id":194088,"date":"2026-04-01T17:51:44","date_gmt":"2026-04-01T17:51:44","guid":{"rendered":"https:\/\/modesthanim.com\/product\/beyaz-tasli-kiz-cocuk-topuklu-ayakkabi\/"},"modified":"2026-04-01T17:52:18","modified_gmt":"2026-04-01T17:52:18","slug":"beyaz-tasli-kiz-cocuk-topuklu-ayakkabi","status":"publish","type":"product","link":"https:\/\/mod.wisdar.net\/tr\/urun\/beyaz-tasli-kiz-cocuk-topuklu-ayakkabi\/","title":{"rendered":"Beyaz Ta\u015fl\u0131 K\u0131z \u00c7ocuk Topuklu Ayakkab\u0131"},"content":{"rendered":"<p>LCW STEPS Beyaz Ta\u015fl\u0131 K\u0131z \u00c7ocuk Topuklu Ayakkab\u0131 size \u00f6zel indirim, taksit ve kap\u0131da \u00f6deme avantajlar\u0131yla LCW&#8217;de! Hemen online al\u0131\u015fveri\u015f yap, \u00fcr\u00fcn kap\u0131na gelsin! \u2013 S6K065Z4-J5E<\/p>\n<p>\u2014 Technical Details \u2014<br \/>\nMen\u015fei: Turk\u0131ye<br \/>\nSat\u0131c\u0131: LC Waikiki<br \/>\nMarka: LCW STEPS<br \/>\n\u00dcr\u00fcn Tipi: Topuklu Ayakkab\u0131<br \/>\nCinsiyet: K\u0131z \u00c7ocuk<br \/>\nTopuk \u015eekli: Kal\u0131n Topuk<br \/>\nBurun \u015eekli: Oval Burun<br \/>\nDesen: Ta\u015fl\u0131<br \/>\nAyakkab\u0131 Kapanma \u015eekli: C\u0131rt C\u0131rt<\/p>\n","protected":false},"excerpt":{"rendered":"<p>LCW STEPS Beyaz Ta\u015fl\u0131 K\u0131z \u00c7ocuk Topuklu Ayakkab\u0131 size \u00f6zel indirim, taksit ve kap\u0131da \u00f6deme avantajlar\u0131yla LCW&#8217;de! Hemen online al\u0131\u015fveri\u015f yap, \u00fcr\u00fcn kap\u0131na gelsin! \u2013 S6K065Z4-J5E \u2014 Technical Details \u2014 Men\u015fei: Turk\u0131ye Sat\u0131c\u0131: LC Waikiki Marka: LCW STEPS \u00dcr\u00fcn Tipi: Topuklu Ayakkab\u0131 Cinsiyet: K\u0131z \u00c7ocuk Topuk \u015eekli: Kal\u0131n Topuk Burun \u015eekli: Oval Burun Desen: Ta\u015fl\u0131 [&hellip;]<\/p>\n","protected":false},"featured_media":194083,"comment_status":"open","ping_status":"closed","template":"","meta":[],"product_brand":[],"product_cat":[8736,8715,8694],"product_tag":[],"class_list":{"0":"post-194088","1":"product","2":"type-product","3":"status-publish","4":"has-post-thumbnail","6":"product_cat-ayakkabilar","7":"product_cat-kiz-cocuklari-2-14-yas","8":"product_cat-cocuklar","9":"pa_brand-lcw-steps","10":"pa_color-beyaz","11":"pa_size-7842","12":"pa_size-10738","13":"pa_size-7846","14":"pa_size-10739","15":"pa_size-4698","16":"pa_size-10742","17":"pa_size-4701","18":"pa_size-10745","20":"first","21":"instock","22":"sale","23":"shipping-taxable","24":"purchasable","25":"product-type-variable"},"_links":{"self":[{"href":"https:\/\/mod.wisdar.net\/tr\/wp-json\/wp\/v2\/product\/194088","targetHints":{"allow":["GET"]}}],"collection":[{"href":"https:\/\/mod.wisdar.net\/tr\/wp-json\/wp\/v2\/product"}],"about":[{"href":"https:\/\/mod.wisdar.net\/tr\/wp-json\/wp\/v2\/types\/product"}],"replies":[{"embeddable":true,"href":"https:\/\/mod.wisdar.net\/tr\/wp-json\/wp\/v2\/comments?post=194088"}],"wp:featuredmedia":[{"embeddable":true,"href":"https:\/\/mod.wisdar.net\/tr\/wp-json\/wp\/v2\/media\/194083"}],"wp:attachment":[{"href":"https:\/\/mod.wisdar.net\/tr\/wp-json\/wp\/v2\/media?parent=194088"}],"wp:term":[{"taxonomy":"product_brand","embeddable":true,"href":"https:\/\/mod.wisdar.net\/tr\/wp-json\/wp\/v2\/product_brand?post=194088"},{"taxonomy":"product_cat","embeddable":true,"href":"https:\/\/mod.wisdar.net\/tr\/wp-json\/wp\/v2\/product_cat?post=194088"},{"taxonomy":"product_tag","embeddable":true,"href":"https:\/\/mod.wisdar.net\/tr\/wp-json\/wp\/v2\/product_tag?post=194088"}],"curies":[{"name":"wp","href":"https:\/\/api.w.org\/{rel}","templated":true}]}}