{"id":19423,"date":"2025-11-07T20:16:06","date_gmt":"2025-11-02T14:10:49","guid":{"rendered":"https:\/\/modesthanim.com\/product\/tas-rengi-ilme-detayli-pantolon-takim\/"},"modified":"2026-04-10T18:53:29","modified_gmt":"2026-04-10T18:53:29","slug":"tas-rengi-ilme-detayli-pantolon-takim","status":"publish","type":"product","link":"https:\/\/mod.wisdar.net\/tr\/urun\/tas-rengi-ilme-detayli-pantolon-takim\/","title":{"rendered":"Ta\u015f Rengi \u0130lme Detayl\u0131 Pantolon Tak\u0131m"},"content":{"rendered":"<p>D\u00f6k\u00fcml\u00fc dokuya sahip modal kuma\u015ftan \u00fcretilen bu pantolon tak\u0131m\u0131, bisiklet yaka, \u00f6n pat, ilme bant kapama, geni\u015f man\u015fetli uzun kollar ve yanlarda \u00e7oklu pile detaylar\u0131na sahip pantolonlar i\u00e7erir.<\/p>\n<p>Beden 1 (36-38) \u00dcST Uzunluk: 71 cm, Omuz Geni\u015fli\u011fi: 42 cm, Kol Uzunlu\u011fu: 62 cm, G\u00f6\u011f\u00fcs: 52 cm, Bel: 49 cm.<br \/>\nPANTOLON Uzunluk: 104 cm, Bel: 34 cm, Kal\u00e7a: 37 cm.<\/p>\n<p>Beden 2 (40-42) \u00dcST Uzunluk: 72 cm, Omuz Geni\u015fli\u011fi: 44 cm, Kol Uzunlu\u011fu: 64 cm, G\u00f6\u011f\u00fcs: 55 cm, Bel: 52 cm.<br \/>\nPANTOLON Uzunluk: 105 cm, Bel: 37 cm, Kal\u00e7a: 41 cm.<\/p>\n","protected":false},"excerpt":{"rendered":"<p>D\u00f6k\u00fcml\u00fc dokuya sahip modal kuma\u015ftan \u00fcretilen bu pantolon tak\u0131m\u0131, bisiklet yaka, \u00f6n pat, ilme bant kapama, geni\u015f man\u015fetli uzun kollar ve yanlarda \u00e7oklu pile detaylar\u0131na sahip pantolonlar i\u00e7erir. Beden 1 (36-38) \u00dcST Uzunluk: 71 cm, Omuz Geni\u015fli\u011fi: 42 cm, Kol Uzunlu\u011fu: 62 cm, G\u00f6\u011f\u00fcs: 52 cm, Bel: 49 cm. PANTOLON Uzunluk: 104 cm, Bel: 34 [&hellip;]<\/p>\n","protected":false},"featured_media":0,"comment_status":"open","ping_status":"closed","template":"","meta":[],"product_brand":[],"product_cat":[1900],"product_tag":[7547],"class_list":{"0":"post-19423","1":"product","2":"type-product","3":"status-publish","5":"product_cat-koordinatlar-setler","6":"product_tag-kadin-giyim","7":"pa_brand-fahhar","8":"pa_color-tas","9":"pa_size-1-36-38","10":"pa_size-2-40-42","12":"first","13":"instock","14":"sale","15":"shipping-taxable","16":"purchasable","17":"product-type-variable"},"_links":{"self":[{"href":"https:\/\/mod.wisdar.net\/tr\/wp-json\/wp\/v2\/product\/19423","targetHints":{"allow":["GET"]}}],"collection":[{"href":"https:\/\/mod.wisdar.net\/tr\/wp-json\/wp\/v2\/product"}],"about":[{"href":"https:\/\/mod.wisdar.net\/tr\/wp-json\/wp\/v2\/types\/product"}],"replies":[{"embeddable":true,"href":"https:\/\/mod.wisdar.net\/tr\/wp-json\/wp\/v2\/comments?post=19423"}],"wp:attachment":[{"href":"https:\/\/mod.wisdar.net\/tr\/wp-json\/wp\/v2\/media?parent=19423"}],"wp:term":[{"taxonomy":"product_brand","embeddable":true,"href":"https:\/\/mod.wisdar.net\/tr\/wp-json\/wp\/v2\/product_brand?post=19423"},{"taxonomy":"product_cat","embeddable":true,"href":"https:\/\/mod.wisdar.net\/tr\/wp-json\/wp\/v2\/product_cat?post=19423"},{"taxonomy":"product_tag","embeddable":true,"href":"https:\/\/mod.wisdar.net\/tr\/wp-json\/wp\/v2\/product_tag?post=19423"}],"curies":[{"name":"wp","href":"https:\/\/api.w.org\/{rel}","templated":true}]}}