{"id":194275,"date":"2026-04-01T17:55:50","date_gmt":"2026-04-01T17:55:50","guid":{"rendered":"https:\/\/modesthanim.com\/product\/kubra-elbise-aci-kahve\/"},"modified":"2026-04-04T10:12:32","modified_gmt":"2026-04-04T10:12:32","slug":"kubra-elbise-aci-kahve","status":"publish","type":"product","link":"https:\/\/mod.wisdar.net\/tr\/urun\/kubra-elbise-aci-kahve\/","title":{"rendered":"K\u00fcbra Elbise Ac\u0131 Kahve"},"content":{"rendered":"<p>Elbise 1.S\u0131n\u0131f \u0130nce Denim Kuma\u015ft\u0131r<br \/>\nElbise Tam Boy Fermuarl\u0131d\u0131r<br \/>\nElbise Seyyar Kemerlidir.<br \/>\nElbise Boy:140cm<br \/>\nElbise Omuz:37cm<br \/>\nElbise G\u00f6\u011f\u00fcs:51cm<br \/>\nElbise Bel:45cm<\/p>\n","protected":false},"excerpt":{"rendered":"<p>Elbise 1.S\u0131n\u0131f \u0130nce Denim Kuma\u015ft\u0131r Elbise Tam Boy Fermuarl\u0131d\u0131r Elbise Seyyar Kemerlidir. Elbise Boy:140cm Elbise Omuz:37cm Elbise G\u00f6\u011f\u00fcs:51cm Elbise Bel:45cm<\/p>\n","protected":false},"featured_media":194271,"comment_status":"open","ping_status":"closed","template":"","meta":[],"product_brand":[],"product_cat":[6249,1933],"product_tag":[7250,7844,8450],"class_list":{"0":"post-194275","1":"product","2":"type-product","3":"status-publish","4":"has-post-thumbnail","6":"product_cat-elbiseler","7":"product_cat-gunluk-ve-gunduz-elbiseleri","8":"product_tag-aci-kahve-rengi","9":"product_tag-denim","10":"product_tag-premium","11":"pa_brand-butikkolik","12":"pa_color-aci-kahve-1","13":"pa_size-4706","14":"pa_size-4711","15":"pa_size-4713","16":"pa_size-4751","18":"first","19":"instock","20":"sale","21":"shipping-taxable","22":"purchasable","23":"product-type-variable"},"_links":{"self":[{"href":"https:\/\/mod.wisdar.net\/tr\/wp-json\/wp\/v2\/product\/194275","targetHints":{"allow":["GET"]}}],"collection":[{"href":"https:\/\/mod.wisdar.net\/tr\/wp-json\/wp\/v2\/product"}],"about":[{"href":"https:\/\/mod.wisdar.net\/tr\/wp-json\/wp\/v2\/types\/product"}],"replies":[{"embeddable":true,"href":"https:\/\/mod.wisdar.net\/tr\/wp-json\/wp\/v2\/comments?post=194275"}],"wp:featuredmedia":[{"embeddable":true,"href":"https:\/\/mod.wisdar.net\/tr\/wp-json\/wp\/v2\/media\/194271"}],"wp:attachment":[{"href":"https:\/\/mod.wisdar.net\/tr\/wp-json\/wp\/v2\/media?parent=194275"}],"wp:term":[{"taxonomy":"product_brand","embeddable":true,"href":"https:\/\/mod.wisdar.net\/tr\/wp-json\/wp\/v2\/product_brand?post=194275"},{"taxonomy":"product_cat","embeddable":true,"href":"https:\/\/mod.wisdar.net\/tr\/wp-json\/wp\/v2\/product_cat?post=194275"},{"taxonomy":"product_tag","embeddable":true,"href":"https:\/\/mod.wisdar.net\/tr\/wp-json\/wp\/v2\/product_tag?post=194275"}],"curies":[{"name":"wp","href":"https:\/\/api.w.org\/{rel}","templated":true}]}}