{"id":194362,"date":"2026-04-01T17:58:06","date_gmt":"2026-04-01T17:58:06","guid":{"rendered":"https:\/\/modesthanim.com\/product\/bej-file-detayli-kiz-cocuk-spor-ayakkabi\/"},"modified":"2026-04-11T10:24:21","modified_gmt":"2026-04-11T10:24:21","slug":"bej-file-detayli-kiz-cocuk-spor-ayakkabi","status":"publish","type":"product","link":"https:\/\/mod.wisdar.net\/tr\/urun\/bej-file-detayli-kiz-cocuk-spor-ayakkabi\/","title":{"rendered":"Bej File Detayl\u0131 K\u0131z \u00c7ocuk Spor Ayakkab\u0131"},"content":{"rendered":"<p>LCW STEPS Bej File Detayl\u0131 K\u0131z \u00c7ocuk Spor Ayakkab\u0131 size \u00f6zel indirim, taksit ve kap\u0131da \u00f6deme avantajlar\u0131yla LCW&#8217;de! Hemen online al\u0131\u015fveri\u015f yap, \u00fcr\u00fcn kap\u0131na gelsin! \u2013 S6ID68Z4-FEJ<\/p>\n<p>\u2014 Technical Details \u2014<br \/>\ngender: K\u0131z \u00c7ocuk<br \/>\nproduct_type: Sneaker<br \/>\npattern: D\u00fcz<br \/>\ntoe_style: Yuvarlak Burun<br \/>\nshoe_closing_style: Ba\u011fc\u0131k<\/p>\n","protected":false},"excerpt":{"rendered":"<p>LCW STEPS Bej File Detayl\u0131 K\u0131z \u00c7ocuk Spor Ayakkab\u0131 size \u00f6zel indirim, taksit ve kap\u0131da \u00f6deme avantajlar\u0131yla LCW&#8217;de! Hemen online al\u0131\u015fveri\u015f yap, \u00fcr\u00fcn kap\u0131na gelsin! \u2013 S6ID68Z4-FEJ \u2014 Technical Details \u2014 gender: K\u0131z \u00c7ocuk product_type: Sneaker pattern: D\u00fcz toe_style: Yuvarlak Burun shoe_closing_style: Ba\u011fc\u0131k<\/p>\n","protected":false},"featured_media":194357,"comment_status":"open","ping_status":"closed","template":"","meta":[],"product_brand":[],"product_cat":[8736,8715,8694],"product_tag":[12359,10365,3425,9493,3242,10326],"class_list":{"0":"post-194362","1":"product","2":"type-product","3":"status-publish","4":"has-post-thumbnail","6":"product_cat-ayakkabilar","7":"product_cat-kiz-cocuklari-2-14-yas","8":"product_cat-cocuklar","9":"product_tag-beige-suede","10":"product_tag-girls-sneakers-2","11":"product_tag-lace-up","12":"product_tag-round-toe","13":"product_tag-solid-pattern","14":"product_tag-sports-shoes","15":"pa_brand-lcw-steps","16":"pa_color-bej","17":"pa_size-10739","18":"pa_size-4698","19":"pa_size-10742","20":"pa_size-4701","21":"pa_size-10745","22":"pa_size-4706","24":"first","25":"instock","26":"sale","27":"shipping-taxable","28":"purchasable","29":"product-type-variable"},"_links":{"self":[{"href":"https:\/\/mod.wisdar.net\/tr\/wp-json\/wp\/v2\/product\/194362","targetHints":{"allow":["GET"]}}],"collection":[{"href":"https:\/\/mod.wisdar.net\/tr\/wp-json\/wp\/v2\/product"}],"about":[{"href":"https:\/\/mod.wisdar.net\/tr\/wp-json\/wp\/v2\/types\/product"}],"replies":[{"embeddable":true,"href":"https:\/\/mod.wisdar.net\/tr\/wp-json\/wp\/v2\/comments?post=194362"}],"wp:featuredmedia":[{"embeddable":true,"href":"https:\/\/mod.wisdar.net\/tr\/wp-json\/wp\/v2\/media\/194357"}],"wp:attachment":[{"href":"https:\/\/mod.wisdar.net\/tr\/wp-json\/wp\/v2\/media?parent=194362"}],"wp:term":[{"taxonomy":"product_brand","embeddable":true,"href":"https:\/\/mod.wisdar.net\/tr\/wp-json\/wp\/v2\/product_brand?post=194362"},{"taxonomy":"product_cat","embeddable":true,"href":"https:\/\/mod.wisdar.net\/tr\/wp-json\/wp\/v2\/product_cat?post=194362"},{"taxonomy":"product_tag","embeddable":true,"href":"https:\/\/mod.wisdar.net\/tr\/wp-json\/wp\/v2\/product_tag?post=194362"}],"curies":[{"name":"wp","href":"https:\/\/api.w.org\/{rel}","templated":true}]}}