{"id":194461,"date":"2026-04-01T18:01:38","date_gmt":"2026-04-01T18:01:38","guid":{"rendered":"https:\/\/modesthanim.com\/product\/bej-andora-p6fx-krem-kiz-cocuk-sabo-terlik\/"},"modified":"2026-04-01T18:02:23","modified_gmt":"2026-04-01T18:02:23","slug":"bej-andora-p6fx-krem-kiz-cocuk-sabo-terlik","status":"publish","type":"product","link":"https:\/\/mod.wisdar.net\/tr\/urun\/bej-andora-p6fx-krem-kiz-cocuk-sabo-terlik\/","title":{"rendered":"Bej ANDORA.P6FX Krem K\u0131z \u00c7ocuk Sabo Terlik"},"content":{"rendered":"<p>Minnies Mouse Bej ANDORA.P6FX Krem K\u0131z \u00c7ocuk Sabo Terlik size \u00f6zel indirim, taksit ve kap\u0131da \u00f6deme avantajlar\u0131yla LCW&#8217;de! Hemen online al\u0131\u015fveri\u015f yap, \u00fcr\u00fcn kap\u0131na gelsin! \u2013 S000524187-19928<\/p>\n","protected":false},"excerpt":{"rendered":"<p>Minnies Mouse Bej ANDORA.P6FX Krem K\u0131z \u00c7ocuk Sabo Terlik size \u00f6zel indirim, taksit ve kap\u0131da \u00f6deme avantajlar\u0131yla LCW&#8217;de! Hemen online al\u0131\u015fveri\u015f yap, \u00fcr\u00fcn kap\u0131na gelsin! \u2013 S000524187-19928<\/p>\n","protected":false},"featured_media":194450,"comment_status":"open","ping_status":"closed","template":"","meta":[],"product_brand":[],"product_cat":[8736,8715,8694],"product_tag":[6753,7899],"class_list":{"0":"post-194461","1":"product","2":"type-product","3":"status-publish","4":"has-post-thumbnail","6":"product_cat-ayakkabilar","7":"product_cat-kiz-cocuklari-2-14-yas","8":"product_cat-cocuklar","9":"product_tag-bej","10":"product_tag-lcwye-ozel","11":"pa_brand-minnies-mouse","12":"pa_color-bej","13":"pa_size-10734","14":"pa_size-7843","15":"pa_size-10735","16":"pa_size-7841","18":"first","19":"instock","20":"sale","21":"shipping-taxable","22":"purchasable","23":"product-type-variable"},"_links":{"self":[{"href":"https:\/\/mod.wisdar.net\/tr\/wp-json\/wp\/v2\/product\/194461","targetHints":{"allow":["GET"]}}],"collection":[{"href":"https:\/\/mod.wisdar.net\/tr\/wp-json\/wp\/v2\/product"}],"about":[{"href":"https:\/\/mod.wisdar.net\/tr\/wp-json\/wp\/v2\/types\/product"}],"replies":[{"embeddable":true,"href":"https:\/\/mod.wisdar.net\/tr\/wp-json\/wp\/v2\/comments?post=194461"}],"wp:featuredmedia":[{"embeddable":true,"href":"https:\/\/mod.wisdar.net\/tr\/wp-json\/wp\/v2\/media\/194450"}],"wp:attachment":[{"href":"https:\/\/mod.wisdar.net\/tr\/wp-json\/wp\/v2\/media?parent=194461"}],"wp:term":[{"taxonomy":"product_brand","embeddable":true,"href":"https:\/\/mod.wisdar.net\/tr\/wp-json\/wp\/v2\/product_brand?post=194461"},{"taxonomy":"product_cat","embeddable":true,"href":"https:\/\/mod.wisdar.net\/tr\/wp-json\/wp\/v2\/product_cat?post=194461"},{"taxonomy":"product_tag","embeddable":true,"href":"https:\/\/mod.wisdar.net\/tr\/wp-json\/wp\/v2\/product_tag?post=194461"}],"curies":[{"name":"wp","href":"https:\/\/api.w.org\/{rel}","templated":true}]}}