{"id":194585,"date":"2026-04-01T18:07:22","date_gmt":"2026-04-01T18:07:22","guid":{"rendered":"https:\/\/modesthanim.com\/product\/melodic-isikli-kiz-okul-oncesi-beyaz-mavi-sneaker\/"},"modified":"2026-04-01T18:11:18","modified_gmt":"2026-04-01T18:11:18","slug":"melodic-isikli-kiz-okul-oncesi-beyaz-mavi-sneaker","status":"publish","type":"product","link":"https:\/\/mod.wisdar.net\/tr\/urun\/melodic-isikli-kiz-okul-oncesi-beyaz-mavi-sneaker\/","title":{"rendered":"Melodic I\u015f\u0131kl\u0131 K\u0131z Okul \u00d6ncesi Beyaz\/Mavi Sneaker"},"content":{"rendered":"<p>Vicco Melodic I\u015f\u0131kl\u0131 K\u0131z Okul \u00d6ncesi Beyaz\/Mavi Sneaker size \u00f6zel indirim, taksit ve kap\u0131da \u00f6deme avantajlar\u0131yla LCW&#8217;de! Hemen online al\u0131\u015fveri\u015f yap, \u00fcr\u00fcn kap\u0131na gelsin! \u2013 S000380458-37234<\/p>\n<p>\u2014 Technical Details \u2014<br \/>\nBurun \u015eekli: Yuvarlak Burun<br \/>\nTopuk Y\u00fcksekli\u011fi: 2 cm<br \/>\nAyakkab\u0131 Kapanma \u015eekli: Ba\u011fc\u0131k<br \/>\nTopuk \u015eekli: K\u0131sa Topuk<br \/>\nEk \u00d6zellik: I\u015f\u0131kl\u0131<\/p>\n","protected":false},"excerpt":{"rendered":"<p>Vicco Melodic I\u015f\u0131kl\u0131 K\u0131z Okul \u00d6ncesi Beyaz\/Mavi Sneaker size \u00f6zel indirim, taksit ve kap\u0131da \u00f6deme avantajlar\u0131yla LCW&#8217;de! Hemen online al\u0131\u015fveri\u015f yap, \u00fcr\u00fcn kap\u0131na gelsin! \u2013 S000380458-37234 \u2014 Technical Details \u2014 Burun \u015eekli: Yuvarlak Burun Topuk Y\u00fcksekli\u011fi: 2 cm Ayakkab\u0131 Kapanma \u015eekli: Ba\u011fc\u0131k Topuk \u015eekli: K\u0131sa Topuk Ek \u00d6zellik: I\u015f\u0131kl\u0131<\/p>\n","protected":false},"featured_media":194577,"comment_status":"open","ping_status":"closed","template":"","meta":[],"product_brand":[],"product_cat":[8736,8715,8694],"product_tag":[10359,12361,12369],"class_list":{"0":"post-194585","1":"product","2":"type-product","3":"status-publish","4":"has-post-thumbnail","6":"product_cat-ayakkabilar","7":"product_cat-kiz-cocuklari-2-14-yas","8":"product_cat-cocuklar","9":"product_tag-childrens-footwear","10":"product_tag-preschool-shoes","11":"product_tag-white-blue-sneakers","12":"pa_brand-vicco","13":"pa_color-beyaz-mavi","14":"pa_size-7843","15":"pa_size-10735","16":"pa_size-7841","17":"pa_size-7842","19":"first","20":"instock","21":"sale","22":"shipping-taxable","23":"purchasable","24":"product-type-variable"},"_links":{"self":[{"href":"https:\/\/mod.wisdar.net\/tr\/wp-json\/wp\/v2\/product\/194585","targetHints":{"allow":["GET"]}}],"collection":[{"href":"https:\/\/mod.wisdar.net\/tr\/wp-json\/wp\/v2\/product"}],"about":[{"href":"https:\/\/mod.wisdar.net\/tr\/wp-json\/wp\/v2\/types\/product"}],"replies":[{"embeddable":true,"href":"https:\/\/mod.wisdar.net\/tr\/wp-json\/wp\/v2\/comments?post=194585"}],"wp:featuredmedia":[{"embeddable":true,"href":"https:\/\/mod.wisdar.net\/tr\/wp-json\/wp\/v2\/media\/194577"}],"wp:attachment":[{"href":"https:\/\/mod.wisdar.net\/tr\/wp-json\/wp\/v2\/media?parent=194585"}],"wp:term":[{"taxonomy":"product_brand","embeddable":true,"href":"https:\/\/mod.wisdar.net\/tr\/wp-json\/wp\/v2\/product_brand?post=194585"},{"taxonomy":"product_cat","embeddable":true,"href":"https:\/\/mod.wisdar.net\/tr\/wp-json\/wp\/v2\/product_cat?post=194585"},{"taxonomy":"product_tag","embeddable":true,"href":"https:\/\/mod.wisdar.net\/tr\/wp-json\/wp\/v2\/product_tag?post=194585"}],"curies":[{"name":"wp","href":"https:\/\/api.w.org\/{rel}","templated":true}]}}