{"id":194694,"date":"2026-04-01T18:11:38","date_gmt":"2026-04-01T18:11:38","guid":{"rendered":"https:\/\/modesthanim.com\/product\/beyaz-alexa-gunluk-kiz-cocuk-4-cm-topuklu-sandalet-abiye-ayakkabi\/"},"modified":"2026-04-11T13:01:07","modified_gmt":"2026-04-11T13:01:07","slug":"beyaz-alexa-gunluk-kiz-cocuk-4-cm-topuklu-sandalet-abiye-ayakkabi","status":"publish","type":"product","link":"https:\/\/mod.wisdar.net\/tr\/urun\/beyaz-alexa-gunluk-kiz-cocuk-4-cm-topuklu-sandalet-abiye-ayakkabi\/","title":{"rendered":"Beyaz Alexa G\u00fcnl\u00fck K\u0131z \u00c7ocuk 4 Cm Topuklu Sandalet Abiye Ayakkab\u0131"},"content":{"rendered":"<p>Kiko Kids Beyaz Alexa G\u00fcnl\u00fck K\u0131z \u00c7ocuk 4 Cm Topuklu Sandalet Abiye Ayakkab\u0131 size \u00f6zel indirim, taksit ve kap\u0131da \u00f6deme avantajlar\u0131yla LCW&#8217;de! Hemen online al\u0131\u015fveri\u015f yap, \u00fcr\u00fcn kap\u0131na gelsin! \u2013 S000003063-17219<\/p>\n<p>\u2014 Technical Details \u2014<br \/>\nSat\u0131c\u0131: Ayakland<br \/>\nMarka: Kiko Kids<br \/>\n\u00dcr\u00fcn Tipi: Topuklu Ayakkab\u0131<br \/>\nCinsiyet: K\u0131z \u00c7ocuk<br \/>\nStil: \u015e\u0131k<br \/>\nKuma\u015f: Mikrofiber<br \/>\nDesen: D\u00fcz<br \/>\nBurun \u015eekli: Oval Burun<br \/>\nAyakkab\u0131 Kapanma \u015eekli: Tokal\u0131<br \/>\nTopuk \u015eekli: Kal\u0131n Topuk<\/p>\n","protected":false},"excerpt":{"rendered":"<p>Kiko Kids Beyaz Alexa G\u00fcnl\u00fck K\u0131z \u00c7ocuk 4 Cm Topuklu Sandalet Abiye Ayakkab\u0131 size \u00f6zel indirim, taksit ve kap\u0131da \u00f6deme avantajlar\u0131yla LCW&#8217;de! Hemen online al\u0131\u015fveri\u015f yap, \u00fcr\u00fcn kap\u0131na gelsin! \u2013 S000003063-17219 \u2014 Technical Details \u2014 Sat\u0131c\u0131: Ayakland Marka: Kiko Kids \u00dcr\u00fcn Tipi: Topuklu Ayakkab\u0131 Cinsiyet: K\u0131z \u00c7ocuk Stil: \u015e\u0131k Kuma\u015f: Mikrofiber Desen: D\u00fcz Burun \u015eekli: [&hellip;]<\/p>\n","protected":false},"featured_media":194689,"comment_status":"open","ping_status":"closed","template":"","meta":[],"product_brand":[],"product_cat":[8736,8715,8694],"product_tag":[9212,12373,12374,9510,12372,9488],"class_list":{"0":"post-194694","1":"product","2":"type-product","3":"status-publish","4":"has-post-thumbnail","6":"product_cat-ayakkabilar","7":"product_cat-kiz-cocuklari-2-14-yas","8":"product_cat-cocuklar","9":"product_tag-childrens-fashion","10":"product_tag-dress-shoes","11":"product_tag-elegant-footwear","12":"product_tag-girls-shoes","13":"product_tag-heeled-sandals","14":"product_tag-white-shoes","15":"pa_brand-kiko-kids","16":"pa_color-beyaz","17":"pa_size-7843","18":"pa_size-10735","19":"pa_size-7841","20":"pa_size-7842","21":"pa_size-10738","22":"pa_size-7846","23":"pa_size-10739","24":"pa_size-4698","25":"pa_size-10742","26":"pa_size-4701","27":"pa_size-10745","28":"pa_size-4706","29":"pa_size-10750","31":"first","32":"instock","33":"sale","34":"shipping-taxable","35":"purchasable","36":"product-type-variable"},"_links":{"self":[{"href":"https:\/\/mod.wisdar.net\/tr\/wp-json\/wp\/v2\/product\/194694","targetHints":{"allow":["GET"]}}],"collection":[{"href":"https:\/\/mod.wisdar.net\/tr\/wp-json\/wp\/v2\/product"}],"about":[{"href":"https:\/\/mod.wisdar.net\/tr\/wp-json\/wp\/v2\/types\/product"}],"replies":[{"embeddable":true,"href":"https:\/\/mod.wisdar.net\/tr\/wp-json\/wp\/v2\/comments?post=194694"}],"wp:featuredmedia":[{"embeddable":true,"href":"https:\/\/mod.wisdar.net\/tr\/wp-json\/wp\/v2\/media\/194689"}],"wp:attachment":[{"href":"https:\/\/mod.wisdar.net\/tr\/wp-json\/wp\/v2\/media?parent=194694"}],"wp:term":[{"taxonomy":"product_brand","embeddable":true,"href":"https:\/\/mod.wisdar.net\/tr\/wp-json\/wp\/v2\/product_brand?post=194694"},{"taxonomy":"product_cat","embeddable":true,"href":"https:\/\/mod.wisdar.net\/tr\/wp-json\/wp\/v2\/product_cat?post=194694"},{"taxonomy":"product_tag","embeddable":true,"href":"https:\/\/mod.wisdar.net\/tr\/wp-json\/wp\/v2\/product_tag?post=194694"}],"curies":[{"name":"wp","href":"https:\/\/api.w.org\/{rel}","templated":true}]}}