{"id":194753,"date":"2026-04-01T18:12:13","date_gmt":"2026-04-01T18:12:13","guid":{"rendered":"https:\/\/modesthanim.com\/product\/ekru-meyve-figurlu-kiz-cocuk-plaj-sandaleti\/"},"modified":"2026-04-01T18:12:40","modified_gmt":"2026-04-01T18:12:40","slug":"ekru-meyve-figurlu-kiz-cocuk-plaj-sandaleti","status":"publish","type":"product","link":"https:\/\/mod.wisdar.net\/tr\/urun\/ekru-meyve-figurlu-kiz-cocuk-plaj-sandaleti\/","title":{"rendered":"Ekru Meyve Fig\u00fcrl\u00fc K\u0131z \u00c7ocuk Plaj Sandaleti"},"content":{"rendered":"<p>LCW STEPS Ekru Meyve Fig\u00fcrl\u00fc K\u0131z \u00c7ocuk Plaj Sandaleti size \u00f6zel indirim, taksit ve kap\u0131da \u00f6deme avantajlar\u0131yla LCW&#8217;de! Hemen online al\u0131\u015fveri\u015f yap, \u00fcr\u00fcn kap\u0131na gelsin! \u2013 S6JK73Z4-V9H<\/p>\n<p>\u2014 Technical Details \u2014<br \/>\nSat\u0131c\u0131: LC Waikiki<br \/>\nMarka: LCW STEPS<br \/>\n\u00dcr\u00fcn Tipi: Sandalet<br \/>\nCinsiyet: K\u0131z \u00c7ocuk<br \/>\nDesen: Bask\u0131l\u0131<br \/>\nStil: Plaj<br \/>\nBurun \u015eekli: Yuvarlak Burun<br \/>\nAyakkab\u0131 Kapanma \u015eekli: Tokal\u0131<\/p>\n","protected":false},"excerpt":{"rendered":"<p>LCW STEPS Ekru Meyve Fig\u00fcrl\u00fc K\u0131z \u00c7ocuk Plaj Sandaleti size \u00f6zel indirim, taksit ve kap\u0131da \u00f6deme avantajlar\u0131yla LCW&#8217;de! Hemen online al\u0131\u015fveri\u015f yap, \u00fcr\u00fcn kap\u0131na gelsin! \u2013 S6JK73Z4-V9H \u2014 Technical Details \u2014 Sat\u0131c\u0131: LC Waikiki Marka: LCW STEPS \u00dcr\u00fcn Tipi: Sandalet Cinsiyet: K\u0131z \u00c7ocuk Desen: Bask\u0131l\u0131 Stil: Plaj Burun \u015eekli: Yuvarlak Burun Ayakkab\u0131 Kapanma \u015eekli: Tokal\u0131<\/p>\n","protected":false},"featured_media":194747,"comment_status":"open","ping_status":"closed","template":"","meta":[],"product_brand":[],"product_cat":[8736,8715,8694],"product_tag":[12371,12376,8952,9670,12338,9490,12365],"class_list":{"0":"post-194753","1":"product","2":"type-product","3":"status-publish","4":"has-post-thumbnail","6":"product_cat-ayakkabilar","7":"product_cat-kiz-cocuklari-2-14-yas","8":"product_cat-cocuklar","9":"product_tag-beach-footwear","10":"product_tag-childrens-sandals","11":"product_tag-ecru-color","12":"product_tag-fruit-print","13":"product_tag-girls-sandals","14":"product_tag-lcw-steps","15":"product_tag-summer-shoes","16":"pa_brand-lcw-steps","17":"pa_color-ekru","18":"pa_size-10739","19":"pa_size-4698","20":"pa_size-10742","21":"pa_size-4701","22":"pa_size-10745","23":"pa_size-4706","25":"first","26":"instock","27":"sale","28":"shipping-taxable","29":"purchasable","30":"product-type-variable"},"_links":{"self":[{"href":"https:\/\/mod.wisdar.net\/tr\/wp-json\/wp\/v2\/product\/194753","targetHints":{"allow":["GET"]}}],"collection":[{"href":"https:\/\/mod.wisdar.net\/tr\/wp-json\/wp\/v2\/product"}],"about":[{"href":"https:\/\/mod.wisdar.net\/tr\/wp-json\/wp\/v2\/types\/product"}],"replies":[{"embeddable":true,"href":"https:\/\/mod.wisdar.net\/tr\/wp-json\/wp\/v2\/comments?post=194753"}],"wp:featuredmedia":[{"embeddable":true,"href":"https:\/\/mod.wisdar.net\/tr\/wp-json\/wp\/v2\/media\/194747"}],"wp:attachment":[{"href":"https:\/\/mod.wisdar.net\/tr\/wp-json\/wp\/v2\/media?parent=194753"}],"wp:term":[{"taxonomy":"product_brand","embeddable":true,"href":"https:\/\/mod.wisdar.net\/tr\/wp-json\/wp\/v2\/product_brand?post=194753"},{"taxonomy":"product_cat","embeddable":true,"href":"https:\/\/mod.wisdar.net\/tr\/wp-json\/wp\/v2\/product_cat?post=194753"},{"taxonomy":"product_tag","embeddable":true,"href":"https:\/\/mod.wisdar.net\/tr\/wp-json\/wp\/v2\/product_tag?post=194753"}],"curies":[{"name":"wp","href":"https:\/\/api.w.org\/{rel}","templated":true}]}}