{"id":194796,"date":"2026-04-01T18:12:47","date_gmt":"2026-04-01T18:12:47","guid":{"rendered":"https:\/\/modesthanim.com\/product\/bej-baskili-cirt-cirtli-kiz-cocuk-sandalet\/"},"modified":"2026-04-01T18:13:04","modified_gmt":"2026-04-01T18:13:04","slug":"bej-baskili-cirt-cirtli-kiz-cocuk-sandalet","status":"publish","type":"product","link":"https:\/\/mod.wisdar.net\/tr\/urun\/bej-baskili-cirt-cirtli-kiz-cocuk-sandalet\/","title":{"rendered":"Bej Bask\u0131l\u0131 C\u0131rt C\u0131rtl\u0131 K\u0131z \u00c7ocuk Sandalet"},"content":{"rendered":"<p>LCW STEPS Bej Bask\u0131l\u0131 C\u0131rt C\u0131rtl\u0131 K\u0131z \u00c7ocuk Sandalet size \u00f6zel indirim, taksit ve kap\u0131da \u00f6deme avantajlar\u0131yla LCW&#8217;de! Hemen online al\u0131\u015fveri\u015f yap, \u00fcr\u00fcn kap\u0131na gelsin! \u2013 S60168Z4-FRR<\/p>\n<p>\u2014 Technical Details \u2014<br \/>\nMen\u015fei: Turk\u0131ye<br \/>\nSat\u0131c\u0131: LC Waikiki<br \/>\nMarka: LCW STEPS<br \/>\n\u00dcr\u00fcn Tipi: Sandalet<br \/>\nCinsiyet: K\u0131z \u00c7ocuk<br \/>\nDesen: Renk Blo\u011fu<br \/>\nBurun \u015eekli: Yuvarlak Burun<br \/>\nAyakkab\u0131 Kapanma \u015eekli: C\u0131rt C\u0131rt<\/p>\n","protected":false},"excerpt":{"rendered":"<p>LCW STEPS Bej Bask\u0131l\u0131 C\u0131rt C\u0131rtl\u0131 K\u0131z \u00c7ocuk Sandalet size \u00f6zel indirim, taksit ve kap\u0131da \u00f6deme avantajlar\u0131yla LCW&#8217;de! Hemen online al\u0131\u015fveri\u015f yap, \u00fcr\u00fcn kap\u0131na gelsin! \u2013 S60168Z4-FRR \u2014 Technical Details \u2014 Men\u015fei: Turk\u0131ye Sat\u0131c\u0131: LC Waikiki Marka: LCW STEPS \u00dcr\u00fcn Tipi: Sandalet Cinsiyet: K\u0131z \u00c7ocuk Desen: Renk Blo\u011fu Burun \u015eekli: Yuvarlak Burun Ayakkab\u0131 Kapanma \u015eekli: [&hellip;]<\/p>\n","protected":false},"featured_media":194789,"comment_status":"open","ping_status":"closed","template":"","meta":[],"product_brand":[],"product_cat":[8736,8715,8694],"product_tag":[12320,10359,12338,9490,12365,12377],"class_list":{"0":"post-194796","1":"product","2":"type-product","3":"status-publish","4":"has-post-thumbnail","6":"product_cat-ayakkabilar","7":"product_cat-kiz-cocuklari-2-14-yas","8":"product_cat-cocuklar","9":"product_tag-beige-sandals","10":"product_tag-childrens-footwear","11":"product_tag-girls-sandals","12":"product_tag-lcw-steps","13":"product_tag-summer-shoes","14":"product_tag-velcro-sandals","15":"pa_brand-lcw-steps","16":"pa_color-bej","17":"pa_size-7846","18":"pa_size-10739","19":"pa_size-4698","20":"pa_size-10742","21":"pa_size-4701","22":"pa_size-10745","24":"first","25":"instock","26":"sale","27":"shipping-taxable","28":"purchasable","29":"product-type-variable"},"_links":{"self":[{"href":"https:\/\/mod.wisdar.net\/tr\/wp-json\/wp\/v2\/product\/194796","targetHints":{"allow":["GET"]}}],"collection":[{"href":"https:\/\/mod.wisdar.net\/tr\/wp-json\/wp\/v2\/product"}],"about":[{"href":"https:\/\/mod.wisdar.net\/tr\/wp-json\/wp\/v2\/types\/product"}],"replies":[{"embeddable":true,"href":"https:\/\/mod.wisdar.net\/tr\/wp-json\/wp\/v2\/comments?post=194796"}],"wp:featuredmedia":[{"embeddable":true,"href":"https:\/\/mod.wisdar.net\/tr\/wp-json\/wp\/v2\/media\/194789"}],"wp:attachment":[{"href":"https:\/\/mod.wisdar.net\/tr\/wp-json\/wp\/v2\/media?parent=194796"}],"wp:term":[{"taxonomy":"product_brand","embeddable":true,"href":"https:\/\/mod.wisdar.net\/tr\/wp-json\/wp\/v2\/product_brand?post=194796"},{"taxonomy":"product_cat","embeddable":true,"href":"https:\/\/mod.wisdar.net\/tr\/wp-json\/wp\/v2\/product_cat?post=194796"},{"taxonomy":"product_tag","embeddable":true,"href":"https:\/\/mod.wisdar.net\/tr\/wp-json\/wp\/v2\/product_tag?post=194796"}],"curies":[{"name":"wp","href":"https:\/\/api.w.org\/{rel}","templated":true}]}}