{"id":194946,"date":"2026-04-01T18:13:54","date_gmt":"2026-04-01T18:13:54","guid":{"rendered":"https:\/\/modesthanim.com\/product\/bej-suet-gorunumlu-erkek-bebek-klasik-ayakkabi\/"},"modified":"2026-04-11T13:21:03","modified_gmt":"2026-04-11T13:21:03","slug":"bej-suet-gorunumlu-erkek-bebek-klasik-ayakkabi","status":"publish","type":"product","link":"https:\/\/mod.wisdar.net\/tr\/urun\/bej-suet-gorunumlu-erkek-bebek-klasik-ayakkabi\/","title":{"rendered":"Bej S\u00fcet G\u00f6r\u00fcn\u00fcml\u00fc Erkek Bebek Klasik Ayakkab\u0131"},"content":{"rendered":"<p>LCW STEPS Bej S\u00fcet G\u00f6r\u00fcn\u00fcml\u00fc Erkek Bebek Klasik Ayakkab\u0131 size \u00f6zel indirim, taksit ve kap\u0131da \u00f6deme avantajlar\u0131yla LCW&#8217;de! Hemen online al\u0131\u015fveri\u015f yap, \u00fcr\u00fcn kap\u0131na gelsin! \u2013 S6Q665Z1-VKK<\/p>\n<p>\u2014 Technical Details \u2014<br \/>\nDesen: D\u00fcz<br \/>\nBurun \u015eekli: Yuvarlak Burun<br \/>\nAyakkab\u0131 Kapanma \u015eekli: C\u0131rt C\u0131rt<\/p>\n","protected":false},"excerpt":{"rendered":"<p>LCW STEPS Bej S\u00fcet G\u00f6r\u00fcn\u00fcml\u00fc Erkek Bebek Klasik Ayakkab\u0131 size \u00f6zel indirim, taksit ve kap\u0131da \u00f6deme avantajlar\u0131yla LCW&#8217;de! Hemen online al\u0131\u015fveri\u015f yap, \u00fcr\u00fcn kap\u0131na gelsin! \u2013 S6Q665Z1-VKK \u2014 Technical Details \u2014 Desen: D\u00fcz Burun \u015eekli: Yuvarlak Burun Ayakkab\u0131 Kapanma \u015eekli: C\u0131rt C\u0131rt<\/p>\n","protected":false},"featured_media":194941,"comment_status":"open","ping_status":"closed","template":"","meta":[],"product_brand":[],"product_cat":[8694,8697,8700],"product_tag":[9483,12359,9484,12380,9486,9490,10378],"class_list":{"0":"post-194946","1":"product","2":"type-product","3":"status-publish","4":"has-post-thumbnail","6":"product_cat-cocuklar","7":"product_cat-yenidogan-0-12-ay","8":"product_cat-yenidogan-giyim","9":"product_tag-baby-shoes","10":"product_tag-beige-suede","11":"product_tag-boys-footwear","12":"product_tag-classic-shoes","13":"product_tag-infant-shoes","14":"product_tag-lcw-steps","15":"product_tag-toddler-shoes","16":"pa_brand-lcw-steps","17":"pa_color-acik-bej","18":"pa_size-7851","19":"pa_size-10734","20":"pa_size-7843","21":"pa_size-10735","22":"pa_size-7841","23":"pa_size-7842","24":"pa_size-10738","25":"pa_size-7846","27":"first","28":"instock","29":"sale","30":"shipping-taxable","31":"purchasable","32":"product-type-variable"},"_links":{"self":[{"href":"https:\/\/mod.wisdar.net\/tr\/wp-json\/wp\/v2\/product\/194946","targetHints":{"allow":["GET"]}}],"collection":[{"href":"https:\/\/mod.wisdar.net\/tr\/wp-json\/wp\/v2\/product"}],"about":[{"href":"https:\/\/mod.wisdar.net\/tr\/wp-json\/wp\/v2\/types\/product"}],"replies":[{"embeddable":true,"href":"https:\/\/mod.wisdar.net\/tr\/wp-json\/wp\/v2\/comments?post=194946"}],"wp:featuredmedia":[{"embeddable":true,"href":"https:\/\/mod.wisdar.net\/tr\/wp-json\/wp\/v2\/media\/194941"}],"wp:attachment":[{"href":"https:\/\/mod.wisdar.net\/tr\/wp-json\/wp\/v2\/media?parent=194946"}],"wp:term":[{"taxonomy":"product_brand","embeddable":true,"href":"https:\/\/mod.wisdar.net\/tr\/wp-json\/wp\/v2\/product_brand?post=194946"},{"taxonomy":"product_cat","embeddable":true,"href":"https:\/\/mod.wisdar.net\/tr\/wp-json\/wp\/v2\/product_cat?post=194946"},{"taxonomy":"product_tag","embeddable":true,"href":"https:\/\/mod.wisdar.net\/tr\/wp-json\/wp\/v2\/product_tag?post=194946"}],"curies":[{"name":"wp","href":"https:\/\/api.w.org\/{rel}","templated":true}]}}