{"id":194996,"date":"2026-04-01T18:14:17","date_gmt":"2026-04-01T18:14:17","guid":{"rendered":"https:\/\/modesthanim.com\/product\/bej-baskili-erkek-bebek-sandalet\/"},"modified":"2026-04-01T18:14:33","modified_gmt":"2026-04-01T18:14:33","slug":"bej-baskili-erkek-bebek-sandalet","status":"publish","type":"product","link":"https:\/\/mod.wisdar.net\/tr\/urun\/bej-baskili-erkek-bebek-sandalet\/","title":{"rendered":"Bej Bask\u0131l\u0131 Erkek Bebek Sandalet"},"content":{"rendered":"<p>LCW STEPS Bej Bask\u0131l\u0131 Erkek Bebek Sandalet size \u00f6zel indirim, taksit ve kap\u0131da \u00f6deme avantajlar\u0131yla LCW&#8217;de! Hemen online al\u0131\u015fveri\u015f yap, \u00fcr\u00fcn kap\u0131na gelsin! \u2013 S6KI54Z1-ZU5<\/p>\n<p>\u2014 Technical Details \u2014<br \/>\nDesen: 3 Boyutlu<br \/>\nBurun \u015eekli: Yuvarlak Burun<br \/>\nAyakkab\u0131 Kapanma \u015eekli: C\u0131rt C\u0131rt<br \/>\nCinsiyet: Erkek Bebek<br \/>\n\u00dcr\u00fcn Tipi: Sandalet<\/p>\n","protected":false},"excerpt":{"rendered":"<p>LCW STEPS Bej Bask\u0131l\u0131 Erkek Bebek Sandalet size \u00f6zel indirim, taksit ve kap\u0131da \u00f6deme avantajlar\u0131yla LCW&#8217;de! Hemen online al\u0131\u015fveri\u015f yap, \u00fcr\u00fcn kap\u0131na gelsin! \u2013 S6KI54Z1-ZU5 \u2014 Technical Details \u2014 Desen: 3 Boyutlu Burun \u015eekli: Yuvarlak Burun Ayakkab\u0131 Kapanma \u015eekli: C\u0131rt C\u0131rt Cinsiyet: Erkek Bebek \u00dcr\u00fcn Tipi: Sandalet<\/p>\n","protected":false},"featured_media":194991,"comment_status":"open","ping_status":"closed","template":"","meta":[],"product_brand":[],"product_cat":[8694,8697,8700],"product_tag":[12381,9483,12320,9503,9490,12382,10340,12383],"class_list":{"0":"post-194996","1":"product","2":"type-product","3":"status-publish","4":"has-post-thumbnail","6":"product_cat-cocuklar","7":"product_cat-yenidogan-0-12-ay","8":"product_cat-yenidogan-giyim","9":"product_tag-baby-boy-sandals","10":"product_tag-baby-shoes","11":"product_tag-beige-sandals","12":"product_tag-infant-footwear","13":"product_tag-lcw-steps","14":"product_tag-printed-sandals","15":"product_tag-summer-sandals","16":"product_tag-toddler-sandals","17":"pa_brand-lcw-steps","18":"pa_color-bej","19":"pa_size-10715","20":"pa_size-10720","21":"pa_size-10726","22":"pa_size-7851","23":"pa_size-10734","24":"pa_size-7843","25":"pa_size-10735","27":"first","28":"instock","29":"sale","30":"shipping-taxable","31":"purchasable","32":"product-type-variable"},"_links":{"self":[{"href":"https:\/\/mod.wisdar.net\/tr\/wp-json\/wp\/v2\/product\/194996","targetHints":{"allow":["GET"]}}],"collection":[{"href":"https:\/\/mod.wisdar.net\/tr\/wp-json\/wp\/v2\/product"}],"about":[{"href":"https:\/\/mod.wisdar.net\/tr\/wp-json\/wp\/v2\/types\/product"}],"replies":[{"embeddable":true,"href":"https:\/\/mod.wisdar.net\/tr\/wp-json\/wp\/v2\/comments?post=194996"}],"wp:featuredmedia":[{"embeddable":true,"href":"https:\/\/mod.wisdar.net\/tr\/wp-json\/wp\/v2\/media\/194991"}],"wp:attachment":[{"href":"https:\/\/mod.wisdar.net\/tr\/wp-json\/wp\/v2\/media?parent=194996"}],"wp:term":[{"taxonomy":"product_brand","embeddable":true,"href":"https:\/\/mod.wisdar.net\/tr\/wp-json\/wp\/v2\/product_brand?post=194996"},{"taxonomy":"product_cat","embeddable":true,"href":"https:\/\/mod.wisdar.net\/tr\/wp-json\/wp\/v2\/product_cat?post=194996"},{"taxonomy":"product_tag","embeddable":true,"href":"https:\/\/mod.wisdar.net\/tr\/wp-json\/wp\/v2\/product_tag?post=194996"}],"curies":[{"name":"wp","href":"https:\/\/api.w.org\/{rel}","templated":true}]}}