{"id":195042,"date":"2026-04-01T18:14:41","date_gmt":"2026-04-01T18:14:41","guid":{"rendered":"https:\/\/modesthanim.com\/product\/beyaz-bagcik-ve-cirt-cirtli-erkek-bebek-spor-ayakkabi-3\/"},"modified":"2026-04-01T18:14:57","modified_gmt":"2026-04-01T18:14:57","slug":"beyaz-bagcik-ve-cirt-cirtli-erkek-bebek-spor-ayakkabi-3","status":"publish","type":"product","link":"https:\/\/mod.wisdar.net\/tr\/urun\/beyaz-bagcik-ve-cirt-cirtli-erkek-bebek-spor-ayakkabi-3\/","title":{"rendered":"Beyaz Ba\u011fc\u0131k Ve C\u0131rt C\u0131rtl\u0131 Erkek Bebek Spor Ayakkab\u0131"},"content":{"rendered":"<p>LCW STEPS Beyaz Ba\u011fc\u0131k ve C\u0131rt C\u0131rtl\u0131 Erkek Bebek Spor Ayakkab\u0131 size \u00f6zel indirim, taksit ve kap\u0131da \u00f6deme avantajlar\u0131yla LCW&#8217;de! Hemen online al\u0131\u015fveri\u015f yap, \u00fcr\u00fcn kap\u0131na gelsin! \u2013 S6DF43Z1-J5E<\/p>\n<p>\u2014 Technical Details \u2014<br \/>\nSat\u0131c\u0131: LC Waikiki<br \/>\nMarka: LCW STEPS<br \/>\n\u00dcr\u00fcn Tipi: Sneaker<br \/>\nCinsiyet: Erkek Bebek<br \/>\nDesen: Desenli<br \/>\nBurun \u015eekli: Yuvarlak Burun<br \/>\nAyakkab\u0131 Kapanma \u015eekli: Ba\u011fc\u0131k ve C\u0131rt C\u0131rt<\/p>\n","protected":false},"excerpt":{"rendered":"<p>LCW STEPS Beyaz Ba\u011fc\u0131k ve C\u0131rt C\u0131rtl\u0131 Erkek Bebek Spor Ayakkab\u0131 size \u00f6zel indirim, taksit ve kap\u0131da \u00f6deme avantajlar\u0131yla LCW&#8217;de! Hemen online al\u0131\u015fveri\u015f yap, \u00fcr\u00fcn kap\u0131na gelsin! \u2013 S6DF43Z1-J5E \u2014 Technical Details \u2014 Sat\u0131c\u0131: LC Waikiki Marka: LCW STEPS \u00dcr\u00fcn Tipi: Sneaker Cinsiyet: Erkek Bebek Desen: Desenli Burun \u015eekli: Yuvarlak Burun Ayakkab\u0131 Kapanma \u015eekli: Ba\u011fc\u0131k [&hellip;]<\/p>\n","protected":false},"featured_media":195037,"comment_status":"open","ping_status":"closed","template":"","meta":[],"product_brand":[],"product_cat":[8760,8739,8694],"product_tag":[10395,10368,10356,9490,10326,10398,9488],"class_list":{"0":"post-195042","1":"product","2":"type-product","3":"status-publish","4":"has-post-thumbnail","6":"product_cat-ayakkabilar","7":"product_cat-erkek-cocuklar-2-14-yas","8":"product_cat-cocuklar","9":"product_tag-boys-sneakers","10":"product_tag-hook-and-loop","11":"product_tag-lace-up-shoes","12":"product_tag-lcw-steps","13":"product_tag-sports-shoes","14":"product_tag-toddler-footwear","15":"product_tag-white-shoes","16":"pa_brand-lcw-steps","17":"pa_color-beyaz","18":"pa_size-10734","19":"pa_size-7843","20":"pa_size-10735","21":"pa_size-7841","22":"pa_size-7842","23":"pa_size-10738","25":"first","26":"instock","27":"sale","28":"shipping-taxable","29":"purchasable","30":"product-type-variable"},"_links":{"self":[{"href":"https:\/\/mod.wisdar.net\/tr\/wp-json\/wp\/v2\/product\/195042","targetHints":{"allow":["GET"]}}],"collection":[{"href":"https:\/\/mod.wisdar.net\/tr\/wp-json\/wp\/v2\/product"}],"about":[{"href":"https:\/\/mod.wisdar.net\/tr\/wp-json\/wp\/v2\/types\/product"}],"replies":[{"embeddable":true,"href":"https:\/\/mod.wisdar.net\/tr\/wp-json\/wp\/v2\/comments?post=195042"}],"wp:featuredmedia":[{"embeddable":true,"href":"https:\/\/mod.wisdar.net\/tr\/wp-json\/wp\/v2\/media\/195037"}],"wp:attachment":[{"href":"https:\/\/mod.wisdar.net\/tr\/wp-json\/wp\/v2\/media?parent=195042"}],"wp:term":[{"taxonomy":"product_brand","embeddable":true,"href":"https:\/\/mod.wisdar.net\/tr\/wp-json\/wp\/v2\/product_brand?post=195042"},{"taxonomy":"product_cat","embeddable":true,"href":"https:\/\/mod.wisdar.net\/tr\/wp-json\/wp\/v2\/product_cat?post=195042"},{"taxonomy":"product_tag","embeddable":true,"href":"https:\/\/mod.wisdar.net\/tr\/wp-json\/wp\/v2\/product_tag?post=195042"}],"curies":[{"name":"wp","href":"https:\/\/api.w.org\/{rel}","templated":true}]}}