{"id":195086,"date":"2026-04-01T18:15:51","date_gmt":"2026-04-01T18:15:51","guid":{"rendered":"https:\/\/modesthanim.com\/product\/antrasit-bagcik-ve-cirt-cirtli-erkek-bebek-yurume-oncesi-ayakkabi\/"},"modified":"2026-04-01T18:16:08","modified_gmt":"2026-04-01T18:16:08","slug":"antrasit-bagcik-ve-cirt-cirtli-erkek-bebek-yurume-oncesi-ayakkabi","status":"publish","type":"product","link":"https:\/\/mod.wisdar.net\/tr\/urun\/antrasit-bagcik-ve-cirt-cirtli-erkek-bebek-yurume-oncesi-ayakkabi\/","title":{"rendered":"Antrasit Ba\u011fc\u0131k ve C\u0131rt C\u0131rtl\u0131 Erkek Bebek Y\u00fcr\u00fcme \u00d6ncesi Ayakkab\u0131"},"content":{"rendered":"<p>LCW STEPS Antrasit Ba\u011fc\u0131k ve C\u0131rt C\u0131rtl\u0131 Erkek Bebek Y\u00fcr\u00fcme \u00d6ncesi Ayakkab\u0131 size \u00f6zel indirim, taksit ve kap\u0131da \u00f6deme avantajlar\u0131yla LCW&#8217;de! Hemen online al\u0131\u015fveri\u015f yap, \u00fcr\u00fcn kap\u0131na gelsin! \u2013 S6C996Z1-DJS<\/p>\n<p>\u2014 Technical Details \u2014<br \/>\nMen\u015fei: Turk\u0131ye<br \/>\nSat\u0131c\u0131: LC Waikiki<br \/>\nMarka: LCW STEPS<br \/>\n\u00dcr\u00fcn Tipi: Y\u00fcr\u00fcme \u00d6ncesi Ayakkab\u0131<br \/>\nCinsiyet: Erkek Bebek<br \/>\nKuma\u015f: S\u00fcet G\u00f6r\u00fcn\u00fcml\u00fc<br \/>\nDesen: D\u00fcz<br \/>\nBurun \u015eekli: Yuvarlak Burun<br \/>\nAyakkab\u0131 Kapanma \u015eekli: Ba\u011fc\u0131k ve C\u0131rt C\u0131rt<\/p>\n","protected":false},"excerpt":{"rendered":"<p>LCW STEPS Antrasit Ba\u011fc\u0131k ve C\u0131rt C\u0131rtl\u0131 Erkek Bebek Y\u00fcr\u00fcme \u00d6ncesi Ayakkab\u0131 size \u00f6zel indirim, taksit ve kap\u0131da \u00f6deme avantajlar\u0131yla LCW&#8217;de! Hemen online al\u0131\u015fveri\u015f yap, \u00fcr\u00fcn kap\u0131na gelsin! \u2013 S6C996Z1-DJS \u2014 Technical Details \u2014 Men\u015fei: Turk\u0131ye Sat\u0131c\u0131: LC Waikiki Marka: LCW STEPS \u00dcr\u00fcn Tipi: Y\u00fcr\u00fcme \u00d6ncesi Ayakkab\u0131 Cinsiyet: Erkek Bebek Kuma\u015f: S\u00fcet G\u00f6r\u00fcn\u00fcml\u00fc Desen: D\u00fcz [&hellip;]<\/p>\n","protected":false},"featured_media":195081,"comment_status":"open","ping_status":"closed","template":"","meta":[],"product_brand":[],"product_cat":[8694,8697,8700],"product_tag":[9483,9484,3425,12384,9493,6219,10396],"class_list":{"0":"post-195086","1":"product","2":"type-product","3":"status-publish","4":"has-post-thumbnail","6":"product_cat-cocuklar","7":"product_cat-yenidogan-0-12-ay","8":"product_cat-yenidogan-giyim","9":"product_tag-baby-shoes","10":"product_tag-boys-footwear","11":"product_tag-lace-up","12":"product_tag-pre-walking","13":"product_tag-round-toe","14":"product_tag-suede-look","15":"product_tag-velcro","16":"pa_brand-lcw-steps","17":"pa_color-antrasit","18":"pa_size-16-0-3-ay","19":"pa_size-17-3-6-ay","20":"pa_size-18-6-9-ay","21":"pa_size-19-9-12-ay","22":"pa_size-20-12-15-ay","23":"pa_size-21-15-18-ay","25":"first","26":"instock","27":"sale","28":"shipping-taxable","29":"purchasable","30":"product-type-variable"},"_links":{"self":[{"href":"https:\/\/mod.wisdar.net\/tr\/wp-json\/wp\/v2\/product\/195086","targetHints":{"allow":["GET"]}}],"collection":[{"href":"https:\/\/mod.wisdar.net\/tr\/wp-json\/wp\/v2\/product"}],"about":[{"href":"https:\/\/mod.wisdar.net\/tr\/wp-json\/wp\/v2\/types\/product"}],"replies":[{"embeddable":true,"href":"https:\/\/mod.wisdar.net\/tr\/wp-json\/wp\/v2\/comments?post=195086"}],"wp:featuredmedia":[{"embeddable":true,"href":"https:\/\/mod.wisdar.net\/tr\/wp-json\/wp\/v2\/media\/195081"}],"wp:attachment":[{"href":"https:\/\/mod.wisdar.net\/tr\/wp-json\/wp\/v2\/media?parent=195086"}],"wp:term":[{"taxonomy":"product_brand","embeddable":true,"href":"https:\/\/mod.wisdar.net\/tr\/wp-json\/wp\/v2\/product_brand?post=195086"},{"taxonomy":"product_cat","embeddable":true,"href":"https:\/\/mod.wisdar.net\/tr\/wp-json\/wp\/v2\/product_cat?post=195086"},{"taxonomy":"product_tag","embeddable":true,"href":"https:\/\/mod.wisdar.net\/tr\/wp-json\/wp\/v2\/product_tag?post=195086"}],"curies":[{"name":"wp","href":"https:\/\/api.w.org\/{rel}","templated":true}]}}