{"id":195125,"date":"2026-04-01T18:16:59","date_gmt":"2026-04-01T18:16:59","guid":{"rendered":"https:\/\/modesthanim.com\/product\/lale-elbise-takim-antrasit\/"},"modified":"2026-04-04T13:36:17","modified_gmt":"2026-04-04T13:36:17","slug":"lale-elbise-takim-antrasit","status":"publish","type":"product","link":"https:\/\/mod.wisdar.net\/tr\/urun\/lale-elbise-takim-antrasit\/","title":{"rendered":"Lale Elbise Tak\u0131m Antrasit"},"content":{"rendered":"<p>Elbise 1.S\u0131n\u0131f \u0130pek Cupra Kuma\u015ft\u0131r<br \/>\nElbise Kolsuzdur<br \/>\nElbise Arkadan Fermuarl\u0131d\u0131r<br \/>\nCeket Fermuarl\u0131d\u0131r<br \/>\nCeket Etek Ucu \u0130p Ba\u011flama Detayl\u0131d\u0131r<br \/>\nCeket Kol Ucu Lastiklidir<br \/>\nElbise Boy 142cm Omuz 41cm G\u00f6\u011f\u00fcs 54cm<br \/>\nCeket Boy 54cm Omuz 42cm G\u00f6\u011f\u00fcs 55cm<\/p>\n<p>\u2014 Technical Details \u2014<br \/>\nelbise_length_cm: 142<br \/>\nelbise_shoulder_cm: 41<br \/>\nelbise_chest_cm: 54<br \/>\njacket_length_cm: 54<br \/>\njacket_shoulder_cm: 42<br \/>\njacket_chest_cm: 55<\/p>\n","protected":false},"excerpt":{"rendered":"<p>Elbise 1.S\u0131n\u0131f \u0130pek Cupra Kuma\u015ft\u0131r Elbise Kolsuzdur Elbise Arkadan Fermuarl\u0131d\u0131r Ceket Fermuarl\u0131d\u0131r Ceket Etek Ucu \u0130p Ba\u011flama Detayl\u0131d\u0131r Ceket Kol Ucu Lastiklidir Elbise Boy 142cm Omuz 41cm G\u00f6\u011f\u00fcs 54cm Ceket Boy 54cm Omuz 42cm G\u00f6\u011f\u00fcs 55cm \u2014 Technical Details \u2014 elbise_length_cm: 142 elbise_shoulder_cm: 41 elbise_chest_cm: 54 jacket_length_cm: 54 jacket_shoulder_cm: 42 jacket_chest_cm: 55<\/p>\n","protected":false},"featured_media":195123,"comment_status":"open","ping_status":"closed","template":"","meta":[],"product_brand":[],"product_cat":[6249,1933],"product_tag":[8377,8427,6744,7959],"class_list":{"0":"post-195125","1":"product","2":"type-product","3":"status-publish","4":"has-post-thumbnail","6":"product_cat-elbiseler","7":"product_cat-gunluk-ve-gunduz-elbiseleri","8":"product_tag-ceket-takimi","9":"product_tag-gece-elbisesi","10":"product_tag-kadin-modasi","11":"product_tag-resmi-giyim","12":"pa_brand-butikkolik","13":"pa_color-antrasit","14":"pa_size-4711","15":"pa_size-4713","16":"pa_size-4751","17":"pa_size-4749","18":"pa_size-4747","20":"first","21":"instock","22":"sale","23":"shipping-taxable","24":"purchasable","25":"product-type-variable"},"_links":{"self":[{"href":"https:\/\/mod.wisdar.net\/tr\/wp-json\/wp\/v2\/product\/195125","targetHints":{"allow":["GET"]}}],"collection":[{"href":"https:\/\/mod.wisdar.net\/tr\/wp-json\/wp\/v2\/product"}],"about":[{"href":"https:\/\/mod.wisdar.net\/tr\/wp-json\/wp\/v2\/types\/product"}],"replies":[{"embeddable":true,"href":"https:\/\/mod.wisdar.net\/tr\/wp-json\/wp\/v2\/comments?post=195125"}],"wp:featuredmedia":[{"embeddable":true,"href":"https:\/\/mod.wisdar.net\/tr\/wp-json\/wp\/v2\/media\/195123"}],"wp:attachment":[{"href":"https:\/\/mod.wisdar.net\/tr\/wp-json\/wp\/v2\/media?parent=195125"}],"wp:term":[{"taxonomy":"product_brand","embeddable":true,"href":"https:\/\/mod.wisdar.net\/tr\/wp-json\/wp\/v2\/product_brand?post=195125"},{"taxonomy":"product_cat","embeddable":true,"href":"https:\/\/mod.wisdar.net\/tr\/wp-json\/wp\/v2\/product_cat?post=195125"},{"taxonomy":"product_tag","embeddable":true,"href":"https:\/\/mod.wisdar.net\/tr\/wp-json\/wp\/v2\/product_tag?post=195125"}],"curies":[{"name":"wp","href":"https:\/\/api.w.org\/{rel}","templated":true}]}}