{"id":195150,"date":"2026-04-01T18:16:58","date_gmt":"2026-04-01T18:16:58","guid":{"rendered":"https:\/\/modesthanim.com\/product\/lale-elbise-takim-haki\/"},"modified":"2026-04-04T13:25:17","modified_gmt":"2026-04-04T13:25:17","slug":"lale-elbise-takim-haki","status":"publish","type":"product","link":"https:\/\/mod.wisdar.net\/tr\/urun\/lale-elbise-takim-haki\/","title":{"rendered":"Lale Elbise Tak\u0131m Haki"},"content":{"rendered":"<p>Elbise 1.S\u0131n\u0131f \u0130pek Cupra Kuma\u015ft\u0131r<br \/>\nElbise Kolsuzdur<br \/>\nElbise Arkadan Fermuarl\u0131d\u0131r<br \/>\nCeket Fermuarl\u0131d\u0131r<br \/>\nCeket Etek Ucu \u0130p Ba\u011flama Detayl\u0131d\u0131r<br \/>\nCeket Kol Ucu Lastiklidir<br \/>\nElbise Boy 142cm Omuz 41cm G\u00f6\u011f\u00fcs 54cm<br \/>\nCeket Boy 54cm Omuz 42cm G\u00f6\u011f\u00fcs 55cm<\/p>\n","protected":false},"excerpt":{"rendered":"<p>Elbise 1.S\u0131n\u0131f \u0130pek Cupra Kuma\u015ft\u0131r Elbise Kolsuzdur Elbise Arkadan Fermuarl\u0131d\u0131r Ceket Fermuarl\u0131d\u0131r Ceket Etek Ucu \u0130p Ba\u011flama Detayl\u0131d\u0131r Ceket Kol Ucu Lastiklidir Elbise Boy 142cm Omuz 41cm G\u00f6\u011f\u00fcs 54cm Ceket Boy 54cm Omuz 42cm G\u00f6\u011f\u00fcs 55cm<\/p>\n","protected":false},"featured_media":195147,"comment_status":"open","ping_status":"closed","template":"","meta":[],"product_brand":[],"product_cat":[6249,1933],"product_tag":[],"class_list":{"0":"post-195150","1":"product","2":"type-product","3":"status-publish","4":"has-post-thumbnail","6":"product_cat-elbiseler","7":"product_cat-gunluk-ve-gunduz-elbiseleri","8":"pa_brand-butikkolik","9":"pa_color-haki","10":"pa_size-4711","11":"pa_size-4713","12":"pa_size-4751","13":"pa_size-4749","14":"pa_size-4747","16":"first","17":"instock","18":"sale","19":"shipping-taxable","20":"purchasable","21":"product-type-variable"},"_links":{"self":[{"href":"https:\/\/mod.wisdar.net\/tr\/wp-json\/wp\/v2\/product\/195150","targetHints":{"allow":["GET"]}}],"collection":[{"href":"https:\/\/mod.wisdar.net\/tr\/wp-json\/wp\/v2\/product"}],"about":[{"href":"https:\/\/mod.wisdar.net\/tr\/wp-json\/wp\/v2\/types\/product"}],"replies":[{"embeddable":true,"href":"https:\/\/mod.wisdar.net\/tr\/wp-json\/wp\/v2\/comments?post=195150"}],"wp:featuredmedia":[{"embeddable":true,"href":"https:\/\/mod.wisdar.net\/tr\/wp-json\/wp\/v2\/media\/195147"}],"wp:attachment":[{"href":"https:\/\/mod.wisdar.net\/tr\/wp-json\/wp\/v2\/media?parent=195150"}],"wp:term":[{"taxonomy":"product_brand","embeddable":true,"href":"https:\/\/mod.wisdar.net\/tr\/wp-json\/wp\/v2\/product_brand?post=195150"},{"taxonomy":"product_cat","embeddable":true,"href":"https:\/\/mod.wisdar.net\/tr\/wp-json\/wp\/v2\/product_cat?post=195150"},{"taxonomy":"product_tag","embeddable":true,"href":"https:\/\/mod.wisdar.net\/tr\/wp-json\/wp\/v2\/product_tag?post=195150"}],"curies":[{"name":"wp","href":"https:\/\/api.w.org\/{rel}","templated":true}]}}