{"id":195212,"date":"2026-04-01T18:17:57","date_gmt":"2026-04-01T18:17:57","guid":{"rendered":"https:\/\/modesthanim.com\/product\/esin-pantolonlu-takim-siyah\/"},"modified":"2026-04-04T13:44:02","modified_gmt":"2026-04-04T13:44:02","slug":"esin-pantolonlu-takim-siyah","status":"publish","type":"product","link":"https:\/\/mod.wisdar.net\/tr\/urun\/esin-pantolonlu-takim-siyah\/","title":{"rendered":"Esin Pantolonlu Tak\u0131m Siyah"},"content":{"rendered":"<p>Tak\u0131m 1.S\u0131n\u0131f Tensel Kuma\u015ft\u0131r<br \/>\nCeket \u00d6nden \u0130ki D\u00fc\u011fmelidir<br \/>\nCeket Seyyar \u0130p Kemerlidir<br \/>\nPantolon Ceolidir<br \/>\nCeket Boy 80cm Omuz 40cm G\u00f6\u011f\u00fcs 53cm<br \/>\nPantolon Boy 106cm Bel 34cm<\/p>\n","protected":false},"excerpt":{"rendered":"<p>Tak\u0131m 1.S\u0131n\u0131f Tensel Kuma\u015ft\u0131r Ceket \u00d6nden \u0130ki D\u00fc\u011fmelidir Ceket Seyyar \u0130p Kemerlidir Pantolon Ceolidir Ceket Boy 80cm Omuz 40cm G\u00f6\u011f\u00fcs 53cm Pantolon Boy 106cm Bel 34cm<\/p>\n","protected":false},"featured_media":195209,"comment_status":"open","ping_status":"closed","template":"","meta":[],"product_brand":[],"product_cat":[1900],"product_tag":[6908,6754,8374],"class_list":{"0":"post-195212","1":"product","2":"type-product","3":"status-publish","4":"has-post-thumbnail","6":"product_cat-koordinatlar-setler","7":"product_tag-kadin-takim","8":"product_tag-ofis-kiyafeti","9":"product_tag-siyah-takim-elbise","10":"pa_brand-butikkolik","11":"pa_color-siyah","12":"pa_size-4706","13":"pa_size-4711","14":"pa_size-4713","15":"pa_size-4751","16":"pa_size-4749","18":"first","19":"instock","20":"sale","21":"shipping-taxable","22":"purchasable","23":"product-type-variable"},"_links":{"self":[{"href":"https:\/\/mod.wisdar.net\/tr\/wp-json\/wp\/v2\/product\/195212","targetHints":{"allow":["GET"]}}],"collection":[{"href":"https:\/\/mod.wisdar.net\/tr\/wp-json\/wp\/v2\/product"}],"about":[{"href":"https:\/\/mod.wisdar.net\/tr\/wp-json\/wp\/v2\/types\/product"}],"replies":[{"embeddable":true,"href":"https:\/\/mod.wisdar.net\/tr\/wp-json\/wp\/v2\/comments?post=195212"}],"wp:featuredmedia":[{"embeddable":true,"href":"https:\/\/mod.wisdar.net\/tr\/wp-json\/wp\/v2\/media\/195209"}],"wp:attachment":[{"href":"https:\/\/mod.wisdar.net\/tr\/wp-json\/wp\/v2\/media?parent=195212"}],"wp:term":[{"taxonomy":"product_brand","embeddable":true,"href":"https:\/\/mod.wisdar.net\/tr\/wp-json\/wp\/v2\/product_brand?post=195212"},{"taxonomy":"product_cat","embeddable":true,"href":"https:\/\/mod.wisdar.net\/tr\/wp-json\/wp\/v2\/product_cat?post=195212"},{"taxonomy":"product_tag","embeddable":true,"href":"https:\/\/mod.wisdar.net\/tr\/wp-json\/wp\/v2\/product_tag?post=195212"}],"curies":[{"name":"wp","href":"https:\/\/api.w.org\/{rel}","templated":true}]}}