{"id":195245,"date":"2026-04-01T18:18:35","date_gmt":"2026-04-01T18:18:35","guid":{"rendered":"https:\/\/modesthanim.com\/product\/dilek-elbise-haki\/"},"modified":"2026-04-04T13:44:18","modified_gmt":"2026-04-04T13:44:18","slug":"dilek-elbise-haki","status":"publish","type":"product","link":"https:\/\/mod.wisdar.net\/tr\/urun\/dilek-elbise-haki\/","title":{"rendered":"Dilek Elbise Haki"},"content":{"rendered":"<p>Elbise 1.S\u0131n\u0131f Para\u015f\u00fct Ve Oysho Kombine kuma\u015ft\u0131r.<br \/>\nElbise Yakas\u0131 Ve Beli Ayarlanabilir \u0130p Detayl\u0131d\u0131r.<br \/>\nElbise D\u00fc\u015f\u00fck Omuzludur.<br \/>\nElbise Cep Detayl\u0131d\u0131r.<br \/>\nElbise G\u00f6\u011f\u00fcsten Bel e Kadar Fermuarl\u0131d\u0131r.<br \/>\nElbise Boy:133cm.<br \/>\nElbise G\u00f6\u011f\u00fcs:57cm<\/p>\n","protected":false},"excerpt":{"rendered":"<p>Elbise 1.S\u0131n\u0131f Para\u015f\u00fct Ve Oysho Kombine kuma\u015ft\u0131r. Elbise Yakas\u0131 Ve Beli Ayarlanabilir \u0130p Detayl\u0131d\u0131r. Elbise D\u00fc\u015f\u00fck Omuzludur. Elbise Cep Detayl\u0131d\u0131r. Elbise G\u00f6\u011f\u00fcsten Bel e Kadar Fermuarl\u0131d\u0131r. Elbise Boy:133cm. Elbise G\u00f6\u011f\u00fcs:57cm<\/p>\n","protected":false},"featured_media":195239,"comment_status":"open","ping_status":"closed","template":"","meta":[],"product_brand":[],"product_cat":[6249,1933],"product_tag":[8048,8428],"class_list":{"0":"post-195245","1":"product","2":"type-product","3":"status-publish","4":"has-post-thumbnail","6":"product_cat-elbiseler","7":"product_cat-gunluk-ve-gunduz-elbiseleri","8":"product_tag-cep-detayi","9":"product_tag-haki-elbise-2","10":"pa_brand-butikkolik","11":"pa_color-haki","12":"pa_size-1-38-40-42","13":"pa_size-2-42-44-46","15":"first","16":"instock","17":"sale","18":"shipping-taxable","19":"purchasable","20":"product-type-variable"},"_links":{"self":[{"href":"https:\/\/mod.wisdar.net\/tr\/wp-json\/wp\/v2\/product\/195245","targetHints":{"allow":["GET"]}}],"collection":[{"href":"https:\/\/mod.wisdar.net\/tr\/wp-json\/wp\/v2\/product"}],"about":[{"href":"https:\/\/mod.wisdar.net\/tr\/wp-json\/wp\/v2\/types\/product"}],"replies":[{"embeddable":true,"href":"https:\/\/mod.wisdar.net\/tr\/wp-json\/wp\/v2\/comments?post=195245"}],"wp:featuredmedia":[{"embeddable":true,"href":"https:\/\/mod.wisdar.net\/tr\/wp-json\/wp\/v2\/media\/195239"}],"wp:attachment":[{"href":"https:\/\/mod.wisdar.net\/tr\/wp-json\/wp\/v2\/media?parent=195245"}],"wp:term":[{"taxonomy":"product_brand","embeddable":true,"href":"https:\/\/mod.wisdar.net\/tr\/wp-json\/wp\/v2\/product_brand?post=195245"},{"taxonomy":"product_cat","embeddable":true,"href":"https:\/\/mod.wisdar.net\/tr\/wp-json\/wp\/v2\/product_cat?post=195245"},{"taxonomy":"product_tag","embeddable":true,"href":"https:\/\/mod.wisdar.net\/tr\/wp-json\/wp\/v2\/product_tag?post=195245"}],"curies":[{"name":"wp","href":"https:\/\/api.w.org\/{rel}","templated":true}]}}