{"id":195278,"date":"2026-04-01T18:18:50","date_gmt":"2026-04-01T18:18:50","guid":{"rendered":"https:\/\/modesthanim.com\/product\/dilek-elbise-siyah\/"},"modified":"2026-04-15T21:13:25","modified_gmt":"2026-04-15T21:13:25","slug":"dilek-elbise-siyah","status":"publish","type":"product","link":"https:\/\/mod.wisdar.net\/tr\/urun\/dilek-elbise-siyah\/","title":{"rendered":"Dilek Elbise Siyah"},"content":{"rendered":"<p>Elbise 1.S\u0131n\u0131f Para\u015f\u00fct Ve Oysho Kombine kuma\u015ft\u0131r. Elbise Yakas\u0131 Ve Beli Ayarlanabilir \u0130p Detayl\u0131d\u0131r. Elbise D\u00fc\u015f\u00fck Omuzludur. Elbise Cep Detayl\u0131d\u0131r. Elbise G\u00f6\u011f\u00fcsten Bel e Kadar Fermuarl\u0131d\u0131r. Elbise Boy:133cm. Elbise G\u00f6\u011f\u00fcs:57cm<\/p>\n","protected":false},"excerpt":{"rendered":"<p>Elbise 1.S\u0131n\u0131f Para\u015f\u00fct Ve Oysho Kombine kuma\u015ft\u0131r. Elbise Yakas\u0131 Ve Beli Ayarlanabilir \u0130p Detayl\u0131d\u0131r. Elbise D\u00fc\u015f\u00fck Omuzludur. Elbise Cep Detayl\u0131d\u0131r. Elbise G\u00f6\u011f\u00fcsten Bel e Kadar Fermuarl\u0131d\u0131r. Elbise Boy:133cm. Elbise G\u00f6\u011f\u00fcs:57cm<\/p>\n","protected":false},"featured_media":195268,"comment_status":"open","ping_status":"closed","template":"","meta":[],"product_brand":[],"product_cat":[6249,1933],"product_tag":[8427,6744,6937],"class_list":{"0":"post-195278","1":"product","2":"type-product","3":"status-publish","4":"has-post-thumbnail","6":"product_cat-elbiseler","7":"product_cat-gunluk-ve-gunduz-elbiseleri","8":"product_tag-gece-elbisesi","9":"product_tag-kadin-modasi","10":"product_tag-siyah-elbise","11":"pa_brand-butikkolik","12":"pa_color-siyah","13":"pa_size-1-38-40-42","14":"pa_size-2-42-44-46","16":"first","17":"instock","18":"sale","19":"shipping-taxable","20":"purchasable","21":"product-type-variable"},"_links":{"self":[{"href":"https:\/\/mod.wisdar.net\/tr\/wp-json\/wp\/v2\/product\/195278","targetHints":{"allow":["GET"]}}],"collection":[{"href":"https:\/\/mod.wisdar.net\/tr\/wp-json\/wp\/v2\/product"}],"about":[{"href":"https:\/\/mod.wisdar.net\/tr\/wp-json\/wp\/v2\/types\/product"}],"replies":[{"embeddable":true,"href":"https:\/\/mod.wisdar.net\/tr\/wp-json\/wp\/v2\/comments?post=195278"}],"wp:featuredmedia":[{"embeddable":true,"href":"https:\/\/mod.wisdar.net\/tr\/wp-json\/wp\/v2\/media\/195268"}],"wp:attachment":[{"href":"https:\/\/mod.wisdar.net\/tr\/wp-json\/wp\/v2\/media?parent=195278"}],"wp:term":[{"taxonomy":"product_brand","embeddable":true,"href":"https:\/\/mod.wisdar.net\/tr\/wp-json\/wp\/v2\/product_brand?post=195278"},{"taxonomy":"product_cat","embeddable":true,"href":"https:\/\/mod.wisdar.net\/tr\/wp-json\/wp\/v2\/product_cat?post=195278"},{"taxonomy":"product_tag","embeddable":true,"href":"https:\/\/mod.wisdar.net\/tr\/wp-json\/wp\/v2\/product_tag?post=195278"}],"curies":[{"name":"wp","href":"https:\/\/api.w.org\/{rel}","templated":true}]}}