{"id":195301,"date":"2026-04-01T18:19:16","date_gmt":"2026-04-01T18:19:16","guid":{"rendered":"https:\/\/modesthanim.com\/product\/kubra-haki-elbise\/"},"modified":"2026-04-04T13:54:00","modified_gmt":"2026-04-04T13:54:00","slug":"kubra-haki-elbise","status":"publish","type":"product","link":"https:\/\/mod.wisdar.net\/tr\/urun\/kubra-haki-elbise\/","title":{"rendered":"K\u00fcbra Haki Elbise"},"content":{"rendered":"<p>Elbise 1. S\u0131n\u0131f ince denim kuma\u015ftan \u00fcretilmi\u015ftir.<br \/>\nElbise tam boy fermuarl\u0131 tasar\u0131ma sahiptir.<br \/>\nElbise ayarlanabilir kemer ile birlikte gelmektedir.<br \/>\nElbise boyu: 140 cm<br \/>\nOmuz geni\u015fli\u011fi: 37 cm<br \/>\nG\u00f6\u011f\u00fcs \u00f6l\u00e7\u00fcs\u00fc: 51 cm<br \/>\nBel \u00f6l\u00e7\u00fcs\u00fc: 45 cm<\/p>\n","protected":false},"excerpt":{"rendered":"<p>Elbise 1. S\u0131n\u0131f ince denim kuma\u015ftan \u00fcretilmi\u015ftir. Elbise tam boy fermuarl\u0131 tasar\u0131ma sahiptir. Elbise ayarlanabilir kemer ile birlikte gelmektedir. Elbise boyu: 140 cm Omuz geni\u015fli\u011fi: 37 cm G\u00f6\u011f\u00fcs \u00f6l\u00e7\u00fcs\u00fc: 51 cm Bel \u00f6l\u00e7\u00fcs\u00fc: 45 cm<\/p>\n","protected":false},"featured_media":195292,"comment_status":"open","ping_status":"closed","template":"","meta":[],"product_brand":[],"product_cat":[6249,1933],"product_tag":[],"class_list":{"0":"post-195301","1":"product","2":"type-product","3":"status-publish","4":"has-post-thumbnail","6":"product_cat-elbiseler","7":"product_cat-gunluk-ve-gunduz-elbiseleri","8":"pa_brand-butikkolik","9":"pa_color-haki","10":"pa_size-4706","11":"pa_size-4711","12":"pa_size-4713","13":"pa_size-4751","15":"first","16":"instock","17":"sale","18":"shipping-taxable","19":"purchasable","20":"product-type-variable"},"_links":{"self":[{"href":"https:\/\/mod.wisdar.net\/tr\/wp-json\/wp\/v2\/product\/195301","targetHints":{"allow":["GET"]}}],"collection":[{"href":"https:\/\/mod.wisdar.net\/tr\/wp-json\/wp\/v2\/product"}],"about":[{"href":"https:\/\/mod.wisdar.net\/tr\/wp-json\/wp\/v2\/types\/product"}],"replies":[{"embeddable":true,"href":"https:\/\/mod.wisdar.net\/tr\/wp-json\/wp\/v2\/comments?post=195301"}],"wp:featuredmedia":[{"embeddable":true,"href":"https:\/\/mod.wisdar.net\/tr\/wp-json\/wp\/v2\/media\/195292"}],"wp:attachment":[{"href":"https:\/\/mod.wisdar.net\/tr\/wp-json\/wp\/v2\/media?parent=195301"}],"wp:term":[{"taxonomy":"product_brand","embeddable":true,"href":"https:\/\/mod.wisdar.net\/tr\/wp-json\/wp\/v2\/product_brand?post=195301"},{"taxonomy":"product_cat","embeddable":true,"href":"https:\/\/mod.wisdar.net\/tr\/wp-json\/wp\/v2\/product_cat?post=195301"},{"taxonomy":"product_tag","embeddable":true,"href":"https:\/\/mod.wisdar.net\/tr\/wp-json\/wp\/v2\/product_tag?post=195301"}],"curies":[{"name":"wp","href":"https:\/\/api.w.org\/{rel}","templated":true}]}}