{"id":195395,"date":"2026-04-01T18:21:59","date_gmt":"2026-04-01T18:21:59","guid":{"rendered":"https:\/\/modesthanim.com\/product\/mavi-desenli-erkek-bebek-plaj-sandalet\/"},"modified":"2026-04-11T16:01:11","modified_gmt":"2026-04-11T16:01:11","slug":"mavi-desenli-erkek-bebek-plaj-sandalet","status":"publish","type":"product","link":"https:\/\/mod.wisdar.net\/tr\/urun\/mavi-desenli-erkek-bebek-plaj-sandalet\/","title":{"rendered":"Mavi Desenli Erkek Bebek Plaj Sandalet"},"content":{"rendered":"<p>LCW STEPS Mavi Desenli Erkek Bebek Plaj Sandalet size \u00f6zel indirim, taksit ve kap\u0131da \u00f6deme avantajlar\u0131yla LCW&#8217;de! Hemen online al\u0131\u015fveri\u015f yap, \u00fcr\u00fcn kap\u0131na gelsin! \u2013 S6KI50Z1-CRW<\/p>\n<p>\u2014 Technical Details \u2014<br \/>\nDesen: 3 Boyutlu<br \/>\nBurun \u015eekli: Yuvarlak Burun<br \/>\nAyakkab\u0131 Kapanma \u015eekli: Tokal\u0131<br \/>\nCinsiyet: Erkek Bebek<br \/>\n\u00dcr\u00fcn Tipi: Sandalet<\/p>\n","protected":false},"excerpt":{"rendered":"<p>LCW STEPS Mavi Desenli Erkek Bebek Plaj Sandalet size \u00f6zel indirim, taksit ve kap\u0131da \u00f6deme avantajlar\u0131yla LCW&#8217;de! Hemen online al\u0131\u015fveri\u015f yap, \u00fcr\u00fcn kap\u0131na gelsin! \u2013 S6KI50Z1-CRW \u2014 Technical Details \u2014 Desen: 3 Boyutlu Burun \u015eekli: Yuvarlak Burun Ayakkab\u0131 Kapanma \u015eekli: Tokal\u0131 Cinsiyet: Erkek Bebek \u00dcr\u00fcn Tipi: Sandalet<\/p>\n","protected":false},"featured_media":195388,"comment_status":"open","ping_status":"closed","template":"","meta":[],"product_brand":[],"product_cat":[8694,8697,8700],"product_tag":[12318,12371,12392,10359,10340],"class_list":{"0":"post-195395","1":"product","2":"type-product","3":"status-publish","4":"has-post-thumbnail","6":"product_cat-cocuklar","7":"product_cat-yenidogan-0-12-ay","8":"product_cat-yenidogan-giyim","9":"product_tag-baby-sandals","10":"product_tag-beach-footwear","11":"product_tag-boys-shoes-2","12":"product_tag-childrens-footwear","13":"product_tag-summer-sandals","14":"pa_brand-lcw-steps","15":"pa_color-mavi","16":"pa_size-23-24","17":"pa_size-25-26","18":"pa_size-27-28","19":"pa_size-29-30","20":"pa_size-31-32","22":"first","23":"instock","24":"sale","25":"shipping-taxable","26":"purchasable","27":"product-type-variable"},"_links":{"self":[{"href":"https:\/\/mod.wisdar.net\/tr\/wp-json\/wp\/v2\/product\/195395","targetHints":{"allow":["GET"]}}],"collection":[{"href":"https:\/\/mod.wisdar.net\/tr\/wp-json\/wp\/v2\/product"}],"about":[{"href":"https:\/\/mod.wisdar.net\/tr\/wp-json\/wp\/v2\/types\/product"}],"replies":[{"embeddable":true,"href":"https:\/\/mod.wisdar.net\/tr\/wp-json\/wp\/v2\/comments?post=195395"}],"wp:featuredmedia":[{"embeddable":true,"href":"https:\/\/mod.wisdar.net\/tr\/wp-json\/wp\/v2\/media\/195388"}],"wp:attachment":[{"href":"https:\/\/mod.wisdar.net\/tr\/wp-json\/wp\/v2\/media?parent=195395"}],"wp:term":[{"taxonomy":"product_brand","embeddable":true,"href":"https:\/\/mod.wisdar.net\/tr\/wp-json\/wp\/v2\/product_brand?post=195395"},{"taxonomy":"product_cat","embeddable":true,"href":"https:\/\/mod.wisdar.net\/tr\/wp-json\/wp\/v2\/product_cat?post=195395"},{"taxonomy":"product_tag","embeddable":true,"href":"https:\/\/mod.wisdar.net\/tr\/wp-json\/wp\/v2\/product_tag?post=195395"}],"curies":[{"name":"wp","href":"https:\/\/api.w.org\/{rel}","templated":true}]}}