{"id":195470,"date":"2026-04-01T18:23:40","date_gmt":"2026-04-01T18:23:40","guid":{"rendered":"https:\/\/modesthanim.com\/product\/bej-cirt-cirtli-erkek-bebek-ilk-adim-ayakkabisi\/"},"modified":"2026-04-04T16:43:45","modified_gmt":"2026-04-04T16:43:45","slug":"bej-cirt-cirtli-erkek-bebek-ilk-adim-ayakkabisi","status":"publish","type":"product","link":"https:\/\/mod.wisdar.net\/tr\/urun\/bej-cirt-cirtli-erkek-bebek-ilk-adim-ayakkabisi\/","title":{"rendered":"Bej C\u0131rt C\u0131rtl\u0131 Erkek Bebek \u0130lk Ad\u0131m Ayakkab\u0131s\u0131"},"content":{"rendered":"<p>LCW STEPS Bej C\u0131rt C\u0131rtl\u0131 Erkek Bebek \u0130lk Ad\u0131m Ayakkab\u0131s\u0131 size \u00f6zel indirim, taksit ve kap\u0131da \u00f6deme avantajlar\u0131yla LCW&#8217;de! Hemen online al\u0131\u015fveri\u015f yap, \u00fcr\u00fcn kap\u0131na gelsin! \u2013 S6P066Z1-Z6T<\/p>\n<p>\u2014 Technical Details \u2014<br \/>\nDesen: D\u00fcz<br \/>\nBurun \u015eekli: Yuvarlak Burun<br \/>\nAyakkab\u0131 Kapanma \u015eekli: Ba\u011fc\u0131k<\/p>\n","protected":false},"excerpt":{"rendered":"<p>LCW STEPS Bej C\u0131rt C\u0131rtl\u0131 Erkek Bebek \u0130lk Ad\u0131m Ayakkab\u0131s\u0131 size \u00f6zel indirim, taksit ve kap\u0131da \u00f6deme avantajlar\u0131yla LCW&#8217;de! Hemen online al\u0131\u015fveri\u015f yap, \u00fcr\u00fcn kap\u0131na gelsin! \u2013 S6P066Z1-Z6T \u2014 Technical Details \u2014 Desen: D\u00fcz Burun \u015eekli: Yuvarlak Burun Ayakkab\u0131 Kapanma \u015eekli: Ba\u011fc\u0131k<\/p>\n","protected":false},"featured_media":195465,"comment_status":"open","ping_status":"closed","template":"","meta":[],"product_brand":[],"product_cat":[8694,8697,8700],"product_tag":[9483,9501,9484,9499,10403,9486,10398],"class_list":{"0":"post-195470","1":"product","2":"type-product","3":"status-publish","4":"has-post-thumbnail","6":"product_cat-cocuklar","7":"product_cat-yenidogan-0-12-ay","8":"product_cat-yenidogan-giyim","9":"product_tag-baby-shoes","10":"product_tag-beige-shoes","11":"product_tag-boys-footwear","12":"product_tag-first-walkers","13":"product_tag-hook-and-loop-2","14":"product_tag-infant-shoes","15":"product_tag-toddler-footwear","16":"pa_brand-lcw-steps","17":"pa_color-bej","18":"pa_size-16-0-3-ay","19":"pa_size-17-3-6-ay","20":"pa_size-18-6-9-ay","21":"pa_size-19-9-12-ay","22":"pa_size-20-12-15-ay","23":"pa_size-21-15-18-ay","25":"first","26":"instock","27":"sale","28":"shipping-taxable","29":"purchasable","30":"product-type-variable"},"_links":{"self":[{"href":"https:\/\/mod.wisdar.net\/tr\/wp-json\/wp\/v2\/product\/195470","targetHints":{"allow":["GET"]}}],"collection":[{"href":"https:\/\/mod.wisdar.net\/tr\/wp-json\/wp\/v2\/product"}],"about":[{"href":"https:\/\/mod.wisdar.net\/tr\/wp-json\/wp\/v2\/types\/product"}],"replies":[{"embeddable":true,"href":"https:\/\/mod.wisdar.net\/tr\/wp-json\/wp\/v2\/comments?post=195470"}],"wp:featuredmedia":[{"embeddable":true,"href":"https:\/\/mod.wisdar.net\/tr\/wp-json\/wp\/v2\/media\/195465"}],"wp:attachment":[{"href":"https:\/\/mod.wisdar.net\/tr\/wp-json\/wp\/v2\/media?parent=195470"}],"wp:term":[{"taxonomy":"product_brand","embeddable":true,"href":"https:\/\/mod.wisdar.net\/tr\/wp-json\/wp\/v2\/product_brand?post=195470"},{"taxonomy":"product_cat","embeddable":true,"href":"https:\/\/mod.wisdar.net\/tr\/wp-json\/wp\/v2\/product_cat?post=195470"},{"taxonomy":"product_tag","embeddable":true,"href":"https:\/\/mod.wisdar.net\/tr\/wp-json\/wp\/v2\/product_tag?post=195470"}],"curies":[{"name":"wp","href":"https:\/\/api.w.org\/{rel}","templated":true}]}}