{"id":195516,"date":"2026-04-01T18:25:37","date_gmt":"2026-04-01T18:25:37","guid":{"rendered":"https:\/\/modesthanim.com\/product\/boys-kopekbaligi-desenli-20-24-numara-sandalet-beyaz\/"},"modified":"2026-04-11T17:02:48","modified_gmt":"2026-04-11T17:02:48","slug":"boys-kopekbaligi-desenli-20-24-numara-sandalet-beyaz","status":"publish","type":"product","link":"https:\/\/mod.wisdar.net\/tr\/urun\/boys-kopekbaligi-desenli-20-24-numara-sandalet-beyaz\/","title":{"rendered":"Boys K\u00f6pekbal\u0131\u011f\u0131 Desenli 20-24 Numara Sandalet \u2013 Beyaz"},"content":{"rendered":"<p>Civil Boys K\u00f6pekbal\u0131\u011f\u0131 Desenli 20-24 Numara Sandalet \u2013 Beyaz size \u00f6zel indirim, taksit ve kap\u0131da \u00f6deme avantajlar\u0131yla LCW&#8217;de! Hemen online al\u0131\u015fveri\u015f yap, \u00fcr\u00fcn kap\u0131na gelsin! \u2013 S000526488-20063<\/p>\n<p>\u2014 Technical Details \u2014<br \/>\ngtin13: 8684794200697<br \/>\ngender: Erkek Bebek<br \/>\nproduct_type: Sandalet<br \/>\nseller: Civil<\/p>\n","protected":false},"excerpt":{"rendered":"<p>Civil Boys K\u00f6pekbal\u0131\u011f\u0131 Desenli 20-24 Numara Sandalet \u2013 Beyaz size \u00f6zel indirim, taksit ve kap\u0131da \u00f6deme avantajlar\u0131yla LCW&#8217;de! Hemen online<\/p>\n","protected":false},"featured_media":195512,"comment_status":"open","ping_status":"closed","template":"","meta":[],"product_brand":[],"product_cat":[12977],"product_tag":[],"class_list":{"0":"post-195516","1":"product","2":"type-product","3":"status-publish","4":"has-post-thumbnail","6":"product_cat-accessories-men","7":"pa_brand-civil","8":"pa_size-22-23-2","9":"pa_size-24-25","11":"first","12":"instock","13":"sale","14":"shipping-taxable","15":"purchasable","16":"product-type-variable"},"_links":{"self":[{"href":"https:\/\/mod.wisdar.net\/tr\/wp-json\/wp\/v2\/product\/195516","targetHints":{"allow":["GET"]}}],"collection":[{"href":"https:\/\/mod.wisdar.net\/tr\/wp-json\/wp\/v2\/product"}],"about":[{"href":"https:\/\/mod.wisdar.net\/tr\/wp-json\/wp\/v2\/types\/product"}],"replies":[{"embeddable":true,"href":"https:\/\/mod.wisdar.net\/tr\/wp-json\/wp\/v2\/comments?post=195516"}],"version-history":[{"count":0,"href":"https:\/\/mod.wisdar.net\/tr\/wp-json\/wp\/v2\/product\/195516\/revisions"}],"wp:featuredmedia":[{"embeddable":true,"href":"https:\/\/mod.wisdar.net\/tr\/wp-json\/wp\/v2\/media\/195512"}],"wp:attachment":[{"href":"https:\/\/mod.wisdar.net\/tr\/wp-json\/wp\/v2\/media?parent=195516"}],"wp:term":[{"taxonomy":"product_brand","embeddable":true,"href":"https:\/\/mod.wisdar.net\/tr\/wp-json\/wp\/v2\/product_brand?post=195516"},{"taxonomy":"product_cat","embeddable":true,"href":"https:\/\/mod.wisdar.net\/tr\/wp-json\/wp\/v2\/product_cat?post=195516"},{"taxonomy":"product_tag","embeddable":true,"href":"https:\/\/mod.wisdar.net\/tr\/wp-json\/wp\/v2\/product_tag?post=195516"}],"curies":[{"name":"wp","href":"https:\/\/api.w.org\/{rel}","templated":true}]}}