{"id":195579,"date":"2026-04-01T18:27:09","date_gmt":"2026-04-01T18:27:09","guid":{"rendered":"https:\/\/modesthanim.com\/product\/bej-mickey-mouse-baskili-erkek-bebek-spor-ayakkabi\/"},"modified":"2026-04-11T17:42:09","modified_gmt":"2026-04-11T17:42:09","slug":"bej-mickey-mouse-baskili-erkek-bebek-spor-ayakkabi","status":"publish","type":"product","link":"https:\/\/mod.wisdar.net\/tr\/urun\/bej-mickey-mouse-baskili-erkek-bebek-spor-ayakkabi\/","title":{"rendered":"Bej Mickey Mouse Bask\u0131l\u0131 Erkek Bebek Spor Ayakkab\u0131"},"content":{"rendered":"<p>LCW STEPS Bej Mickey Mouse Bask\u0131l\u0131 Erkek Bebek Spor Ayakkab\u0131 size \u00f6zel indirim, taksit ve kap\u0131da \u00f6deme avantajlar\u0131yla LCW&#8217;de! Hemen online al\u0131\u015fveri\u015f yap, \u00fcr\u00fcn kap\u0131na gelsin! \u2013 S6GQ15Z1-Z6J<\/p>\n<p>\u2014 Technical Details \u2014<br \/>\nMen\u015fei: Turk\u0131ye<br \/>\nSat\u0131c\u0131: LC Waikiki<br \/>\nMarka: LCW STEPS<br \/>\n\u00dcr\u00fcn Tipi: Sneaker<br \/>\nCinsiyet: Erkek Bebek<br \/>\nKuma\u015f: Suni Deri<br \/>\nDesen: Bask\u0131l\u0131<br \/>\nLisans: Mickey Mouse<br \/>\nBurun \u015eekli: Yuvarlak Burun<br \/>\nAyakkab\u0131 Kapanma \u015eekli: Ba\u011fc\u0131k ve C\u0131rt C\u0131rt<\/p>\n","protected":false},"excerpt":{"rendered":"<p>LCW STEPS Bej Mickey Mouse Bask\u0131l\u0131 Erkek Bebek Spor Ayakkab\u0131 size \u00f6zel indirim, taksit ve kap\u0131da \u00f6deme avantajlar\u0131yla LCW&#8217;de! Hemen online al\u0131\u015fveri\u015f yap, \u00fcr\u00fcn kap\u0131na gelsin! \u2013 S6GQ15Z1-Z6J \u2014 Technical Details \u2014 Men\u015fei: Turk\u0131ye Sat\u0131c\u0131: LC Waikiki Marka: LCW STEPS \u00dcr\u00fcn Tipi: Sneaker Cinsiyet: Erkek Bebek Kuma\u015f: Suni Deri Desen: Bask\u0131l\u0131 Lisans: Mickey Mouse Burun [&hellip;]<\/p>\n","protected":false},"featured_media":195570,"comment_status":"open","ping_status":"closed","template":"","meta":[],"product_brand":[],"product_cat":[8694,8697,8700],"product_tag":[8022,7100],"class_list":{"0":"post-195579","1":"product","2":"type-product","3":"status-publish","4":"has-post-thumbnail","6":"product_cat-cocuklar","7":"product_cat-yenidogan-0-12-ay","8":"product_cat-yenidogan-giyim","9":"product_tag-baskili-2","10":"product_tag-suni-deri-2","11":"pa_brand-lcw-steps","12":"pa_color-bej","13":"pa_size-10715","14":"pa_size-10720","15":"pa_size-10726","16":"pa_size-7851","17":"pa_size-10734","18":"pa_size-7843","19":"pa_size-10735","21":"first","22":"instock","23":"sale","24":"shipping-taxable","25":"purchasable","26":"product-type-variable"},"_links":{"self":[{"href":"https:\/\/mod.wisdar.net\/tr\/wp-json\/wp\/v2\/product\/195579","targetHints":{"allow":["GET"]}}],"collection":[{"href":"https:\/\/mod.wisdar.net\/tr\/wp-json\/wp\/v2\/product"}],"about":[{"href":"https:\/\/mod.wisdar.net\/tr\/wp-json\/wp\/v2\/types\/product"}],"replies":[{"embeddable":true,"href":"https:\/\/mod.wisdar.net\/tr\/wp-json\/wp\/v2\/comments?post=195579"}],"wp:featuredmedia":[{"embeddable":true,"href":"https:\/\/mod.wisdar.net\/tr\/wp-json\/wp\/v2\/media\/195570"}],"wp:attachment":[{"href":"https:\/\/mod.wisdar.net\/tr\/wp-json\/wp\/v2\/media?parent=195579"}],"wp:term":[{"taxonomy":"product_brand","embeddable":true,"href":"https:\/\/mod.wisdar.net\/tr\/wp-json\/wp\/v2\/product_brand?post=195579"},{"taxonomy":"product_cat","embeddable":true,"href":"https:\/\/mod.wisdar.net\/tr\/wp-json\/wp\/v2\/product_cat?post=195579"},{"taxonomy":"product_tag","embeddable":true,"href":"https:\/\/mod.wisdar.net\/tr\/wp-json\/wp\/v2\/product_tag?post=195579"}],"curies":[{"name":"wp","href":"https:\/\/api.w.org\/{rel}","templated":true}]}}