{"id":195588,"date":"2026-04-01T18:27:06","date_gmt":"2026-04-01T18:27:06","guid":{"rendered":"https:\/\/modesthanim.com\/product\/haki-dinozor-desenli-erkek-bebek-sandalet\/"},"modified":"2026-04-01T18:27:50","modified_gmt":"2026-04-01T18:27:50","slug":"haki-dinozor-desenli-erkek-bebek-sandalet","status":"publish","type":"product","link":"https:\/\/mod.wisdar.net\/tr\/urun\/haki-dinozor-desenli-erkek-bebek-sandalet\/","title":{"rendered":"Haki Dinozor Desenli Erkek Bebek Sandalet"},"content":{"rendered":"<p>LCW STEPS Haki Dinozor Desenli Erkek Bebek Sandalet size \u00f6zel indirim, taksit ve kap\u0131da \u00f6deme avantajlar\u0131yla LCW&#8217;de! Hemen online al\u0131\u015fveri\u015f yap, \u00fcr\u00fcn kap\u0131na gelsin! \u2013 S6MB56Z1-CRR<\/p>\n<p>\u2014 Technical Details \u2014<br \/>\nDesen: Bask\u0131l\u0131<br \/>\nBurun \u015eekli: Yuvarlak Burun<br \/>\nAyakkab\u0131 Kapanma \u015eekli: C\u0131rt C\u0131rt<\/p>\n","protected":false},"excerpt":{"rendered":"<p>LCW STEPS Haki Dinozor Desenli Erkek Bebek Sandalet size \u00f6zel indirim, taksit ve kap\u0131da \u00f6deme avantajlar\u0131yla LCW&#8217;de! Hemen online al\u0131\u015fveri\u015f yap, \u00fcr\u00fcn kap\u0131na gelsin! \u2013 S6MB56Z1-CRR \u2014 Technical Details \u2014 Desen: Bask\u0131l\u0131 Burun \u015eekli: Yuvarlak Burun Ayakkab\u0131 Kapanma \u015eekli: C\u0131rt C\u0131rt<\/p>\n","protected":false},"featured_media":195572,"comment_status":"open","ping_status":"closed","template":"","meta":[],"product_brand":[],"product_cat":[8694,8697,8700],"product_tag":[8022],"class_list":{"0":"post-195588","1":"product","2":"type-product","3":"status-publish","4":"has-post-thumbnail","6":"product_cat-cocuklar","7":"product_cat-yenidogan-0-12-ay","8":"product_cat-yenidogan-giyim","9":"product_tag-baskili-2","10":"pa_brand-lcw-steps","11":"pa_color-haki","12":"pa_size-10726","13":"pa_size-7851","14":"pa_size-10734","15":"pa_size-7843","16":"pa_size-10735","17":"pa_size-7841","18":"pa_size-7842","19":"pa_size-10738","21":"first","22":"instock","23":"sale","24":"shipping-taxable","25":"purchasable","26":"product-type-variable"},"_links":{"self":[{"href":"https:\/\/mod.wisdar.net\/tr\/wp-json\/wp\/v2\/product\/195588","targetHints":{"allow":["GET"]}}],"collection":[{"href":"https:\/\/mod.wisdar.net\/tr\/wp-json\/wp\/v2\/product"}],"about":[{"href":"https:\/\/mod.wisdar.net\/tr\/wp-json\/wp\/v2\/types\/product"}],"replies":[{"embeddable":true,"href":"https:\/\/mod.wisdar.net\/tr\/wp-json\/wp\/v2\/comments?post=195588"}],"wp:featuredmedia":[{"embeddable":true,"href":"https:\/\/mod.wisdar.net\/tr\/wp-json\/wp\/v2\/media\/195572"}],"wp:attachment":[{"href":"https:\/\/mod.wisdar.net\/tr\/wp-json\/wp\/v2\/media?parent=195588"}],"wp:term":[{"taxonomy":"product_brand","embeddable":true,"href":"https:\/\/mod.wisdar.net\/tr\/wp-json\/wp\/v2\/product_brand?post=195588"},{"taxonomy":"product_cat","embeddable":true,"href":"https:\/\/mod.wisdar.net\/tr\/wp-json\/wp\/v2\/product_cat?post=195588"},{"taxonomy":"product_tag","embeddable":true,"href":"https:\/\/mod.wisdar.net\/tr\/wp-json\/wp\/v2\/product_tag?post=195588"}],"curies":[{"name":"wp","href":"https:\/\/api.w.org\/{rel}","templated":true}]}}