{"id":195652,"date":"2026-04-01T18:28:41","date_gmt":"2026-04-01T18:28:41","guid":{"rendered":"https:\/\/modesthanim.com\/product\/mavi-desenli-erkek-bebek-deniz-ayakkabisi\/"},"modified":"2026-04-01T18:29:16","modified_gmt":"2026-04-01T18:29:16","slug":"mavi-desenli-erkek-bebek-deniz-ayakkabisi","status":"publish","type":"product","link":"https:\/\/mod.wisdar.net\/tr\/urun\/mavi-desenli-erkek-bebek-deniz-ayakkabisi\/","title":{"rendered":"Mavi Desenli Erkek Bebek Deniz Ayakkab\u0131s\u0131"},"content":{"rendered":"<p>LCW STEPS Mavi Desenli Erkek Bebek Deniz Ayakkab\u0131s\u0131 size \u00f6zel indirim, taksit ve kap\u0131da \u00f6deme avantajlar\u0131yla LCW&#8217;de! Hemen online al\u0131\u015fveri\u015f yap, \u00fcr\u00fcn kap\u0131na gelsin! \u2013 S6NN78Z1-HGU<\/p>\n<p>\u2014 Technical Details \u2014<br \/>\n\u00dcr\u00fcn Tipi: Deniz Ayakkab\u0131s\u0131<br \/>\nCinsiyet: Erkek Bebek<br \/>\nDesen: Desenli<\/p>\n","protected":false},"excerpt":{"rendered":"<p>LCW STEPS Mavi Desenli Erkek Bebek Deniz Ayakkab\u0131s\u0131 size \u00f6zel indirim, taksit ve kap\u0131da \u00f6deme avantajlar\u0131yla LCW&#8217;de! Hemen online al\u0131\u015fveri\u015f yap, \u00fcr\u00fcn kap\u0131na gelsin! \u2013 S6NN78Z1-HGU \u2014 Technical Details \u2014 \u00dcr\u00fcn Tipi: Deniz Ayakkab\u0131s\u0131 Cinsiyet: Erkek Bebek Desen: Desenli<\/p>\n","protected":false},"featured_media":195644,"comment_status":"open","ping_status":"closed","template":"","meta":[],"product_brand":[],"product_cat":[8694,8697,8700],"product_tag":[],"class_list":{"0":"post-195652","1":"product","2":"type-product","3":"status-publish","4":"has-post-thumbnail","6":"product_cat-cocuklar","7":"product_cat-yenidogan-0-12-ay","8":"product_cat-yenidogan-giyim","9":"pa_brand-lcw-steps","10":"pa_color-koyu-mavi","11":"pa_size-21-22","12":"pa_size-23-24","13":"pa_size-25-26","14":"pa_size-27-28","15":"pa_size-29-30","16":"pa_size-31-32","18":"first","19":"instock","20":"sale","21":"shipping-taxable","22":"purchasable","23":"product-type-variable"},"_links":{"self":[{"href":"https:\/\/mod.wisdar.net\/tr\/wp-json\/wp\/v2\/product\/195652","targetHints":{"allow":["GET"]}}],"collection":[{"href":"https:\/\/mod.wisdar.net\/tr\/wp-json\/wp\/v2\/product"}],"about":[{"href":"https:\/\/mod.wisdar.net\/tr\/wp-json\/wp\/v2\/types\/product"}],"replies":[{"embeddable":true,"href":"https:\/\/mod.wisdar.net\/tr\/wp-json\/wp\/v2\/comments?post=195652"}],"wp:featuredmedia":[{"embeddable":true,"href":"https:\/\/mod.wisdar.net\/tr\/wp-json\/wp\/v2\/media\/195644"}],"wp:attachment":[{"href":"https:\/\/mod.wisdar.net\/tr\/wp-json\/wp\/v2\/media?parent=195652"}],"wp:term":[{"taxonomy":"product_brand","embeddable":true,"href":"https:\/\/mod.wisdar.net\/tr\/wp-json\/wp\/v2\/product_brand?post=195652"},{"taxonomy":"product_cat","embeddable":true,"href":"https:\/\/mod.wisdar.net\/tr\/wp-json\/wp\/v2\/product_cat?post=195652"},{"taxonomy":"product_tag","embeddable":true,"href":"https:\/\/mod.wisdar.net\/tr\/wp-json\/wp\/v2\/product_tag?post=195652"}],"curies":[{"name":"wp","href":"https:\/\/api.w.org\/{rel}","templated":true}]}}