{"id":195687,"date":"2026-04-01T18:29:20","date_gmt":"2026-04-01T18:29:20","guid":{"rendered":"https:\/\/modesthanim.com\/product\/bej-cirt-cirtli-erkek-bebek-plaj-sandaleti\/"},"modified":"2026-04-01T18:29:56","modified_gmt":"2026-04-01T18:29:56","slug":"bej-cirt-cirtli-erkek-bebek-plaj-sandaleti","status":"publish","type":"product","link":"https:\/\/mod.wisdar.net\/tr\/urun\/bej-cirt-cirtli-erkek-bebek-plaj-sandaleti\/","title":{"rendered":"Bej C\u0131rt C\u0131rtl\u0131 Erkek Bebek Plaj Sandaleti"},"content":{"rendered":"<p>LCW STEPS Bej C\u0131rt C\u0131rtl\u0131 Erkek Bebek Plaj Sandaleti size \u00f6zel indirim, taksit ve kap\u0131da \u00f6deme avantajlar\u0131yla LCW&#8217;de! Hemen online al\u0131\u015fveri\u015f yap, \u00fcr\u00fcn kap\u0131na gelsin! \u2013 S60195Z1-CR8<\/p>\n<p>\u2014 Technical Details \u2014<br \/>\nMen\u015fei: Turk\u0131ye<br \/>\nSat\u0131c\u0131: LC Waikiki<br \/>\nMarka: LCW STEPS<br \/>\n\u00dcr\u00fcn Tipi: Sandalet<br \/>\nCinsiyet: Erkek Bebek<br \/>\nDesen: D\u00fcz<br \/>\nBurun \u015eekli: Yuvarlak Burun<br \/>\nAyakkab\u0131 Kapanma \u015eekli: C\u0131rt C\u0131rt<\/p>\n","protected":false},"excerpt":{"rendered":"<p>LCW STEPS Bej C\u0131rt C\u0131rtl\u0131 Erkek Bebek Plaj Sandaleti size \u00f6zel indirim, taksit ve kap\u0131da \u00f6deme avantajlar\u0131yla LCW&#8217;de! Hemen online al\u0131\u015fveri\u015f yap, \u00fcr\u00fcn kap\u0131na gelsin! \u2013 S60195Z1-CR8 \u2014 Technical Details \u2014 Men\u015fei: Turk\u0131ye Sat\u0131c\u0131: LC Waikiki Marka: LCW STEPS \u00dcr\u00fcn Tipi: Sandalet Cinsiyet: Erkek Bebek Desen: D\u00fcz Burun \u015eekli: Yuvarlak Burun Ayakkab\u0131 Kapanma \u015eekli: C\u0131rt [&hellip;]<\/p>\n","protected":false},"featured_media":195682,"comment_status":"open","ping_status":"closed","template":"","meta":[],"product_brand":[],"product_cat":[8694,8697,8700],"product_tag":[7802],"class_list":{"0":"post-195687","1":"product","2":"type-product","3":"status-publish","4":"has-post-thumbnail","6":"product_cat-cocuklar","7":"product_cat-yenidogan-0-12-ay","8":"product_cat-yenidogan-giyim","9":"product_tag-duz","10":"pa_brand-lcw-steps","11":"pa_color-bej","12":"pa_size-25-26","13":"pa_size-27-28","14":"pa_size-29-30","15":"pa_size-31-32","17":"first","18":"instock","19":"sale","20":"shipping-taxable","21":"purchasable","22":"product-type-variable"},"_links":{"self":[{"href":"https:\/\/mod.wisdar.net\/tr\/wp-json\/wp\/v2\/product\/195687","targetHints":{"allow":["GET"]}}],"collection":[{"href":"https:\/\/mod.wisdar.net\/tr\/wp-json\/wp\/v2\/product"}],"about":[{"href":"https:\/\/mod.wisdar.net\/tr\/wp-json\/wp\/v2\/types\/product"}],"replies":[{"embeddable":true,"href":"https:\/\/mod.wisdar.net\/tr\/wp-json\/wp\/v2\/comments?post=195687"}],"wp:featuredmedia":[{"embeddable":true,"href":"https:\/\/mod.wisdar.net\/tr\/wp-json\/wp\/v2\/media\/195682"}],"wp:attachment":[{"href":"https:\/\/mod.wisdar.net\/tr\/wp-json\/wp\/v2\/media?parent=195687"}],"wp:term":[{"taxonomy":"product_brand","embeddable":true,"href":"https:\/\/mod.wisdar.net\/tr\/wp-json\/wp\/v2\/product_brand?post=195687"},{"taxonomy":"product_cat","embeddable":true,"href":"https:\/\/mod.wisdar.net\/tr\/wp-json\/wp\/v2\/product_cat?post=195687"},{"taxonomy":"product_tag","embeddable":true,"href":"https:\/\/mod.wisdar.net\/tr\/wp-json\/wp\/v2\/product_tag?post=195687"}],"curies":[{"name":"wp","href":"https:\/\/api.w.org\/{rel}","templated":true}]}}