{"id":195869,"date":"2026-04-01T18:33:51","date_gmt":"2026-04-01T18:33:51","guid":{"rendered":"https:\/\/modesthanim.com\/product\/i-cool-babi-b6fx-siyah-erkek-bebek-sandaleti\/"},"modified":"2026-04-01T18:34:41","modified_gmt":"2026-04-01T18:34:41","slug":"i-cool-babi-b6fx-siyah-erkek-bebek-sandaleti","status":"publish","type":"product","link":"https:\/\/mod.wisdar.net\/tr\/urun\/i-cool-babi-b6fx-siyah-erkek-bebek-sandaleti\/","title":{"rendered":"I Cool BAB\u0130.B6FX Siyah Erkek Bebek Sandaleti"},"content":{"rendered":"<p>I Cool BAB\u0130.B6FX Siyah Erkek Bebek Sandaleti, size \u00f6zel indirim, taksit ve kap\u0131da \u00f6deme avantajlar\u0131yla LCW&#8217;de! Hemen online al\u0131\u015fveri\u015f yap\u0131n, \u00fcr\u00fcn kap\u0131n\u0131za gelsin! \u2013 S000527248-19351<\/p>\n","protected":false},"excerpt":{"rendered":"<p>I Cool BAB\u0130.B6FX Siyah Erkek Bebek Sandaleti, size \u00f6zel indirim, taksit ve kap\u0131da \u00f6deme avantajlar\u0131yla LCW&#8217;de! Hemen online al\u0131\u015fveri\u015f yap\u0131n, \u00fcr\u00fcn kap\u0131n\u0131za gelsin! \u2013 S000527248-19351<\/p>\n","protected":false},"featured_media":195861,"comment_status":"open","ping_status":"closed","template":"","meta":[],"product_brand":[],"product_cat":[8760,8739,8694,8697,8700],"product_tag":[10132,12407,12406,12404],"class_list":{"0":"post-195869","1":"product","2":"type-product","3":"status-publish","4":"has-post-thumbnail","6":"product_cat-ayakkabilar","7":"product_cat-erkek-cocuklar-2-14-yas","8":"product_cat-cocuklar","9":"product_cat-yenidogan-0-12-ay","10":"product_cat-yenidogan-giyim","11":"product_tag-erkek-bebek","12":"product_tag-flo","13":"product_tag-i-cool","14":"product_tag-sandalet","15":"pa_brand-i-cool","16":"pa_color-siyah","17":"pa_size-10715","18":"pa_size-10720","19":"pa_size-10726","20":"pa_size-7851","21":"pa_size-10734","23":"first","24":"instock","25":"sale","26":"shipping-taxable","27":"purchasable","28":"product-type-variable"},"_links":{"self":[{"href":"https:\/\/mod.wisdar.net\/tr\/wp-json\/wp\/v2\/product\/195869","targetHints":{"allow":["GET"]}}],"collection":[{"href":"https:\/\/mod.wisdar.net\/tr\/wp-json\/wp\/v2\/product"}],"about":[{"href":"https:\/\/mod.wisdar.net\/tr\/wp-json\/wp\/v2\/types\/product"}],"replies":[{"embeddable":true,"href":"https:\/\/mod.wisdar.net\/tr\/wp-json\/wp\/v2\/comments?post=195869"}],"wp:featuredmedia":[{"embeddable":true,"href":"https:\/\/mod.wisdar.net\/tr\/wp-json\/wp\/v2\/media\/195861"}],"wp:attachment":[{"href":"https:\/\/mod.wisdar.net\/tr\/wp-json\/wp\/v2\/media?parent=195869"}],"wp:term":[{"taxonomy":"product_brand","embeddable":true,"href":"https:\/\/mod.wisdar.net\/tr\/wp-json\/wp\/v2\/product_brand?post=195869"},{"taxonomy":"product_cat","embeddable":true,"href":"https:\/\/mod.wisdar.net\/tr\/wp-json\/wp\/v2\/product_cat?post=195869"},{"taxonomy":"product_tag","embeddable":true,"href":"https:\/\/mod.wisdar.net\/tr\/wp-json\/wp\/v2\/product_tag?post=195869"}],"curies":[{"name":"wp","href":"https:\/\/api.w.org\/{rel}","templated":true}]}}